{"id":69,"date":"2016-05-11T14:04:17","date_gmt":"2016-05-11T18:04:17","guid":{"rendered":"http:\/\/infi.draconis.ufms.br\/?page_id=69"},"modified":"2026-02-05T09:03:33","modified_gmt":"2026-02-05T13:03:33","slug":"fisica-licenciatura","status":"publish","type":"page","link":"https:\/\/infi.ufms.br\/en\/fisica-licenciatura\/","title":{"rendered":"F\u00edsica &#8211; Licenciatura"},"content":{"rendered":"<p align=\"justify\"><span style=\"color: #2c3e50\"><span style=\"font-family: Arial, serif\"><span style=\"font-size: medium\"><b>Dura\u00e7\u00e3o do Curso:<\/b><\/span><\/span><\/span><\/p>\n<ul>\n<li>\n<p align=\"justify\"><span style=\"color: #2c3e50\"><span style=\"font-family: Arial, serif\"><span style=\"font-size: medium\">08 semestres<\/span><\/span><\/span><\/p>\n<\/li>\n<\/ul>\n<p align=\"justify\"><span style=\"color: #2c3e50\"><span style=\"font-family: Arial, serif\"><span style=\"font-size: medium\"><b>Per\u00edodo:<\/b><\/span><\/span><\/span><\/p>\n<ul>\n<li>\n<p align=\"justify\"><span style=\"color: #2c3e50\"><span style=\"font-family: Arial, serif\"><span style=\"font-size: medium\">Curso 2403 &#8211; Noturno<\/span><\/span><\/span><\/p>\n<\/li>\n<li>\n<p align=\"justify\"><span style=\"color: #2c3e50\"><span style=\"font-family: Arial, serif\"><span style=\"font-size: medium\">Curso 240<\/span><\/span><\/span><span style=\"color: #2c3e50\"><span style=\"font-family: Arial, serif\"><span style=\"font-size: medium\">1<\/span><\/span><\/span><span style=\"color: #2c3e50\"><span style=\"font-family: Arial, serif\"><span style=\"font-size: medium\"> &#8211; Integral (matutino, vespertino) <\/span><\/span><\/span><span style=\"color: #2c3e50\"><span style=\"font-family: Arial, serif\"><span style=\"font-size: medium\">&#8211; SEM ENTRADAS DESDE 2019<\/span><\/span><\/span><\/p>\n<\/li>\n<\/ul>\n<p align=\"justify\"><span style=\"color: #2c3e50\"><span style=\"font-family: Arial, serif\"><span style=\"font-size: medium\"><b>Modalidade de Ensino:<\/b><\/span><\/span><\/span><\/p>\n<ul>\n<li>\n<p align=\"justify\"><span style=\"color: #2c3e50\"><span style=\"font-family: Arial, serif\"><span style=\"font-size: medium\">Presencial<\/span><\/span><\/span><\/p>\n<\/li>\n<\/ul>\n<p align=\"justify\"><span style=\"color: #2c3e50\"><span style=\"font-family: Arial, serif\"><span style=\"font-size: medium\"><b>N\u00famero de Vagas:<\/b><\/span><\/span><\/span><\/p>\n<ul>\n<li>\n<p align=\"justify\"><span style=\"color: #2c3e50\"><span style=\"font-family: Arial, serif\"><span style=\"font-size: medium\">35 Vagas<\/span><\/span><\/span><\/p>\n<\/li>\n<\/ul>\n<p align=\"justify\"><span style=\"color: #2c3e50\"><span style=\"font-family: Arial, serif\"><span style=\"font-size: medium\"><b>Mais Informa\u00e7\u00f5es:<\/b><\/span><\/span><\/span><\/p>\n<ul>\n<li>\n<p align=\"justify\"><span style=\"font-size: 12pt\"><span style=\"font-family: Arial, serif\">Dados do Curso: <a href=\"https:\/\/sien.ufms.br\/cursos\/view\/2403#main-content\" target=\"_blank\" rel=\"noopener noreferrer\">2403<\/a><\/span><span style=\"font-family: Arial, serif\">\u00a0<a href=\"https:\/\/sien.ufms.br\/cursos\/view\/2401\" target=\"_blank\" rel=\"noopener noreferrer\">2401<\/a><\/span><\/span><\/p>\n<\/li>\n<li>\n<p align=\"justify\"><span style=\"font-size: 12pt\"><span style=\"font-family: Arial, serif\"><a href=\"https:\/\/sien.ufms.br\/cursos\/docentes\/2403#main-content\" target=\"_blank\" rel=\"noopener\">Docentes<\/a>\u00a0<\/span><\/span><\/p>\n<\/li>\n<li>\n<p align=\"justify\"><span style=\"font-size: 12pt\"><a href=\"https:\/\/infi.ufms.br\/files\/2026\/01\/PPC-2403-Licenciatura.pdf\"><span style=\"font-family: Arial, serif\">Projeto Pedag\u00f3gico<\/span><\/a><\/span><\/p>\n<\/li>\n<li>\n<p align=\"justify\"><span style=\"font-size: 12pt\"><span style=\"font-family: Arial, serif\">Grade Curricular: <a href=\"https:\/\/sien.ufms.br\/cursos\/grade\/2403#main-content\" target=\"_blank\" rel=\"noopener noreferrer\">2403<\/a><\/span><span style=\"color: #ff0000\"><span style=\"font-family: Arial, serif\">\u00a0<\/span><\/span><a href=\"https:\/\/sien.ufms.br\/cursos\/grade\/2401#main-content\" target=\"_blank\" rel=\"noopener noreferrer\"><span style=\"font-family: Arial, serif\">2401<\/span><\/a><\/span><\/p>\n<\/li>\n<li>\n<p align=\"justify\"><span style=\"font-size: 12pt\"><span style=\"font-family: Arial, serif\">Mapa de Pr\u00e9-requisitos: <a href=\"https:\/\/drive.google.com\/open?id=1SEBacDpRmY1INvcOoacdrLWeSqXkT5NO\" target=\"_blank\" rel=\"noopener noreferrer\">2403<\/a><\/span><span style=\"color: #ff0000\"><span style=\"font-family: Arial, serif\">\u00a0<\/span><\/span><a href=\"https:\/\/drive.google.com\/open?id=1UgpFlkdY41g4zNnQgoGZ8d0JMq659sfi\" target=\"_blank\" rel=\"noopener noreferrer\"><span style=\"font-family: Arial, serif\">2401<\/span><\/a><\/span><\/p>\n<\/li>\n<li>\n<p align=\"justify\"><span style=\"font-family: arial, helvetica, sans-serif;font-size: 12pt\"><a href=\"https:\/\/infi.ufms.br\/files\/2025\/03\/Portfolio-de-Curso-Fisica-Licenciatura.pdf\">Portf\u00f3lio do Curso<\/a><\/span><\/p>\n<\/li>\n<li>\n<p align=\"justify\"><span style=\"font-size: 12pt\"><a title=\"Plano de A\u00e7\u00e3o do Coordenador de Curso\" href=\"https:\/\/boletimoficial.ufms.br\/bse\/publicacao?id=540367\"><span style=\"font-family: arial, helvetica, sans-serif\">Plano de A\u00e7\u00e3o do Coordenador de Curso<\/span><\/a><\/span><\/p>\n<\/li>\n<li>\n<p align=\"justify\"><span style=\"font-size: 12pt\"><a href=\"https:\/\/infi.ufms.br\/csa\/\"><span style=\"font-family: Arial, serif\">Avalia\u00e7\u00e3o Institucional<\/span><\/a><\/span><\/p>\n<\/li>\n<li>\n<p align=\"justify\"><span style=\"font-family: arial, helvetica, sans-serif;font-size: 12pt\"><a href=\"https:\/\/boletimoficial.ufms.br\/bse\/publicacao?id=551943\">Relat\u00f3rio de Autoavalia\u00e7\u00e3o do Curso<\/a><\/span><\/p>\n<\/li>\n<li>\n<p align=\"justify\"><span style=\"font-family: arial, helvetica, sans-serif;font-size: 12pt\"><a href=\"https:\/\/boletimoficial.ufms.br\/bse\/publicacao?id=551944\">Relat\u00f3rio da Coordena\u00e7\u00e3o de Curso<\/a><\/span><\/p>\n<\/li>\n<li>\n<p align=\"justify\"><span style=\"font-size: 12pt\"><a href=\"https:\/\/infi.ufms.br\/fisica-licenciatura\/regulamentos-licenciatura\/\"><span style=\"font-family: Arial, serif\">Resolu\u00e7\u00f5es e Regulamentos<\/span><\/a><\/span><\/p>\n<\/li>\n<li>\n<p align=\"justify\"><span style=\"font-size: 12pt\"><a href=\"https:\/\/infi.ufms.br\/colegiado-nde-licenciatura\/\"><span style=\"font-family: Arial, serif\">Colegiado de Curso, NDE e COE<\/span><\/a><\/span><\/p>\n<\/li>\n<li>\n<p align=\"justify\"><span style=\"font-size: 12pt\"><a href=\"https:\/\/infi.ufms.br\/horarios-das-disciplinas\/\"><span style=\"font-family: Arial, serif\">Hor\u00e1rio de Aula<\/span><\/a><\/span><\/p>\n<\/li>\n<li><span style=\"font-family: arial, helvetica, sans-serif;font-size: 12pt\"><a href=\"https:\/\/infi.ufms.br\/files\/2025\/02\/Fisica_Licenciatura_Manual_do_TCC.docx\">Manual para reda\u00e7\u00e3o do TCC<\/a><\/span><\/li>\n<\/ul>\n<p>&nbsp;<\/p>\n<p align=\"justify\"><span style=\"color: #2c3e50\"><span style=\"font-family: Arial, serif\"><span style=\"font-size: medium\"><b>Forma de ingresso:<\/b><\/span><\/span><\/span><\/p>\n<p align=\"justify\"><span style=\"color: #2c3e50\"><span style=\"font-family: Arial, serif\"><span style=\"font-size: medium\">O ingresso ocorre mediante Sistema Unificado de Sele\u00e7\u00e3o (SiSU) baseado no desempenho do Exame Nacional do Ensino M\u00e9dio (ENEM) e por Vestibular; movimenta\u00e7\u00e3o interna, transfer\u00eancias de outras IES e portadores de diplomas de curso de gradua\u00e7\u00e3o em n\u00edvel superior, na exist\u00eancia de vaga; e transfer\u00eancia compuls\u00f3ria.<\/span><\/span><\/span><\/p>\n<p align=\"justify\"><span style=\"color: #2c3e50\"><span style=\"font-family: Arial, serif\"><span style=\"font-size: medium\"><b>Objetivos do Curso:<\/b><\/span><\/span><\/span><\/p>\n<ul>\n<li>\n<p align=\"justify\"><span style=\"color: #2c3e50\"><span style=\"font-family: Arial, serif\"><span style=\"font-size: medium\">Permitir aos ingressantes desenvolver seu potencial;<\/span><\/span><\/span><\/p>\n<\/li>\n<li>\n<p align=\"justify\"><span style=\"color: #2c3e50\"><span style=\"font-family: Arial, serif\"><span style=\"font-size: medium\">Apresentar os conte\u00fados de forma a possibilitar a constru\u00e7\u00e3o de significados pelos alunos;<\/span><\/span><\/span><\/p>\n<\/li>\n<li>\n<p align=\"justify\"><span style=\"color: #2c3e50\"><span style=\"font-family: Arial, serif\"><span style=\"font-size: medium\">Criar um ambiente academicamente estimulante;<\/span><\/span><\/span><\/p>\n<\/li>\n<li>\n<p align=\"justify\"><span style=\"color: #2c3e50\"><span style=\"font-family: Arial, serif\"><span style=\"font-size: medium\">Formar profissionais engajados com a educa\u00e7\u00e3o;<\/span><\/span><\/span><\/p>\n<\/li>\n<li>\n<p align=\"justify\"><span style=\"color: #2c3e50\"><span style=\"font-family: Arial, serif\"><span style=\"font-size: medium\">Formar cidad\u00e3os com a capacidade de compreens\u00e3o e de interven\u00e7\u00e3o nas diferentes realidades sociais;<\/span><\/span><\/span><\/p>\n<\/li>\n<li>\n<p align=\"justify\"><span style=\"color: #2c3e50\"><span style=\"font-family: Arial, serif\"><span style=\"font-size: medium\">Formar intelectuais engajados com o processo de transforma\u00e7\u00e3o social;<\/span><\/span><\/span><\/p>\n<\/li>\n<li>\n<p align=\"justify\"><span style=\"color: #2c3e50\"><span style=\"font-family: Arial, serif\"><span style=\"font-size: medium\">Formar intelectuais que atuem eticamente;<\/span><\/span><\/span><\/p>\n<\/li>\n<li>\n<p align=\"justify\"><span style=\"color: #2c3e50\"><span style=\"font-family: Arial, serif\"><span style=\"font-size: medium\">Formar pessoas que sejam capazes de construir seu percurso no mundo.<\/span><\/span><\/span><\/p>\n<\/li>\n<\/ul>\n<p align=\"justify\"><span style=\"color: #2c3e50\"><span style=\"font-family: Arial, serif\"><span style=\"font-size: medium\"><b>Profiss\u00e3o:<\/b><\/span><\/span><\/span><\/p>\n<ul>\n<li>\n<p align=\"justify\"><span style=\"color: #2c3e50\"><span style=\"font-family: Arial, serif\"><span style=\"font-size: medium\">Licenciado em F\u00edsica (Professor)<\/span><\/span><\/span><\/p>\n<\/li>\n<\/ul>\n<p align=\"justify\"><span style=\"color: #2c3e50\"><span style=\"font-family: Arial, serif\"><span style=\"font-size: medium\"><b>Atividades inerentes:<\/b><\/span><\/span><\/span><\/p>\n<p align=\"justify\"><span style=\"color: #2c3e50\"><span style=\"font-family: Arial, serif\"><span style=\"font-size: medium\">O egresso do curso de F\u00edsica Licenciatura dever\u00e1 ser um profissional com as seguintes caracter\u00edsticas:<\/span><\/span><\/span><\/p>\n<ul>\n<li>\n<p align=\"justify\"><span style=\"color: #2c3e50\"><span style=\"font-family: Arial, serif\"><span style=\"font-size: medium\">Ter amplo conhecimento dos conceitos ligados \u00e0 F\u00edsica, das Leis que relacionam estes conceitos e das linguagens que podem ser utilizadas para descrever o mundo f\u00edsico;<\/span><\/span><\/span><\/p>\n<\/li>\n<li>\n<p align=\"justify\"><span style=\"color: #2c3e50\"><span style=\"font-family: Arial, serif\"><span style=\"font-size: medium\">Dominar as diferentes abordagens ao ensino de F\u00edsica, as diferentes metodologias, conhecendo seus limites de validade e situa\u00e7\u00f5es de aplica\u00e7\u00e3o;<\/span><\/span><\/span><\/p>\n<\/li>\n<li>\n<p align=\"justify\"><span style=\"color: #2c3e50\"><span style=\"font-family: Arial, serif\"><span style=\"font-size: medium\">Ser capaz de realizar a leitura sociopol\u00edtica dos espa\u00e7os nos quais atua; <\/span><\/span><\/span><\/p>\n<\/li>\n<li>\n<p align=\"justify\"><span style=\"color: #2c3e50\"><span style=\"font-family: Arial, serif\"><span style=\"font-size: medium\">Compreender o funcionamento da escola, tendo a capacidade de intervir nesta din\u00e2mica;<\/span><\/span><\/span><\/p>\n<\/li>\n<li>\n<p align=\"justify\"><span style=\"color: #2c3e50\"><span style=\"font-family: Arial, serif\"><span style=\"font-size: medium\">Ter amplo conhecimento dos processos de desenvolvimento dos seus alunos e relacion\u00e1-los com o ensino de F\u00edsica, elaborando estrat\u00e9gias que levem em conta os diferentes n\u00edveis de desenvolvimento de seus alunos;<\/span><\/span><\/span><\/p>\n<\/li>\n<li>\n<p align=\"justify\"><span style=\"color: #2c3e50\"><span style=\"font-family: Arial, serif\"><span style=\"font-size: medium\">Ser um cidad\u00e3o ativo em sua comunidade; <\/span><\/span><\/span><\/p>\n<\/li>\n<li>\n<p align=\"justify\"><span style=\"color: #2c3e50\"><span style=\"font-family: Arial, serif\"><span style=\"font-size: medium\">Ser capaz de identificar e gerir conflitos no espa\u00e7o escolar.<\/span><\/span><\/span><\/p>\n<\/li>\n<\/ul>\n<p>&nbsp;<\/p>\n<p align=\"justify\"><span style=\"color: #2c3e50\"><span style=\"font-family: Arial, serif\"><span style=\"font-size: medium\"><b>\u00c1reas de Atua\u00e7\u00e3o e Exerc\u00edcio Profissional:<\/b><\/span><\/span><\/span><\/p>\n<p align=\"justify\"><span style=\"color: #2c3e50\"><span style=\"font-family: Arial, serif\"><span style=\"font-size: medium\">A Licenciatura em F\u00edsica se destina principalmente a formar profissionis para atuarem como professores na educa\u00e7\u00e3o b\u00e1sica. O licenciado em F\u00edsica tamb\u00e9m poder\u00e1 atuar em pesquisas nas \u00e1reas de Educa\u00e7\u00e3o e Ensino.<\/span><\/span><\/span><\/p>\n<p align=\"justify\"><span style=\"color: #2c3e50\"><span style=\"font-family: Arial, serif\"><span style=\"font-size: medium\"><b>Forma\u00e7\u00e3o:<\/b><\/span><\/span><\/span><\/p>\n<ul>\n<li>\n<p align=\"justify\"><span style=\"color: #2c3e50\"><span style=\"font-family: Arial, serif\"><span style=\"font-size: medium\">Licenciado<\/span><\/span><\/span><span style=\"color: #2c3e50\"><span style=\"font-family: Arial, serif\"><span style=\"font-size: medium\"> em F\u00edsica.<\/span><\/span><\/span><\/p>\n<\/li>\n<\/ul>\n<p>&nbsp;<\/p>\n<p align=\"justify\"><span style=\"color: #2c3e50\"><span style=\"font-family: Arial, serif\"><span style=\"font-size: medium\"><b>Coordenador<\/b><\/span><\/span><\/span><\/p>\n<p align=\"justify\">Vinicius Buscioli Capistrano<\/p>\n<p align=\"justify\"><a href=\"mailto:vinicius.capistrano@ufms.br\" target=\"_blank\" rel=\"noopener noreferrer\">vinicius.capistrano@ufms.br<\/a><\/p>\n","protected":false},"excerpt":{"rendered":"<p>Dura\u00e7\u00e3o do Curso: 08 semestres Per\u00edodo: Curso 2403 &#8211; Noturno Curso 2401 &#8211; Integral (matutino, vespertino) &#8211; SEM ENTRADAS DESDE 2019 Modalidade de Ensino: Presencial N\u00famero de Vagas: 35 Vagas [&hellip;]<\/p>\n","protected":false},"author":52,"featured_media":0,"parent":0,"menu_order":0,"comment_status":"closed","ping_status":"closed","template":"","meta":{"ngg_post_thumbnail":0,"footnotes":""},"coauthors":[58],"class_list":["post-69","page","type-page","status-publish","hentry"],"_links":{"self":[{"href":"https:\/\/infi.ufms.br\/en\/wp-json\/wp\/v2\/pages\/69","targetHints":{"allow":["GET"]}}],"collection":[{"href":"https:\/\/infi.ufms.br\/en\/wp-json\/wp\/v2\/pages"}],"about":[{"href":"https:\/\/infi.ufms.br\/en\/wp-json\/wp\/v2\/types\/page"}],"author":[{"embeddable":true,"href":"https:\/\/infi.ufms.br\/en\/wp-json\/wp\/v2\/users\/52"}],"replies":[{"embeddable":true,"href":"https:\/\/infi.ufms.br\/en\/wp-json\/wp\/v2\/comments?post=69"}],"version-history":[{"count":53,"href":"https:\/\/infi.ufms.br\/en\/wp-json\/wp\/v2\/pages\/69\/revisions"}],"predecessor-version":[{"id":5144,"href":"https:\/\/infi.ufms.br\/en\/wp-json\/wp\/v2\/pages\/69\/revisions\/5144"}],"wp:attachment":[{"href":"https:\/\/infi.ufms.br\/en\/wp-json\/wp\/v2\/media?parent=69"}],"wp:term":[{"taxonomy":"author","embeddable":true,"href":"https:\/\/infi.ufms.br\/en\/wp-json\/wp\/v2\/coauthors?post=69"}],"curies":[{"name":"wp","href":"https:\/\/api.w.org\/{rel}","templated":true}]}}