{"id":66,"date":"2016-05-11T13:56:52","date_gmt":"2016-05-11T17:56:52","guid":{"rendered":"http:\/\/infi.draconis.ufms.br\/?page_id=66"},"modified":"2026-02-05T09:21:22","modified_gmt":"2026-02-05T13:21:22","slug":"fisica-bacharelado","status":"publish","type":"page","link":"https:\/\/infi.ufms.br\/en\/fisica-bacharelado\/","title":{"rendered":"F\u00edsica &#8211; Bacharelado"},"content":{"rendered":"<p><b>Dura\u00e7\u00e3o do Curso:<\/b><\/p>\n<ul>\n<li style=\"font-weight: 400\"><span style=\"font-weight: 400\">08 semestres<\/span><\/li>\n<\/ul>\n<p><b>Per\u00edodo:<\/b><\/p>\n<ul>\n<li><b><span style=\"font-weight: 400\">Curso 2402 &#8211; Integral (matutino, vespertino)<\/span><\/b><\/li>\n<\/ul>\n<p><b>Modalidade de Ensino:<\/b><\/p>\n<ul>\n<li style=\"font-weight: 400\"><span style=\"font-weight: 400\">Presencial<\/span><\/li>\n<\/ul>\n<p><b>N\u00famero de Vagas:<\/b><\/p>\n<ul>\n<li style=\"font-weight: 400\"><span style=\"font-weight: 400\">35 Vagas<\/span><\/li>\n<\/ul>\n<p><b>Mais Informa\u00e7\u00f5es:<\/b><\/p>\n<ul>\n<li><a href=\"https:\/\/infi.ufms.br\/files\/2024\/09\/Portfolio_Curso_de_Fisica_Bacharelado.pdf\">Portf\u00f3lio<\/a><\/li>\n<li style=\"font-weight: 400\"><a href=\"https:\/\/sien.ufms.br\/cursos\/view\/2402#main-content\" target=\"_blank\" rel=\"noopener noreferrer\"><span style=\"font-weight: 400\">Dados do Curso<\/span><\/a><\/li>\n<li style=\"font-weight: 400\"><a href=\"https:\/\/sien.ufms.br\/cursos\/docentes\/2402#main-content\" target=\"_blank\" rel=\"noopener noreferrer\"><span style=\"font-weight: 400\">Docentes<\/span><\/a><\/li>\n<li style=\"font-weight: 400\"><a href=\"https:\/\/infi.ufms.br\/files\/2026\/01\/PPC-2402-Bacharelado.pdf\" target=\"_blank\" rel=\"noopener noreferrer\">Projeto Pedag\u00f3gico<\/a><\/li>\n<li style=\"font-weight: 400\"><a href=\"https:\/\/sien.ufms.br\/cursos\/grade\/2402#main-content\" target=\"_blank\" rel=\"noopener noreferrer\"><span style=\"font-weight: 400\">Estrutura Curricular<\/span><\/a><\/li>\n<li style=\"font-weight: 400\"><a href=\"https:\/\/infi.ufms.br\/files\/2024\/09\/pre_requisitos_fisbac.pdf\" target=\"_blank\" rel=\"noopener noreferrer\"><span style=\"font-weight: 400\">Mapa de Pr\u00e9-requisitos<\/span><\/a><\/li>\n<li style=\"font-weight: 400\"><a href=\"https:\/\/infi.ufms.br\/fisica-bacharelado\/regulamentos-bacharelado\/\"><span style=\"font-weight: 400\">Resolu\u00e7\u00f5es e Regulamentos<\/span><\/a><\/li>\n<li style=\"font-weight: 400\"><a href=\"https:\/\/infi.ufms.br\/fisica-bacharelado\/colegiado-nde-bacharelado\/\"><span style=\"font-weight: 400\">Colegiado de Curso e NDE<\/span><\/a><\/li>\n<li><a href=\"https:\/\/infi.ufms.br\/horarios-das-disciplinas\/\">Hor\u00e1rio Aula<\/a><\/li>\n<\/ul>\n<p><b>Forma de ingresso:<\/b><\/p>\n<p><span style=\"font-weight: 400\">O ingresso ocorre mediante Sistema Unificado de Sele\u00e7\u00e3o (SiSU) baseado no desempenho do Exame Nacional do Ensino M\u00e9dio (ENEM) e por Vestibular; movimenta\u00e7\u00e3o interna, transfer\u00eancias de outras IES e portadores de diplomas de curso de gradua\u00e7\u00e3o em n\u00edvel superior, na exist\u00eancia de vaga; e transfer\u00eancia compuls\u00f3ria.<\/span><\/p>\n<p><b>Objetivos do Curso:<\/b><\/p>\n<ul>\n<li style=\"font-weight: 400\"><span style=\"font-weight: 400\">O curso de Bacharelado em F\u00edsica visa formar profissionais com conhecimentos s\u00f3lidos e atualizados em F\u00edsica, inclusive em conex\u00e3o com outras \u00e1reas do saber, capaz de contribuir para o desenvolvimento cient\u00edfico e\/ou tecnol\u00f3gico da humanidade.<\/span><\/li>\n<\/ul>\n<p><b>Profiss\u00e3o:<\/b><\/p>\n<ul>\n<li style=\"font-weight: 400\"><span style=\"font-weight: 400\">F\u00edsico<\/span><\/li>\n<\/ul>\n<p><b>Atividades inerentes:<\/b><\/p>\n<p><span style=\"font-weight: 400\">O Bacharelado deve preparar o estudante para ingressar em cursos de p\u00f3s-gradua\u00e7\u00e3o em f\u00edsica ou \u00e1reas afins (biof\u00edsica, engenharias, geof\u00edsica etc.) ou para trabalhar na ind\u00fastria, em hospitais, em institui\u00e7\u00f5es de pesquisa etc. Ao final do curso o bacharel em F\u00edsica dever\u00e1 estar apto a:<\/span><\/p>\n<ul>\n<li style=\"font-weight: 400\"><span style=\"font-weight: 400\">Elaborar e desenvolver projetos de estudo\/pesquisa;<\/span><\/li>\n<li style=\"font-weight: 400\"><span style=\"font-weight: 400\">Redigir textos cient\u00edficos\/t\u00e9cnicos para divulga\u00e7\u00e3o;<\/span><\/li>\n<li style=\"font-weight: 400\"><span style=\"font-weight: 400\">Apresentar semin\u00e1rios\/palestras.<\/span><\/li>\n<\/ul>\n<p><b>\u00c1reas de Atua\u00e7\u00e3o e Exerc\u00edcio Profissional:<\/b><\/p>\n<p><span style=\"font-weight: 400\">O bacharel destina-se preferencialmente \u00e0 pesquisa, b\u00e1sica ou aplicada, em universidades e centros de pesquisa. Pode tamb\u00e9m dedicar-se ao desenvolvimento de equipamentos e processos em diversas \u00e1reas aplicadas &#8211; telecomunica\u00e7\u00f5es, ac\u00fastica, termodin\u00e2mica de motores, metrologia, ci\u00eancia dos materiais, microeletr\u00f4nica e inform\u00e1tica. Pode ainda utilizar o instrumental (te\u00f3rico e\/ou experimental) da F\u00edsica em conex\u00e3o com outras \u00e1reas do saber, como, por exemplo, F\u00edsica M\u00e9dica, Oceanografia, Meteorologia, Geof\u00edsica, Biof\u00edsica, Qu\u00edmica, Ci\u00eancia Ambiental, Comunica\u00e7\u00e3o, Economia, Administra\u00e7\u00e3o e incont\u00e1veis outros campos.<\/span><\/p>\n<p><b>Forma\u00e7\u00e3o:<\/b><\/p>\n<ul>\n<li style=\"font-weight: 400\"><span style=\"font-weight: 400\">Bacharel em F\u00edsica.<\/span><\/li>\n<\/ul>\n<p><b>Coordenador<\/b><\/p>\n<p align=\"justify\">Marcus Vinicius Monteiro Varanis<\/p>\n<p><strong>E-mail:<\/strong>\u00a0 marcus.varanis@ufms.br<\/p>\n<p align=\"justify\"><strong>Telefone:<\/strong> (67) 3345-7033<\/p>\n<p>&nbsp;<\/p>\n","protected":false},"excerpt":{"rendered":"<p>Dura\u00e7\u00e3o do Curso: 08 semestres Per\u00edodo: Curso 2402 &#8211; Integral (matutino, vespertino) Modalidade de Ensino: Presencial N\u00famero de Vagas: 35 Vagas Mais Informa\u00e7\u00f5es: Portf\u00f3lio Dados do Curso Docentes Projeto Pedag\u00f3gico [&hellip;]<\/p>\n","protected":false},"author":52,"featured_media":0,"parent":0,"menu_order":0,"comment_status":"closed","ping_status":"closed","template":"","meta":{"ngg_post_thumbnail":0,"footnotes":""},"coauthors":[58],"class_list":["post-66","page","type-page","status-publish","hentry"],"_links":{"self":[{"href":"https:\/\/infi.ufms.br\/en\/wp-json\/wp\/v2\/pages\/66","targetHints":{"allow":["GET"]}}],"collection":[{"href":"https:\/\/infi.ufms.br\/en\/wp-json\/wp\/v2\/pages"}],"about":[{"href":"https:\/\/infi.ufms.br\/en\/wp-json\/wp\/v2\/types\/page"}],"author":[{"embeddable":true,"href":"https:\/\/infi.ufms.br\/en\/wp-json\/wp\/v2\/users\/52"}],"replies":[{"embeddable":true,"href":"https:\/\/infi.ufms.br\/en\/wp-json\/wp\/v2\/comments?post=66"}],"version-history":[{"count":39,"href":"https:\/\/infi.ufms.br\/en\/wp-json\/wp\/v2\/pages\/66\/revisions"}],"predecessor-version":[{"id":5199,"href":"https:\/\/infi.ufms.br\/en\/wp-json\/wp\/v2\/pages\/66\/revisions\/5199"}],"wp:attachment":[{"href":"https:\/\/infi.ufms.br\/en\/wp-json\/wp\/v2\/media?parent=66"}],"wp:term":[{"taxonomy":"author","embeddable":true,"href":"https:\/\/infi.ufms.br\/en\/wp-json\/wp\/v2\/coauthors?post=66"}],"curies":[{"name":"wp","href":"https:\/\/api.w.org\/{rel}","templated":true}]}}