{"id":6,"date":"2016-05-10T19:42:58","date_gmt":"2016-05-10T19:42:58","guid":{"rendered":"http:\/\/infi.draconis.ufms.br\/?page_id=6"},"modified":"2026-02-04T15:37:20","modified_gmt":"2026-02-04T19:37:20","slug":"pagina-inicial","status":"publish","type":"page","link":"https:\/\/infi.ufms.br\/en\/","title":{"rendered":"Instru\u00e7\u00f5es para apresenta\u00e7\u00e3o de relat\u00f3rios"},"content":{"rendered":"<p>Click para ler as instru\u00e7\u00f5es<\/p>\n<p><a href=\"https:\/\/drive.google.com\/file\/d\/17e29t6ZYOJ1nPOfwTXcCeKp0aBhmUe6Q\/view\" target=\"_blank\" rel=\"noopener\">Click Aqui!<\/a><\/p>\n","protected":false},"excerpt":{"rendered":"<p>Click para ler as instru\u00e7\u00f5es Click Aqui!<\/p>\n","protected":false},"author":52,"featured_media":0,"parent":1998,"menu_order":0,"comment_status":"closed","ping_status":"closed","template":"page-templates\/page-home.php","meta":{"ngg_post_thumbnail":0,"footnotes":""},"coauthors":[58],"class_list":["post-6","page","type-page","status-publish","hentry"],"_links":{"self":[{"href":"https:\/\/infi.ufms.br\/en\/wp-json\/wp\/v2\/pages\/6","targetHints":{"allow":["GET"]}}],"collection":[{"href":"https:\/\/infi.ufms.br\/en\/wp-json\/wp\/v2\/pages"}],"about":[{"href":"https:\/\/infi.ufms.br\/en\/wp-json\/wp\/v2\/types\/page"}],"author":[{"embeddable":true,"href":"https:\/\/infi.ufms.br\/en\/wp-json\/wp\/v2\/users\/52"}],"replies":[{"embeddable":true,"href":"https:\/\/infi.ufms.br\/en\/wp-json\/wp\/v2\/comments?post=6"}],"version-history":[{"count":7,"href":"https:\/\/infi.ufms.br\/en\/wp-json\/wp\/v2\/pages\/6\/revisions"}],"predecessor-version":[{"id":5184,"href":"https:\/\/infi.ufms.br\/en\/wp-json\/wp\/v2\/pages\/6\/revisions\/5184"}],"up":[{"embeddable":true,"href":"https:\/\/infi.ufms.br\/en\/wp-json\/wp\/v2\/pages\/1998"}],"wp:attachment":[{"href":"https:\/\/infi.ufms.br\/en\/wp-json\/wp\/v2\/media?parent=6"}],"wp:term":[{"taxonomy":"author","embeddable":true,"href":"https:\/\/infi.ufms.br\/en\/wp-json\/wp\/v2\/coauthors?post=6"}],"curies":[{"name":"wp","href":"https:\/\/api.w.org\/{rel}","templated":true}]}}