{"id":54,"date":"2016-05-10T16:46:51","date_gmt":"2016-05-10T20:46:51","guid":{"rendered":"http:\/\/infi.draconis.ufms.br\/?page_id=54"},"modified":"2023-09-22T15:45:25","modified_gmt":"2023-09-22T19:45:25","slug":"contato","status":"publish","type":"page","link":"https:\/\/infi.ufms.br\/en\/contato\/","title":{"rendered":"Contato"},"content":{"rendered":"<p>O <strong>Instituto de F\u00edsica<\/strong> \u00e9 vinculado \u00e0 Universidade Federal de Mato Grosso do Sul (<strong>UFMS<\/strong>) e sua administra\u00e7\u00e3o est\u00e1 localizada na <strong>Unidade 5<\/strong>, no campus de <strong>Campo Grande&nbsp;&#8211; MS<\/strong>.<\/p>\n<p><strong>Contatos:<\/strong><\/p>\n<p>(67)3345-7481 \/ coac.infi@ufms.br (COAC) \u2013 T\u00e1ssia<\/p>\n<p>(67)3345-7485 \/ coad.infi@ufms.br (SECAD) \u2013 Osmar ou Douglas<\/p>\n[gmap-embed id=&#8221;3594&#8243;]\n<div id=\"gtx-trans\">\n<div class=\"gtx-trans-icon\">&nbsp;<\/div>\n<\/div>\n","protected":false},"excerpt":{"rendered":"<p>O Instituto de F\u00edsica \u00e9 vinculado \u00e0 Universidade Federal de Mato Grosso do Sul (UFMS) e sua administra\u00e7\u00e3o est\u00e1 localizada na Unidade 5, no campus de Campo Grande&nbsp;&#8211; MS. Contatos: [&hellip;]<\/p>\n","protected":false},"author":52,"featured_media":0,"parent":0,"menu_order":0,"comment_status":"closed","ping_status":"closed","template":"","meta":{"ngg_post_thumbnail":0,"footnotes":""},"coauthors":[],"class_list":["post-54","page","type-page","status-publish","hentry"],"_links":{"self":[{"href":"https:\/\/infi.ufms.br\/en\/wp-json\/wp\/v2\/pages\/54","targetHints":{"allow":["GET"]}}],"collection":[{"href":"https:\/\/infi.ufms.br\/en\/wp-json\/wp\/v2\/pages"}],"about":[{"href":"https:\/\/infi.ufms.br\/en\/wp-json\/wp\/v2\/types\/page"}],"author":[{"embeddable":true,"href":"https:\/\/infi.ufms.br\/en\/wp-json\/wp\/v2\/users\/52"}],"replies":[{"embeddable":true,"href":"https:\/\/infi.ufms.br\/en\/wp-json\/wp\/v2\/comments?post=54"}],"version-history":[{"count":32,"href":"https:\/\/infi.ufms.br\/en\/wp-json\/wp\/v2\/pages\/54\/revisions"}],"predecessor-version":[{"id":4469,"href":"https:\/\/infi.ufms.br\/en\/wp-json\/wp\/v2\/pages\/54\/revisions\/4469"}],"wp:attachment":[{"href":"https:\/\/infi.ufms.br\/en\/wp-json\/wp\/v2\/media?parent=54"}],"wp:term":[{"taxonomy":"author","embeddable":true,"href":"https:\/\/infi.ufms.br\/en\/wp-json\/wp\/v2\/coauthors?post=54"}],"curies":[{"name":"wp","href":"https:\/\/api.w.org\/{rel}","templated":true}]}}