{"id":532,"date":"2017-01-23T13:20:42","date_gmt":"2017-01-23T17:20:42","guid":{"rendered":"https:\/\/infi.ufms.br\/?page_id=532"},"modified":"2017-03-09T10:40:48","modified_gmt":"2017-03-09T14:40:48","slug":"identificacao-do-programa","status":"publish","type":"page","link":"https:\/\/infi.ufms.br\/en\/doutoradoec\/identificacao-do-programa\/","title":{"rendered":"Identifica\u00e7\u00e3o do Programa"},"content":{"rendered":"<p><strong>Nome do Programa<\/strong><br \/>\nPrograma de P\u00f3s-gradua\u00e7\u00e3o em Ensino de Ci\u00eancias \u2013 N\u00edvel Doutorado.<\/p>\n<p><strong>Modalidade<\/strong><br \/>\nAcad\u00eamico<\/p>\n<p><strong>Conceito CAPES<\/strong><br \/>\n4<\/p>\n<p><strong>\u00c1reas de Concentra\u00e7\u00e3o<\/strong><br \/>\nEnsino de Ci\u00eancias Naturais<\/p>\n<p>Educa\u00e7\u00e3o Ambiental<\/p>\n<p><strong>Per\u00edodo de Sele\u00e7\u00e3o<\/strong><br \/>\nA ser divulgado via Edital.<\/p>\n<p><strong>Data de In\u00edcio<\/strong><br \/>\nMar\u00e7o de 2017<\/p>\n<p>&nbsp;<\/p>\n<p><strong>Linhas de Pesquisa\u00a0<\/strong><\/p>\n<p>A constru\u00e7\u00e3o do conhecimento em Ci\u00eancias<br \/>\nForma\u00e7\u00e3o de Professores de Ci\u00eancias<br \/>\nEduca\u00e7\u00e3o Ambiental<\/p>\n<p>&nbsp;<br \/>\n<strong>P\u00fablico Alvo<\/strong><br \/>\nProfessores de F\u00edsica, Qu\u00edmica, Biologia, Pedagogia e \u00e1reas afins.<\/p>\n<p><strong>Local de Desenvolvimento das Atividades<\/strong><br \/>\nCampo Grande \u2013 Mato Grosso do Sul<\/p>\n<p><strong>Dias de Desenvolvimento das Atividades<\/strong><br \/>\nQuintas e sextas-feiras, podendo haver atividade aos s\u00e1bados.<\/p>\n<p><strong>Coordenadora do Programa<\/strong><br \/>\nDra.\u00a0Shirley Takeco Gobara<\/p>\n<p><strong>Endere\u00e7o para Correspond\u00eancia<\/strong><br \/>\nSecretaria do Programa de P\u00f3s-gradua\u00e7\u00e3o em Ensino de Ci\u00eancias<br \/>\nInstituto de F\u00edsica \u2013 UFMS<br \/>\nCampo Grande \u2013 Mato Grosso do Sul \u2013 CP 549 \u2013 CEP 70070-900<\/p>\n<p><strong>Telefone de Contato<\/strong><br \/>\n(67) 3345-7752<\/p>\n<p><strong>Email:<\/strong><br \/>\n<a href=\"mailto:doutoradoec.infi@ufms.br\" target=\"_blank\">doutoradoec.infi@ufms.br<\/a><\/p>\n","protected":false},"excerpt":{"rendered":"<p>Nome do Programa Programa de P\u00f3s-gradua\u00e7\u00e3o em Ensino de Ci\u00eancias \u2013 N\u00edvel Doutorado. Modalidade Acad\u00eamico Conceito CAPES 4 \u00c1reas de Concentra\u00e7\u00e3o Ensino de Ci\u00eancias Naturais Educa\u00e7\u00e3o Ambiental Per\u00edodo de Sele\u00e7\u00e3o [&hellip;]<\/p>\n","protected":false},"author":651,"featured_media":0,"parent":199,"menu_order":0,"comment_status":"closed","ping_status":"closed","template":"","meta":{"ngg_post_thumbnail":0,"footnotes":""},"coauthors":[],"class_list":["post-532","page","type-page","status-publish","hentry"],"_links":{"self":[{"href":"https:\/\/infi.ufms.br\/en\/wp-json\/wp\/v2\/pages\/532","targetHints":{"allow":["GET"]}}],"collection":[{"href":"https:\/\/infi.ufms.br\/en\/wp-json\/wp\/v2\/pages"}],"about":[{"href":"https:\/\/infi.ufms.br\/en\/wp-json\/wp\/v2\/types\/page"}],"author":[{"embeddable":true,"href":"https:\/\/infi.ufms.br\/en\/wp-json\/wp\/v2\/users\/651"}],"replies":[{"embeddable":true,"href":"https:\/\/infi.ufms.br\/en\/wp-json\/wp\/v2\/comments?post=532"}],"version-history":[{"count":4,"href":"https:\/\/infi.ufms.br\/en\/wp-json\/wp\/v2\/pages\/532\/revisions"}],"predecessor-version":[{"id":791,"href":"https:\/\/infi.ufms.br\/en\/wp-json\/wp\/v2\/pages\/532\/revisions\/791"}],"up":[{"embeddable":true,"href":"https:\/\/infi.ufms.br\/en\/wp-json\/wp\/v2\/pages\/199"}],"wp:attachment":[{"href":"https:\/\/infi.ufms.br\/en\/wp-json\/wp\/v2\/media?parent=532"}],"wp:term":[{"taxonomy":"author","embeddable":true,"href":"https:\/\/infi.ufms.br\/en\/wp-json\/wp\/v2\/coauthors?post=532"}],"curies":[{"name":"wp","href":"https:\/\/api.w.org\/{rel}","templated":true}]}}