{"id":5185,"date":"2026-02-04T15:42:47","date_gmt":"2026-02-04T19:42:47","guid":{"rendered":"https:\/\/infi.ufms.br\/?page_id=5185"},"modified":"2026-02-04T15:42:47","modified_gmt":"2026-02-04T19:42:47","slug":"instrucoes-para-a-apresentacao-de-relatorios","status":"publish","type":"page","link":"https:\/\/infi.ufms.br\/en\/laboratorios-didaticos\/lab-fisica\/instrucoes-para-a-apresentacao-de-relatorios\/","title":{"rendered":"Instru\u00e7\u00f5es para a apresenta\u00e7\u00e3o de relat\u00f3rios"},"content":{"rendered":"<p><a href=\"https:\/\/drive.google.com\/file\/d\/17e29t6ZYOJ1nPOfwTXcCeKp0aBhmUe6Q\/view\" target=\"_blank\" rel=\"noopener\">Click aqui para ler as instru\u00e7\u00f5es!<\/a><\/p>\n","protected":false},"excerpt":{"rendered":"<p>Click aqui para ler as instru\u00e7\u00f5es!<\/p>\n","protected":false},"author":3099,"featured_media":0,"parent":2009,"menu_order":0,"comment_status":"closed","ping_status":"closed","template":"","meta":{"ngg_post_thumbnail":0,"footnotes":""},"coauthors":[59],"class_list":["post-5185","page","type-page","status-publish","hentry"],"_links":{"self":[{"href":"https:\/\/infi.ufms.br\/en\/wp-json\/wp\/v2\/pages\/5185","targetHints":{"allow":["GET"]}}],"collection":[{"href":"https:\/\/infi.ufms.br\/en\/wp-json\/wp\/v2\/pages"}],"about":[{"href":"https:\/\/infi.ufms.br\/en\/wp-json\/wp\/v2\/types\/page"}],"author":[{"embeddable":true,"href":"https:\/\/infi.ufms.br\/en\/wp-json\/wp\/v2\/users\/3099"}],"replies":[{"embeddable":true,"href":"https:\/\/infi.ufms.br\/en\/wp-json\/wp\/v2\/comments?post=5185"}],"version-history":[{"count":1,"href":"https:\/\/infi.ufms.br\/en\/wp-json\/wp\/v2\/pages\/5185\/revisions"}],"predecessor-version":[{"id":5186,"href":"https:\/\/infi.ufms.br\/en\/wp-json\/wp\/v2\/pages\/5185\/revisions\/5186"}],"up":[{"embeddable":true,"href":"https:\/\/infi.ufms.br\/en\/wp-json\/wp\/v2\/pages\/2009"}],"wp:attachment":[{"href":"https:\/\/infi.ufms.br\/en\/wp-json\/wp\/v2\/media?parent=5185"}],"wp:term":[{"taxonomy":"author","embeddable":true,"href":"https:\/\/infi.ufms.br\/en\/wp-json\/wp\/v2\/coauthors?post=5185"}],"curies":[{"name":"wp","href":"https:\/\/api.w.org\/{rel}","templated":true}]}}