{"id":48,"date":"2016-05-10T16:18:38","date_gmt":"2016-05-10T20:18:38","guid":{"rendered":"http:\/\/infi.draconis.ufms.br\/?page_id=48"},"modified":"2023-08-29T23:02:08","modified_gmt":"2023-08-30T03:02:08","slug":"historia-do-infi","status":"publish","type":"page","link":"https:\/\/infi.ufms.br\/en\/historia-do-infi\/","title":{"rendered":"Hist\u00f3ria do INFI"},"content":{"rendered":"<p>O Curso de F\u00edsica foi implantado na Universidade Federal de Mato Grosso do Sul (UFMS) a partir do segundo semestre de 1981, como curso de Licenciatura Curta com Habilita\u00e7\u00e3o em F\u00edsica. Este curso \u00e9 respons\u00e1vel pela forma\u00e7\u00e3o de professores nesta \u00e1rea de conhecimento. O Curso de Bacharelado em F\u00edsica foi implantado no primeiro semestre de 1991. Este curso \u00e9 respons\u00e1vel pela forma\u00e7\u00e3o de pesquisadores, que tamb\u00e9m podem lecionar na \u00e1rea de F\u00edsica nos cursos de n\u00edvel superior. Estes dois cursos e os professores de F\u00edsica constitu\u00edam o Departamento de F\u00edsica da UFMS e que, no decorrer de mais de trinta anos, criaram uma identidade como grupo de professores: os docentes desse departamento tinham autonomia para coordenar as v\u00e1rias disciplinas da F\u00edsica oferecidas a diferentes cursos, refletindo positivamente nas atividades de ensino, pesquisa e extens\u00e3o da UFMS.<\/p>\n<p>Em 2011 o Conselho Universit\u00e1rio da UFMS alterou a estrutura organizacional da universidade extinguindo todos os departamentos. Os professores da F\u00edsica, Matem\u00e1tica, Engenharias etc. ficaram alocados no Centro de Ci\u00eancias Exatas (CCET).<\/p>\n<p>Em 2013 o Conselho Universit\u00e1rio da UFMS extinguiu o CCET e criou v\u00e1rias unidades, entre estas, o Instituto de F\u00edsica (INFI). Este instituto foi criado com 24 docentes e com a responsabilidade da coordena\u00e7\u00e3o dos seguintes cursos no momento de sua institui\u00e7\u00e3o, eram eles: F\u00edsica-Bacharelado, F\u00edsica-Licenciatura e Mestrado em Ensino de Ci\u00eancias. Atualmente o INFI conta tamb\u00e9m com mais um curso de gradua\u00e7\u00e3o em Engenharia F\u00edsica e mais dois programas de p\u00f3s-gradua\u00e7\u00e3o, o Curso de P\u00f3s-gradua\u00e7\u00e3o em Ci\u00eancias dos Materiais, com as modalidades de Mestrado e Doutorado, e o Doutorado em Ensino de Ci\u00eancias.&#8221;<\/p>\n<p>A cria\u00e7\u00e3o do INFI permitiu melhor gest\u00e3o dos assuntos outrora vinculados ao Departamento de F\u00edsica, como, por exemplo, oferecimento de ensino de qualidade nas disciplinas de F\u00edsica, desenvolvimento de pesquisa em F\u00edsica e em \u00e1reas inter-disciplinares, divulga\u00e7\u00e3o de conhecimento cient\u00edfico para a comunidade fora da universidade etc.<\/p>\n<p>\u00c9 importante observar que todas universidades brasileiras que se destacam pelo ensino e pela pesquisa tem a \u00e1rea de F\u00edsica bem desenvolvida e devidamente institucionalizada. Este \u00e9 o caminho natural do Instituto de F\u00edsica da Universidade Federal de Mato Grosso do Sul.<\/p>\n<p><!-- ########## Texto Antigo ########## O Curso de F\u00edsica foi implantado na Universidade Federal de Mato Grosso do Sul (UFMS) a partir do segundo semestre de\u00a01981, como curso de Licenciatura Curta com Habilita\u00e7\u00e3o em F\u00edsica. Este curso \u00e9 respons\u00e1vel pela forma\u00e7\u00e3o de professores nesta \u00e1rea de conhecimento. O Curso de Bacharelado em F\u00edsica foi implantado no primeiro semestre de 1991. Este curso \u00e9 respons\u00e1vel pela forma\u00e7\u00e3o de pesquisadores, que tamb\u00e9m podem lecionar na \u00e1rea de F\u00edsica nos cursos de n\u00edvel superior. Estes dois cursos e os professores de F\u00edsica constitu\u00edam o\u00a0Departamento de F\u00edsica\u00a0da UFMS que, no decorrer de mais de trinta anos criaram uma identidade como grupo de professores: os docentes desse departamento tinham autonomia para coordenar as v\u00e1rias disciplinas da F\u00edsica oferecidas a diferentes cursos, refletindo positivamente nas atividades de ensino, pesquisa e extens\u00e3o da UFMS. Em 2011 o Conselho Universit\u00e1rio da UFMS alterou a estrutura organizacional da universidade extinguindo todos os departamentos. Os professores da F\u00edsica, Matem\u00e1tica, Engenharias, etc, ficaram alocados no Centro de Ci\u00eancias Exatas (CCET). Em 2013 o Conselho Universit\u00e1rio da UFMS extinguiu o CCET e criou v\u00e1rias unidades, entre estas, o\u00a0Instituto de F\u00edsica (INFI). Este instituto foi criado com 24 docentes e com a responsabilidade da coordena\u00e7\u00e3o dos seguintes cursos no momento de sua institui\u00e7\u00e3o, eram eles: F\u00edsica-Bacharelado, F\u00edsica-Licenciatura e Mestrado em Ensino de Ci\u00eancias. E atualmente contando com mais dois programas de p\u00f3s-gradua\u00e7\u00e3o, o Mestrado em Ci\u00eancia dos Materiais e o Doutorado em Ensino de Ci\u00eancias. A cria\u00e7\u00e3o do\u00a0INFI\u00a0permitiu melhor gest\u00e3o dos assuntos outrora vinculados ao Departamento de F\u00edsica, como por exemplo, oferecimento de ensino de qualidade nas disciplinas de F\u00edsica, desenvolvimento de pesquisa em F\u00edsica e em \u00e1reas inter-disciplinares, divulga\u00e7\u00e3o de conhecimento cient\u00edfico para comunidade fora da universidade, etc. \u00c9 importante observar que todas universidades brasileiras que se destacam pelo ensino e pela pesquisa, tem a \u00e1rea de F\u00edsica bem desenvolvida e devidamente institucionalizada. Este \u00e9 o caminho natural do Instituto de F\u00edsica da Universidade Federal de Mato Grosso do Sul.--><\/p>\n","protected":false},"excerpt":{"rendered":"<p>O Curso de F\u00edsica foi implantado na Universidade Federal de Mato Grosso do Sul (UFMS) a partir do segundo semestre de 1981, como curso de Licenciatura Curta com Habilita\u00e7\u00e3o em [&hellip;]<\/p>\n","protected":false},"author":52,"featured_media":0,"parent":0,"menu_order":0,"comment_status":"closed","ping_status":"closed","template":"","meta":{"ngg_post_thumbnail":0,"footnotes":""},"coauthors":[],"class_list":["post-48","page","type-page","status-publish","hentry"],"_links":{"self":[{"href":"https:\/\/infi.ufms.br\/en\/wp-json\/wp\/v2\/pages\/48","targetHints":{"allow":["GET"]}}],"collection":[{"href":"https:\/\/infi.ufms.br\/en\/wp-json\/wp\/v2\/pages"}],"about":[{"href":"https:\/\/infi.ufms.br\/en\/wp-json\/wp\/v2\/types\/page"}],"author":[{"embeddable":true,"href":"https:\/\/infi.ufms.br\/en\/wp-json\/wp\/v2\/users\/52"}],"replies":[{"embeddable":true,"href":"https:\/\/infi.ufms.br\/en\/wp-json\/wp\/v2\/comments?post=48"}],"version-history":[{"count":7,"href":"https:\/\/infi.ufms.br\/en\/wp-json\/wp\/v2\/pages\/48\/revisions"}],"predecessor-version":[{"id":217,"href":"https:\/\/infi.ufms.br\/en\/wp-json\/wp\/v2\/pages\/48\/revisions\/217"}],"wp:attachment":[{"href":"https:\/\/infi.ufms.br\/en\/wp-json\/wp\/v2\/media?parent=48"}],"wp:term":[{"taxonomy":"author","embeddable":true,"href":"https:\/\/infi.ufms.br\/en\/wp-json\/wp\/v2\/coauthors?post=48"}],"curies":[{"name":"wp","href":"https:\/\/api.w.org\/{rel}","templated":true}]}}