{"id":4539,"date":"2024-06-04T09:19:10","date_gmt":"2024-06-04T13:19:10","guid":{"rendered":"https:\/\/infi.ufms.br\/?page_id=4539"},"modified":"2024-12-16T08:16:56","modified_gmt":"2024-12-16T12:16:56","slug":"programa-de-gestao-e-desempenho","status":"publish","type":"page","link":"https:\/\/infi.ufms.br\/en\/programa-de-gestao-e-desempenho\/","title":{"rendered":"Programa de Gest\u00e3o e Desempenho"},"content":{"rendered":"<p>O Programa de Gest\u00e3o e Desempenho \u2013 PGD \u00e9 instrumento de gest\u00e3o que disciplina o desenvolvimento e a mensura\u00e7\u00e3o das atividades realizadas pelos seus participantes, com foco na entrega por resultados e na qualidade dos servi\u00e7os prestados \u00e0 sociedade.<\/p>\n<p><a href=\"https:\/\/infi.ufms.br\/files\/2024\/06\/465.pdf\" target=\"_blank\" rel=\"noopener\">RESOLU\u00c7\u00c3O N\u00ba 465-CD\/UFMS, DE 20 DE MAR\u00c7O DE 2024. &#8211; Institui o Programa de Gest\u00e3o de Desempenho<\/a><\/p>\n<p><a href=\"https:\/\/boletimoficial.ufms.br\/bse\/publicacao?id=543357\" target=\"_blank\" rel=\"noopener\">RESOLU\u00c7\u00c3O N\u00ba 478-CAS\/INFI\/UFMS, DE 05 DE DEZEMBRO DE 2024<\/a><\/p>\n<p><a href=\"https:\/\/boletimoficial.ufms.br\/bse\/publicacao?id=543436\" target=\"_blank\" rel=\"noopener\">EDITAL N\u00ba 6\/2024 \u2013 INFI\/UFMS &#8211; Sele\u00e7\u00e3o de Participantes para o PGD<\/a><\/p>\n<p><a href=\"https:\/\/boletimoficial.ufms.br\/bse\/publicacao?id=544325\" target=\"_blank\" rel=\"noopener\">EDITAL N\u00ba 8\/2024 &#8211; INFI\/UFMS &#8211; Resultado Final das Inscri\u00e7\u00f5es<\/a><\/p>\n","protected":false},"excerpt":{"rendered":"<p>O Programa de Gest\u00e3o e Desempenho \u2013 PGD \u00e9 instrumento de gest\u00e3o que disciplina o desenvolvimento e a mensura\u00e7\u00e3o das atividades realizadas pelos seus participantes, com foco na entrega por [&hellip;]<\/p>\n","protected":false},"author":625,"featured_media":0,"parent":0,"menu_order":0,"comment_status":"closed","ping_status":"closed","template":"","meta":{"ngg_post_thumbnail":0,"footnotes":""},"coauthors":[],"class_list":["post-4539","page","type-page","status-publish","hentry"],"_links":{"self":[{"href":"https:\/\/infi.ufms.br\/en\/wp-json\/wp\/v2\/pages\/4539","targetHints":{"allow":["GET"]}}],"collection":[{"href":"https:\/\/infi.ufms.br\/en\/wp-json\/wp\/v2\/pages"}],"about":[{"href":"https:\/\/infi.ufms.br\/en\/wp-json\/wp\/v2\/types\/page"}],"author":[{"embeddable":true,"href":"https:\/\/infi.ufms.br\/en\/wp-json\/wp\/v2\/users\/625"}],"replies":[{"embeddable":true,"href":"https:\/\/infi.ufms.br\/en\/wp-json\/wp\/v2\/comments?post=4539"}],"version-history":[{"count":9,"href":"https:\/\/infi.ufms.br\/en\/wp-json\/wp\/v2\/pages\/4539\/revisions"}],"predecessor-version":[{"id":4835,"href":"https:\/\/infi.ufms.br\/en\/wp-json\/wp\/v2\/pages\/4539\/revisions\/4835"}],"wp:attachment":[{"href":"https:\/\/infi.ufms.br\/en\/wp-json\/wp\/v2\/media?parent=4539"}],"wp:term":[{"taxonomy":"author","embeddable":true,"href":"https:\/\/infi.ufms.br\/en\/wp-json\/wp\/v2\/coauthors?post=4539"}],"curies":[{"name":"wp","href":"https:\/\/api.w.org\/{rel}","templated":true}]}}