{"id":4516,"date":"2024-04-05T15:59:23","date_gmt":"2024-04-05T19:59:23","guid":{"rendered":"https:\/\/infi.ufms.br\/?page_id=4516"},"modified":"2024-04-10T10:55:52","modified_gmt":"2024-04-10T14:55:52","slug":"laboratorios","status":"publish","type":"page","link":"https:\/\/infi.ufms.br\/en\/laboratorios\/","title":{"rendered":"Laborat\u00f3rios"},"content":{"rendered":"<h1>Laborat\u00f3rios Multiusu\u00e1rios<\/h1>\n<ul>\n<li><a href=\"https:\/\/multilam-infi.ufms.br\/\">Laborat\u00f3rio Multiusu\u00e1rio de An\u00e1lises de Materiais &#8211; MULTILAM<\/a><\/li>\n<li><a href=\"https:\/\/sisfoton.ufms.br\/\">Sisfoton<\/a><\/li>\n<li><a href=\"https:\/\/sish2-infi.ufms.br\/\">SisH2<\/a><\/li>\n<\/ul>\n<h1>Laborat\u00f3rios<\/h1>\n<ul>\n<li><a href=\"https:\/\/infi.ufms.br\/laboratorio-de-informatica\/\">Laborat\u00f3rio de inform\u00e1tica<\/a><\/li>\n<li>Laborat\u00f3rio de Computa\u00e7\u00e3o Cient\u00edfica<\/li>\n<li>Laborat\u00f3rio Ci\u00eancia Maker<\/li>\n<li><a href=\"https:\/\/petfisica.ufms.br\/\">Laborat\u00f3rio: Grupo PET<\/a><\/li>\n<li>Laborat\u00f3rio de pesquisa em ensino de ci\u00eancias &#8211; LAPEC<\/li>\n<li><a href=\"https:\/\/sish2-infi.ufms.br\/\">Laborat\u00f3rio de Tecnologias Avan\u00e7adas em Energia e Sustentabilidade &#8211; LaTES<\/a><\/li>\n<li><a href=\"https:\/\/sisfoton.ufms.br\/\">Laborat\u00f3rio de \u00d3ptica e Fot\u00f4nica<\/a><\/li>\n<li>Laborat\u00f3rio de Microscopia de For\u00e7a At\u00f4mica<\/li>\n<li>Laborat\u00f3rio de Energias Renov\u00e1veis<\/li>\n<li>Laborat\u00f3rio de Cat\u00e1lise e Cristalografia &#8211; LCC<\/li>\n<li>Laborat\u00f3rio de Nanomateriais e Dispositivos Aplicados<\/li>\n<li><a href=\"https:\/\/lca-infi.ufms.br\/\">Laborat\u00f3rio de Ci\u00eancias Atmosf\u00e9ricas &#8211; LCA<\/a><\/li>\n<li><a href=\"https:\/\/casadaciencia.ufms.br\/\">Casa de Ci\u00eancia e Cultura de Campo Grande<\/a><\/li>\n<li><a href=\"https:\/\/infi.ufms.br\/laboratorios-didaticos\/\">Laborat\u00f3rios Did\u00e1ticos<\/a><\/li>\n<li><a href=\"https:\/\/demofisica-infi.ufms.br\/\">DemoF\u00edsica: laborat\u00f3rio de de demonstra\u00e7\u00e3o e experimenta\u00e7\u00e3o<\/a><\/li>\n<li>Laborat\u00f3rio de Pesquisa em Ensino &#8211; LAPEN<\/li>\n<\/ul>\n","protected":false},"excerpt":{"rendered":"<p>Laborat\u00f3rios Multiusu\u00e1rios Laborat\u00f3rio Multiusu\u00e1rio de An\u00e1lises de Materiais &#8211; MULTILAM Sisfoton SisH2 Laborat\u00f3rios Laborat\u00f3rio de inform\u00e1tica Laborat\u00f3rio de Computa\u00e7\u00e3o Cient\u00edfica Laborat\u00f3rio Ci\u00eancia Maker Laborat\u00f3rio: Grupo PET Laborat\u00f3rio de pesquisa em [&hellip;]<\/p>\n","protected":false},"author":1670,"featured_media":0,"parent":0,"menu_order":0,"comment_status":"closed","ping_status":"closed","template":"","meta":{"ngg_post_thumbnail":0,"footnotes":""},"coauthors":[],"class_list":["post-4516","page","type-page","status-publish","hentry"],"_links":{"self":[{"href":"https:\/\/infi.ufms.br\/en\/wp-json\/wp\/v2\/pages\/4516","targetHints":{"allow":["GET"]}}],"collection":[{"href":"https:\/\/infi.ufms.br\/en\/wp-json\/wp\/v2\/pages"}],"about":[{"href":"https:\/\/infi.ufms.br\/en\/wp-json\/wp\/v2\/types\/page"}],"author":[{"embeddable":true,"href":"https:\/\/infi.ufms.br\/en\/wp-json\/wp\/v2\/users\/1670"}],"replies":[{"embeddable":true,"href":"https:\/\/infi.ufms.br\/en\/wp-json\/wp\/v2\/comments?post=4516"}],"version-history":[{"count":7,"href":"https:\/\/infi.ufms.br\/en\/wp-json\/wp\/v2\/pages\/4516\/revisions"}],"predecessor-version":[{"id":4525,"href":"https:\/\/infi.ufms.br\/en\/wp-json\/wp\/v2\/pages\/4516\/revisions\/4525"}],"wp:attachment":[{"href":"https:\/\/infi.ufms.br\/en\/wp-json\/wp\/v2\/media?parent=4516"}],"wp:term":[{"taxonomy":"author","embeddable":true,"href":"https:\/\/infi.ufms.br\/en\/wp-json\/wp\/v2\/coauthors?post=4516"}],"curies":[{"name":"wp","href":"https:\/\/api.w.org\/{rel}","templated":true}]}}