{"id":4487,"date":"2024-01-23T16:55:55","date_gmt":"2024-01-23T20:55:55","guid":{"rendered":"https:\/\/infi.ufms.br\/?page_id=4487"},"modified":"2024-04-15T20:12:31","modified_gmt":"2024-04-16T00:12:31","slug":"pos-fotodiagnostico","status":"publish","type":"page","link":"https:\/\/infi.ufms.br\/en\/pos-fotodiagnostico\/","title":{"rendered":"P\u00f3s-Gradua\u00e7\u00e3o em Fotodiagn\u00f3stico (Lato Sensu)"},"content":{"rendered":"<blockquote class=\"wp-embedded-content\" data-secret=\"QiIpBzBZHx\"><p><a href=\"https:\/\/www.ufms.br\/curso-de-especializacao-em-fotodiagnostico-aplicado-a-saude-humana-animal-e-vegetal-abre-inscricoes\/\">Curso de especializa\u00e7\u00e3o em Fotodiagn\u00f3stico aplicado \u00e0 sa\u00fade humana, animal e vegetal abre inscri\u00e7\u00f5es<\/a><\/p><\/blockquote>\n<p><iframe class=\"wp-embedded-content\" sandbox=\"allow-scripts\" security=\"restricted\" style=\"position: absolute; visibility: hidden;\" title=\"&#8220;Curso de especializa\u00e7\u00e3o em Fotodiagn\u00f3stico aplicado \u00e0 sa\u00fade humana, animal e vegetal abre inscri\u00e7\u00f5es&#8221; &#8212; UFMS\" src=\"https:\/\/www.ufms.br\/curso-de-especializacao-em-fotodiagnostico-aplicado-a-saude-humana-animal-e-vegetal-abre-inscricoes\/embed\/#?secret=CKqWD94N0M#?secret=QiIpBzBZHx\" data-secret=\"QiIpBzBZHx\" width=\"500\" height=\"282\" frameborder=\"0\" marginwidth=\"0\" marginheight=\"0\" scrolling=\"no\"><\/iframe><\/p>\n","protected":false},"excerpt":{"rendered":"<p>Curso de especializa\u00e7\u00e3o em Fotodiagn\u00f3stico aplicado \u00e0 sa\u00fade humana, animal e vegetal abre inscri\u00e7\u00f5es<\/p>\n","protected":false},"author":651,"featured_media":0,"parent":0,"menu_order":0,"comment_status":"closed","ping_status":"closed","template":"page-templates\/page-coordenadorias.php","meta":{"ngg_post_thumbnail":0,"footnotes":""},"coauthors":[],"class_list":["post-4487","page","type-page","status-publish","hentry"],"_links":{"self":[{"href":"https:\/\/infi.ufms.br\/en\/wp-json\/wp\/v2\/pages\/4487","targetHints":{"allow":["GET"]}}],"collection":[{"href":"https:\/\/infi.ufms.br\/en\/wp-json\/wp\/v2\/pages"}],"about":[{"href":"https:\/\/infi.ufms.br\/en\/wp-json\/wp\/v2\/types\/page"}],"author":[{"embeddable":true,"href":"https:\/\/infi.ufms.br\/en\/wp-json\/wp\/v2\/users\/651"}],"replies":[{"embeddable":true,"href":"https:\/\/infi.ufms.br\/en\/wp-json\/wp\/v2\/comments?post=4487"}],"version-history":[{"count":3,"href":"https:\/\/infi.ufms.br\/en\/wp-json\/wp\/v2\/pages\/4487\/revisions"}],"predecessor-version":[{"id":4528,"href":"https:\/\/infi.ufms.br\/en\/wp-json\/wp\/v2\/pages\/4487\/revisions\/4528"}],"wp:attachment":[{"href":"https:\/\/infi.ufms.br\/en\/wp-json\/wp\/v2\/media?parent=4487"}],"wp:term":[{"taxonomy":"author","embeddable":true,"href":"https:\/\/infi.ufms.br\/en\/wp-json\/wp\/v2\/coauthors?post=4487"}],"curies":[{"name":"wp","href":"https:\/\/api.w.org\/{rel}","templated":true}]}}