{"id":4359,"date":"2023-05-08T22:45:12","date_gmt":"2023-05-09T02:45:12","guid":{"rendered":"https:\/\/infi.ufms.br\/?page_id=4359"},"modified":"2023-08-29T23:21:39","modified_gmt":"2023-08-30T03:21:39","slug":"laboratorio-de-informatica","status":"publish","type":"page","link":"https:\/\/infi.ufms.br\/en\/laboratorio-de-informatica\/","title":{"rendered":"Laborat\u00f3rio de Inform\u00e1tica"},"content":{"rendered":"<h3><a href=\"https:\/\/infi.ufms.br\/files\/2023\/08\/mapa-risco-informatica.pdf\">Mapa de risco do laborat\u00f3rio<\/a><\/h3>\n<h3><a href=\"https:\/\/infi.ufms.br\/files\/2023\/08\/normas-informatica.pdf\">Normas de funcionamento, utiliza\u00e7\u00e3o e seguran\u00e7a<\/a><\/h3>\n<p>&nbsp;<\/p>\n<p>Aqui seguem os hor\u00e1rios dispon\u00edveis e os t\u00e9cnicos respons\u00e1veis por cada hor\u00e1rio.<\/p>\n<p>Para o per\u00edodo 2023\/2 o t\u00e9cnico Rodrigo Fioravante, ficar\u00e1 dispon\u00edvel aos alunos no laborat\u00f3rio ao lado do laborat\u00f3rio de inform\u00e1tica para caso os alunos precisem utilizar o laborat\u00f3rio de inform\u00e1tica durante os hor\u00e1rios dispon\u00edveis no per\u00edodo vespertino. O t\u00e9cnico Yan, ficar\u00e1 dispon\u00edvel no almoxarifado principal, ser\u00e1 o t\u00e9cnico respons\u00e1vel por acompanhar os alunos no per\u00edodo noturno.<\/p>\n<p>No atual per\u00edodo todos os dias no per\u00edodo vespertino (13h \u00e1s 17h) e noturno (18h30 \u00e1s 22h30) o laborat\u00f3rio encontra-se dispon\u00edvel. Exceto as ter\u00e7as-feiras das 20h30 \u00e1s 22h40.<\/p>\n<p>Caso seja realizado algum agendamento para evento ou aula pontual o laborat\u00f3rio n\u00e3o poder\u00e1 ser utilizado por alunos que n\u00e3o est\u00e3o matriculados ou inscritos na disciplina ou evento.<\/p>\n","protected":false},"excerpt":{"rendered":"<p>Mapa de risco do laborat\u00f3rio Normas de funcionamento, utiliza\u00e7\u00e3o e seguran\u00e7a &nbsp; Aqui seguem os hor\u00e1rios dispon\u00edveis e os t\u00e9cnicos respons\u00e1veis por cada hor\u00e1rio. Para o per\u00edodo 2023\/2 o t\u00e9cnico [&hellip;]<\/p>\n","protected":false},"author":651,"featured_media":0,"parent":0,"menu_order":0,"comment_status":"closed","ping_status":"closed","template":"","meta":{"ngg_post_thumbnail":0,"footnotes":""},"coauthors":[],"class_list":["post-4359","page","type-page","status-publish","hentry"],"_links":{"self":[{"href":"https:\/\/infi.ufms.br\/en\/wp-json\/wp\/v2\/pages\/4359","targetHints":{"allow":["GET"]}}],"collection":[{"href":"https:\/\/infi.ufms.br\/en\/wp-json\/wp\/v2\/pages"}],"about":[{"href":"https:\/\/infi.ufms.br\/en\/wp-json\/wp\/v2\/types\/page"}],"author":[{"embeddable":true,"href":"https:\/\/infi.ufms.br\/en\/wp-json\/wp\/v2\/users\/651"}],"replies":[{"embeddable":true,"href":"https:\/\/infi.ufms.br\/en\/wp-json\/wp\/v2\/comments?post=4359"}],"version-history":[{"count":7,"href":"https:\/\/infi.ufms.br\/en\/wp-json\/wp\/v2\/pages\/4359\/revisions"}],"predecessor-version":[{"id":4459,"href":"https:\/\/infi.ufms.br\/en\/wp-json\/wp\/v2\/pages\/4359\/revisions\/4459"}],"wp:attachment":[{"href":"https:\/\/infi.ufms.br\/en\/wp-json\/wp\/v2\/media?parent=4359"}],"wp:term":[{"taxonomy":"author","embeddable":true,"href":"https:\/\/infi.ufms.br\/en\/wp-json\/wp\/v2\/coauthors?post=4359"}],"curies":[{"name":"wp","href":"https:\/\/api.w.org\/{rel}","templated":true}]}}