{"id":4106,"date":"2022-08-04T18:20:32","date_gmt":"2022-08-04T22:20:32","guid":{"rendered":"https:\/\/infi.ufms.br\/?page_id=4106"},"modified":"2022-08-04T18:34:42","modified_gmt":"2022-08-04T22:34:42","slug":"laboratorio-de-fisica-iv-fisica","status":"publish","type":"page","link":"https:\/\/infi.ufms.br\/en\/laboratorios-didaticos\/lab-fisica\/laboratorio-de-fisica-iv-fisica\/","title":{"rendered":"Laborat\u00f3rio de F\u00edsica IV &#8211; F\u00edsica"},"content":{"rendered":"<p><a href=\"https:\/\/infi.ufms.br\/laboratorios-didaticos\/lab-fisica\/laboratorio-de-fisica-fiv\/\" target=\"_blank\" rel=\"noopener\">Laborat\u00f3rio de F\u00edsica IV \u2013 Roteiros Para as Aulas (Download)<\/a><\/p>\n<p><a href=\"https:\/\/calendar.google.com\/calendar\/embed?src=7ii8kkt86129kpbcg6n08gvij4%40group.calendar.google.com&amp;ctz=America%2FCampo_Grande\" target=\"_blank\" rel=\"noopener\">Laborat\u00f3rio de F\u00edsica IV \u2013 Calend\u00e1rio<\/a><\/p>\n<p>&nbsp;<\/p>\n","protected":false},"excerpt":{"rendered":"<p>Laborat\u00f3rio de F\u00edsica IV \u2013 Roteiros Para as Aulas (Download) Laborat\u00f3rio de F\u00edsica IV \u2013 Calend\u00e1rio &nbsp;<\/p>\n","protected":false},"author":3099,"featured_media":0,"parent":2009,"menu_order":0,"comment_status":"closed","ping_status":"closed","template":"","meta":{"ngg_post_thumbnail":0,"footnotes":""},"coauthors":[],"class_list":["post-4106","page","type-page","status-publish","hentry"],"_links":{"self":[{"href":"https:\/\/infi.ufms.br\/en\/wp-json\/wp\/v2\/pages\/4106","targetHints":{"allow":["GET"]}}],"collection":[{"href":"https:\/\/infi.ufms.br\/en\/wp-json\/wp\/v2\/pages"}],"about":[{"href":"https:\/\/infi.ufms.br\/en\/wp-json\/wp\/v2\/types\/page"}],"author":[{"embeddable":true,"href":"https:\/\/infi.ufms.br\/en\/wp-json\/wp\/v2\/users\/3099"}],"replies":[{"embeddable":true,"href":"https:\/\/infi.ufms.br\/en\/wp-json\/wp\/v2\/comments?post=4106"}],"version-history":[{"count":3,"href":"https:\/\/infi.ufms.br\/en\/wp-json\/wp\/v2\/pages\/4106\/revisions"}],"predecessor-version":[{"id":4111,"href":"https:\/\/infi.ufms.br\/en\/wp-json\/wp\/v2\/pages\/4106\/revisions\/4111"}],"up":[{"embeddable":true,"href":"https:\/\/infi.ufms.br\/en\/wp-json\/wp\/v2\/pages\/2009"}],"wp:attachment":[{"href":"https:\/\/infi.ufms.br\/en\/wp-json\/wp\/v2\/media?parent=4106"}],"wp:term":[{"taxonomy":"author","embeddable":true,"href":"https:\/\/infi.ufms.br\/en\/wp-json\/wp\/v2\/coauthors?post=4106"}],"curies":[{"name":"wp","href":"https:\/\/api.w.org\/{rel}","templated":true}]}}