{"id":4038,"date":"2022-05-26T09:55:26","date_gmt":"2022-05-26T13:55:26","guid":{"rendered":"https:\/\/infi.ufms.br\/?page_id=4038"},"modified":"2026-01-15T16:24:38","modified_gmt":"2026-01-15T20:24:38","slug":"direcao","status":"publish","type":"page","link":"https:\/\/infi.ufms.br\/en\/direcao\/","title":{"rendered":"Dire\u00e7\u00e3o"},"content":{"rendered":"<p>Diretor:<br \/>\nDorot\u00e9ia de F\u00e1tima Bozano<br \/>\nGest\u00e3o:<br \/>\n2025\/2029<\/p>\n<p>Telefone:<br \/>\n+55(67)3345-7596<\/p>\n<p>Email:<br \/>\ngab.infi@ufms.br<br \/>\ndoroteia.bozano@ufms.br<\/p>\n","protected":false},"excerpt":{"rendered":"<p>Diretor: Dorot\u00e9ia de F\u00e1tima Bozano Gest\u00e3o: 2025\/2029 Telefone: +55(67)3345-7596 Email: gab.infi@ufms.br doroteia.bozano@ufms.br<\/p>\n","protected":false},"author":651,"featured_media":0,"parent":0,"menu_order":0,"comment_status":"closed","ping_status":"closed","template":"","meta":{"ngg_post_thumbnail":0,"footnotes":""},"coauthors":[55],"class_list":["post-4038","page","type-page","status-publish","hentry"],"_links":{"self":[{"href":"https:\/\/infi.ufms.br\/en\/wp-json\/wp\/v2\/pages\/4038","targetHints":{"allow":["GET"]}}],"collection":[{"href":"https:\/\/infi.ufms.br\/en\/wp-json\/wp\/v2\/pages"}],"about":[{"href":"https:\/\/infi.ufms.br\/en\/wp-json\/wp\/v2\/types\/page"}],"author":[{"embeddable":true,"href":"https:\/\/infi.ufms.br\/en\/wp-json\/wp\/v2\/users\/651"}],"replies":[{"embeddable":true,"href":"https:\/\/infi.ufms.br\/en\/wp-json\/wp\/v2\/comments?post=4038"}],"version-history":[{"count":33,"href":"https:\/\/infi.ufms.br\/en\/wp-json\/wp\/v2\/pages\/4038\/revisions"}],"predecessor-version":[{"id":5138,"href":"https:\/\/infi.ufms.br\/en\/wp-json\/wp\/v2\/pages\/4038\/revisions\/5138"}],"wp:attachment":[{"href":"https:\/\/infi.ufms.br\/en\/wp-json\/wp\/v2\/media?parent=4038"}],"wp:term":[{"taxonomy":"author","embeddable":true,"href":"https:\/\/infi.ufms.br\/en\/wp-json\/wp\/v2\/coauthors?post=4038"}],"curies":[{"name":"wp","href":"https:\/\/api.w.org\/{rel}","templated":true}]}}