{"id":382,"date":"2016-09-29T17:23:01","date_gmt":"2016-09-29T21:23:01","guid":{"rendered":"http:\/\/infi.draconis.ufms.br\/?page_id=382"},"modified":"2025-02-26T15:34:11","modified_gmt":"2025-02-26T19:34:11","slug":"csa","status":"publish","type":"page","link":"https:\/\/infi.ufms.br\/en\/csa\/","title":{"rendered":"Avalia\u00e7\u00e3o Institucional"},"content":{"rendered":"<p>A Avalia\u00e7\u00e3o Institucional \u00e9 exig\u00eancia do Governo Federal, para aten\u00e7\u00e3o \u00e0 UFMS. Do ponto de vista interno \u00e0 UFMS, ela tem como objetivo, auxiliar a Institui\u00e7\u00e3o a identificar seus pontos fortes e fracos, seus potenciais e suas car\u00eancias gerais e setoriais. Para isto, desenvolve-se o processo da Autoavalia\u00e7\u00e3o que se volta a melhoria da qualidade do ensino, da pesquisa e da extens\u00e3o.<\/p>\n<p>Atendendo aos dispositivos legais, Lei Federal 10861\/2004, Portaria do MEC\/INEP2051\/2004 entre outros, a Auto Avalia\u00e7\u00e3o Institucional \u00e9 um processo permanente de constru\u00e7\u00e3o e forma\u00e7\u00e3o. Deve apreender o universo institucional em sua complexidade, por isso abrange diferentes dimens\u00f5es e agentes. Deve ser uma constru\u00e7\u00e3o coletiva dos sujeitos que integram a universidade buscando o aperfei\u00e7oamento de pr\u00e1ticas.<\/p>\n<p>Visa ao desenvolvimento de uma cultura avaliativa que atenda a interesses da comunidade, j\u00e1 manifestados in\u00fameras vezes, respeitando os objetivos da avalia\u00e7\u00e3o formativa:<br \/>\n\u2022 Produzir conhecimento;<br \/>\n\u2022 Questionar os sentidos das atividades e finalidades da institui\u00e7\u00e3o;<br \/>\n\u2022 Identificar as causas de problemas e defici\u00eancias;<br \/>\n\u2022 Aumentar a consci\u00eancia pedag\u00f3gica e capacidade profissional dos docentes e funcion\u00e1rios;<br \/>\n\u2022 Fortalecer rela\u00e7\u00f5es de coopera\u00e7\u00e3o entre os atores institucionais;<br \/>\n\u2022 Julgar a relev\u00e2ncia cient\u00edfica e social das atividades e produtos da institui\u00e7\u00e3o;<br \/>\n\u2022 Prestar contas \u00e0 sociedade;<br \/>\n\u2022 Efetivar a vincula\u00e7\u00e3o da Institui\u00e7\u00e3o com a comunidade.<\/p>\n<p>A Comiss\u00e3o Pr\u00f3pria de Avalia\u00e7\u00e3o (CPA) tem como fun\u00e7\u00e3o conduzir os processos de avalia\u00e7\u00e3o internos e externos da UFMS.<\/p>\n<p>A UFMS conta com Comiss\u00f5es Setoriais de Avalia\u00e7\u00e3o (CSA) em cada Faculdade, Instituto e C\u00e2mpus, respons\u00e1vel pelo desenvolvimento das atividades e interliga\u00e7\u00e3o da UFMS com a CPA Central. As comiss\u00f5es setoriais de avalia\u00e7\u00e3o junto \u00e0 universidade s\u00e3o constitu\u00eddas por um coordenador, representantes do corpo docente, t\u00e9cnico-administrativos e discente de cada unidade setorial. Compete \u00e0 CSA sensibilizar a comunidade acad\u00eamica dos centros para os processos de avalia\u00e7\u00e3o institucional, desenvolver o processo de autoavalia\u00e7\u00e3o na unidade, conforme o projeto de autoavalia\u00e7\u00e3o da universidade e orienta\u00e7\u00f5es da CPA, participar das reuni\u00f5es para desenvolver suas atividades, sistematizar e aprestar relat\u00f3rio dos resultada da autoavalia\u00e7\u00e3o.<\/p>\n<p>A CSA do INFI \u00e9 composta pelos membros:<\/p>\n<ul>\n<li><a href=\"https:\/\/boletimoficial.ufms.br\/bse\/publicacao?id=489335\" target=\"_blank\" rel=\"noopener\">Representantes Docentes<\/a>:\n<ul>\n<li>Doroteia de F\u00e1tima Bozano(Presidente)<\/li>\n<li>Cl\u00f3vis Lasta Fritzen<\/li>\n<\/ul>\n<\/li>\n<\/ul>\n<ul>\n<li><a href=\"https:\/\/boletimoficial.ufms.br\/bse\/publicacao?id=489335\">T\u00e9cnico-administrativos<\/a>:\n<ul>\n<li>Thaize Vicente Oliveira<\/li>\n<li>Tassia Tsutsui<\/li>\n<\/ul>\n<\/li>\n<li><a href=\"https:\/\/boletimoficial.ufms.br\/bse\/publicacao?id=474494\" target=\"_blank\" rel=\"noopener\">Representante Discente<\/a>:\n<ul>\n<li>Kainan Spiewakowski Gomes (Gradua\u00e7\u00e3o)<\/li>\n<\/ul>\n<\/li>\n<\/ul>\n<p>Esta CSA (Comiss\u00e3o Setorial de Avalia\u00e7\u00e3o) \u00e9 a respons\u00e1vel pela elabora\u00e7\u00e3o do Relat\u00f3rio de Autoavalia\u00e7\u00e3o do Instituto de F\u00edsica. Este relat\u00f3rio \u00e9 elaborado com base nas respostas dos alunos, t\u00e9cnicos e professores dadas ao Question\u00e1rio de Autoavalia\u00e7\u00e3o. Neste relat\u00f3rio s\u00e3o apontadas as fragilidades e potencialidades da Unidade servindo de suporte para os gestores, colegiados dos cursos e demais inst\u00e2ncias para a tomada de decis\u00e3o e implanta\u00e7\u00e3o de a\u00e7\u00f5es que visem a melhoria da nossa Unidade.<\/p>\n<p>As CSAs trabalham em conjunto com SEAVI (Secretaria Especial de Avalia\u00e7\u00e3o Institucional) e com a CPA (Comiss\u00e3o Pr\u00f3pria de Avalia\u00e7\u00e3o), respons\u00e1vel pela elabora\u00e7\u00e3o do Relat\u00f3rio de Autoavalia\u00e7\u00e3o Institucional.<\/p>\n<p>Acesse: <a href=\"https:\/\/siai.ufms.br\" target=\"_blank\" rel=\"noopener noreferrer\">https:\/\/siai.ufms.br<\/a><\/p>\n<p>&nbsp;<\/p>\n<p><a href=\"https:\/\/diavi.ufms.br\/cpa\/csa\/csa-infi\/#RELATORIOS\" target=\"_blank\" rel=\"noopener\"><strong>RELAT\u00d3RIOS<\/strong><\/a><\/p>\n<p><a href=\"https:\/\/drive.google.com\/file\/d\/1N_t8bF0H5iktN4pWtHeS7sNzCHI2TXqu\/view?usp=sharing\">2023<\/a><\/p>\n<p><a href=\"https:\/\/drive.google.com\/file\/d\/1VuGxsRSbZkO3JIKqQ_PvUT8KIAUwTaej\/view?usp=share_link\">2022<\/a><\/p>\n<p><a href=\"https:\/\/drive.google.com\/file\/d\/1c-97WLwmtdQLcORFF3uV9dfsgXhcRbRI\/view?usp=share_link\">2021<\/a><\/p>\n<p><a href=\"https:\/\/drive.google.com\/file\/d\/1LmyEQEpC5wdPNcrQ4XPKrGHeZqkJXGuJ\/view?usp=drivesdk\" target=\"_blank\" rel=\"noopener noreferrer\">2020<\/a><\/p>\n<p><a href=\"https:\/\/drive.google.com\/file\/d\/1c6cxkhyE0euMoHAVrA4zVj377HsRfkNy\/view?usp=sharing\" target=\"_blank\" rel=\"noopener noreferrer\">2019<\/a><\/p>\n<p><a href=\"https:\/\/drive.google.com\/open?id=1HFd6PKDtbcoPwqC-8IEO_FKwGmbcnY2q\" target=\"_blank\" rel=\"noopener noreferrer\">2018<\/a><\/p>\n<p><a href=\"https:\/\/seavi.ufms.br\/files\/2017\/12\/INFI_2017.pdf\">2017<\/a><\/p>\n<p>&nbsp;<\/p>\n<p><a href=\"https:\/\/diavi.ufms.br\/cpa\/csa\/csa-infi\/#PORTARIAS\" target=\"_blank\" rel=\"noopener\"><strong>PORTARIAS<\/strong><\/a><\/p>\n<p><strong>Mandato 2023-2026<\/strong><\/p>\n<p><a href=\"https:\/\/drive.google.com\/file\/d\/18VHjf43AQhcBfc8KnlquAodVI6R8kh6f\/view?usp=sharing\">PORTARIA (INFI) N\u00ba 25 DE 22 DE MAIO DE 2023.<\/a><\/p>\n<p><a href=\"https:\/\/drive.google.com\/file\/d\/1wg_zO5tHoeMeRoDRp1qIMcEo1meT90jF\/view?usp=sharing\">PORTARIA (INFI) N\u00ba 60 DE 20 DE SETEMBRO DE 2023.<\/a><\/p>\n","protected":false},"excerpt":{"rendered":"<p>A Avalia\u00e7\u00e3o Institucional \u00e9 exig\u00eancia do Governo Federal, para aten\u00e7\u00e3o \u00e0 UFMS. Do ponto de vista interno \u00e0 UFMS, ela tem como objetivo, auxiliar a Institui\u00e7\u00e3o a identificar seus pontos [&hellip;]<\/p>\n","protected":false},"author":651,"featured_media":2600,"parent":0,"menu_order":0,"comment_status":"closed","ping_status":"closed","template":"","meta":{"ngg_post_thumbnail":0,"footnotes":""},"coauthors":[],"class_list":["post-382","page","type-page","status-publish","has-post-thumbnail","hentry"],"_links":{"self":[{"href":"https:\/\/infi.ufms.br\/en\/wp-json\/wp\/v2\/pages\/382","targetHints":{"allow":["GET"]}}],"collection":[{"href":"https:\/\/infi.ufms.br\/en\/wp-json\/wp\/v2\/pages"}],"about":[{"href":"https:\/\/infi.ufms.br\/en\/wp-json\/wp\/v2\/types\/page"}],"author":[{"embeddable":true,"href":"https:\/\/infi.ufms.br\/en\/wp-json\/wp\/v2\/users\/651"}],"replies":[{"embeddable":true,"href":"https:\/\/infi.ufms.br\/en\/wp-json\/wp\/v2\/comments?post=382"}],"version-history":[{"count":21,"href":"https:\/\/infi.ufms.br\/en\/wp-json\/wp\/v2\/pages\/382\/revisions"}],"predecessor-version":[{"id":4916,"href":"https:\/\/infi.ufms.br\/en\/wp-json\/wp\/v2\/pages\/382\/revisions\/4916"}],"wp:featuredmedia":[{"embeddable":true,"href":"https:\/\/infi.ufms.br\/en\/wp-json\/wp\/v2\/media\/2600"}],"wp:attachment":[{"href":"https:\/\/infi.ufms.br\/en\/wp-json\/wp\/v2\/media?parent=382"}],"wp:term":[{"taxonomy":"author","embeddable":true,"href":"https:\/\/infi.ufms.br\/en\/wp-json\/wp\/v2\/coauthors?post=382"}],"curies":[{"name":"wp","href":"https:\/\/api.w.org\/{rel}","templated":true}]}}