{"id":3665,"date":"2020-10-28T17:13:36","date_gmt":"2020-10-28T21:13:36","guid":{"rendered":"https:\/\/infi.ufms.br\/?page_id=3665"},"modified":"2020-10-29T11:04:32","modified_gmt":"2020-10-29T15:04:32","slug":"applied-nanomaterials-devices","status":"publish","type":"page","link":"https:\/\/infi.ufms.br\/en\/applied-nanomaterials-devices\/","title":{"rendered":"Applied Nanomaterials &amp; Devices"},"content":{"rendered":"<p><strong>Objetivos deste grupo de pesquisa:<\/strong><br \/>\n1 \u2013 S\u00edntese e funcionaliza\u00e7\u00e3o de nanoestruturas;<br \/>\n2 \u2013 Sensores;<br \/>\n3 \u2013 Redu\u00e7\u00e3o de CO2; &nbsp;&nbsp;<br \/>\n4 \u2013 C\u00e9lulas solares;<br \/>\n5 \u2013 Fotodegrada\u00e7\u00e3o de poluentes;<br \/>\n6 \u2013 Instrumenta\u00e7\u00e3o.<\/p>\n<p><strong>Linhas de pesquisa:<\/strong><br \/>\n1 \u2013 Desenvolvimento de novos materiais nanoestruturados;<br \/>\n2 \u2013 Materiais, Sensores e Energia;<br \/>\n3 \u2013 Crescimento de Materiais Nanoestruturados Bidimensionais;<br \/>\n4 \u2013 Materiais Aplicados \u00e0 Saude<\/p>\n<p>Mais informa\u00e7\u00f5es: +55(67)3345-7029<br \/>\nFl\u00e1vio Santana Michels (<a href=\"mailto:flavio.michels@ufms.br\" target=\"_blank\" rel=\"noopener noreferrer\">flavio.michels@ufms.br<\/a>)<br \/>\nDiego Carvalho Barbosa Alves (<a href=\"mailto:alem-mar.goncalves@ufms.br\" target=\"_blank\" rel=\"noopener noreferrer\">diego.alves@ufms.br<\/a>)<br \/>\n<a href=\"http:\/\/dgp.cnpq.br\/dgp\/espelhogrupo\/6658301308590075\" target=\"_blank\" rel=\"noopener noreferrer\" data-saferedirecturl=\"https:\/\/www.google.com\/url?q=http:\/\/dgp.cnpq.br\/dgp\/espelhogrupo\/6658301308590075&amp;source=gmail&amp;ust=1604002930037000&amp;usg=AFQjCNG9--n-vDzQe2btG988XD5_YU4fAQ\">Diret\u00f3rio do grupo no CNPQ<\/a><br \/>\n<a href=\"https:\/\/diegoalves2.wixsite.com\/andresearchgroup\" target=\"_blank\" rel=\"noopener noreferrer\" data-saferedirecturl=\"https:\/\/www.google.com\/url?q=https:\/\/diegoalves2.wixsite.com\/andresearchgroup&amp;source=gmail&amp;ust=1604002930037000&amp;usg=AFQjCNEJkE7s_a3rzy00lQZ-tKUt2vDRpw\">P\u00e1gina do grupo<\/a><\/p>\n","protected":false},"excerpt":{"rendered":"<p>Objetivos deste grupo de pesquisa: 1 \u2013 S\u00edntese e funcionaliza\u00e7\u00e3o de nanoestruturas; 2 \u2013 Sensores; 3 \u2013 Redu\u00e7\u00e3o de CO2; &nbsp;&nbsp; 4 \u2013 C\u00e9lulas solares; 5 \u2013 Fotodegrada\u00e7\u00e3o de poluentes; [&hellip;]<\/p>\n","protected":false},"author":651,"featured_media":0,"parent":0,"menu_order":0,"comment_status":"closed","ping_status":"closed","template":"","meta":{"ngg_post_thumbnail":0,"footnotes":""},"coauthors":[],"class_list":["post-3665","page","type-page","status-publish","hentry"],"_links":{"self":[{"href":"https:\/\/infi.ufms.br\/en\/wp-json\/wp\/v2\/pages\/3665","targetHints":{"allow":["GET"]}}],"collection":[{"href":"https:\/\/infi.ufms.br\/en\/wp-json\/wp\/v2\/pages"}],"about":[{"href":"https:\/\/infi.ufms.br\/en\/wp-json\/wp\/v2\/types\/page"}],"author":[{"embeddable":true,"href":"https:\/\/infi.ufms.br\/en\/wp-json\/wp\/v2\/users\/651"}],"replies":[{"embeddable":true,"href":"https:\/\/infi.ufms.br\/en\/wp-json\/wp\/v2\/comments?post=3665"}],"version-history":[{"count":3,"href":"https:\/\/infi.ufms.br\/en\/wp-json\/wp\/v2\/pages\/3665\/revisions"}],"predecessor-version":[{"id":3669,"href":"https:\/\/infi.ufms.br\/en\/wp-json\/wp\/v2\/pages\/3665\/revisions\/3669"}],"wp:attachment":[{"href":"https:\/\/infi.ufms.br\/en\/wp-json\/wp\/v2\/media?parent=3665"}],"wp:term":[{"taxonomy":"author","embeddable":true,"href":"https:\/\/infi.ufms.br\/en\/wp-json\/wp\/v2\/coauthors?post=3665"}],"curies":[{"name":"wp","href":"https:\/\/api.w.org\/{rel}","templated":true}]}}