{"id":3187,"date":"2019-10-08T09:49:06","date_gmt":"2019-10-08T13:49:06","guid":{"rendered":"https:\/\/infi.ufms.br\/?page_id=3187"},"modified":"2020-02-11T15:23:01","modified_gmt":"2020-02-11T19:23:01","slug":"tcc","status":"publish","type":"page","link":"https:\/\/infi.ufms.br\/en\/tcc\/","title":{"rendered":"Trabalhos de conclus\u00e3o de curso"},"content":{"rendered":"<p><a href=\"https:\/\/infi.ufms.br\/tcc\/fisica-licenciatura\/\" rel=\"noopener noreferrer\">Trabalhos de Conclus\u00e3o de Curso da F\u00edsica Licenciatura<\/a><\/p>\n<p><a href=\"https:\/\/infi.ufms.br\/tcc\/fisica-bacharelado\/\" rel=\"noopener noreferrer\">Trabalhos de Conclus\u00e3o de Curso da F\u00edsica Bacharelado<\/a><\/p>\n<p><a href=\"https:\/\/infi.ufms.br\/tcc\/engenharia-fisica\/\" rel=\"noopener noreferrer\">Trabalhos de Conclus\u00e3o de Curso da Engenharia F\u00edsica<\/a><\/p>\n","protected":false},"excerpt":{"rendered":"<p>Trabalhos de Conclus\u00e3o de Curso da F\u00edsica Licenciatura Trabalhos de Conclus\u00e3o de Curso da F\u00edsica Bacharelado Trabalhos de Conclus\u00e3o de Curso da Engenharia F\u00edsica<\/p>\n","protected":false},"author":651,"featured_media":0,"parent":0,"menu_order":0,"comment_status":"closed","ping_status":"closed","template":"","meta":{"ngg_post_thumbnail":0,"footnotes":""},"coauthors":[],"class_list":["post-3187","page","type-page","status-publish","hentry"],"_links":{"self":[{"href":"https:\/\/infi.ufms.br\/en\/wp-json\/wp\/v2\/pages\/3187","targetHints":{"allow":["GET"]}}],"collection":[{"href":"https:\/\/infi.ufms.br\/en\/wp-json\/wp\/v2\/pages"}],"about":[{"href":"https:\/\/infi.ufms.br\/en\/wp-json\/wp\/v2\/types\/page"}],"author":[{"embeddable":true,"href":"https:\/\/infi.ufms.br\/en\/wp-json\/wp\/v2\/users\/651"}],"replies":[{"embeddable":true,"href":"https:\/\/infi.ufms.br\/en\/wp-json\/wp\/v2\/comments?post=3187"}],"version-history":[{"count":6,"href":"https:\/\/infi.ufms.br\/en\/wp-json\/wp\/v2\/pages\/3187\/revisions"}],"predecessor-version":[{"id":3379,"href":"https:\/\/infi.ufms.br\/en\/wp-json\/wp\/v2\/pages\/3187\/revisions\/3379"}],"wp:attachment":[{"href":"https:\/\/infi.ufms.br\/en\/wp-json\/wp\/v2\/media?parent=3187"}],"wp:term":[{"taxonomy":"author","embeddable":true,"href":"https:\/\/infi.ufms.br\/en\/wp-json\/wp\/v2\/coauthors?post=3187"}],"curies":[{"name":"wp","href":"https:\/\/api.w.org\/{rel}","templated":true}]}}