{"id":313,"date":"2016-09-02T14:48:14","date_gmt":"2016-09-02T18:48:14","guid":{"rendered":"http:\/\/infi.draconis.ufms.br\/?page_id=313"},"modified":"2020-06-10T09:52:56","modified_gmt":"2020-06-10T13:52:56","slug":"links-uteis","status":"publish","type":"page","link":"https:\/\/infi.ufms.br\/en\/links-uteis\/","title":{"rendered":"Links \u00dateis"},"content":{"rendered":"<p><a href=\"http:\/\/www-nt.ufms.br\/\" target=\"_blank\" rel=\"noopener noreferrer\">UFMS,&nbsp; <\/a><a href=\"http:\/\/sigproj1.mec.gov.br\/index.php?goTo=editais&amp;plataforma=5&amp;e_instituicao=47&amp;e_plataforma=0\" target=\"_blank\" rel=\"noopener noreferrer\">UFMS\/SigProj,&nbsp; <\/a><a href=\"http:\/\/www.cnpq.br\/\" target=\"_blank\" rel=\"noopener noreferrer\">CNPQ, <\/a><a href=\"http:\/\/lattes.cnpq.br\/web\/dgp\" target=\"_blank\" rel=\"noopener noreferrer\">CNPQ\/GruposPesquisa,&nbsp; <\/a><a href=\"http:\/\/www.capes.gov.br\/\" target=\"_blank\" rel=\"noopener noreferrer\">CAPES,&nbsp;&nbsp; <\/a><a href=\"https:\/\/sucupira.capes.gov.br\/sucupira\/public\/consultas\/coleta\/veiculoPublicacaoQualis\/listaConsultaGeralPeriodicos.jsf\" target=\"_blank\" rel=\"noopener noreferrer\">Capes\/Qualis,&nbsp;&nbsp; <\/a><a href=\"http:\/\/www-periodicos-capes-gov-br.ez51.periodicos.capes.gov.br\/index.php?option=com_phome\" target=\"_blank\" rel=\"noopener noreferrer\">Capes\/Peri\u00f3dicos,&nbsp;&nbsp; <\/a><a href=\"http:\/\/lattes.cnpq.br\/\" target=\"_blank\" rel=\"noopener noreferrer\">Capes\/Lattes,&nbsp; <\/a><a href=\"http:\/\/lattes.cnpq.br\/\" target=\"_blank\" rel=\"noopener noreferrer\">SBF<\/a><\/p>\n<p><a href=\"http:\/\/fundect.ledes.net\/\" target=\"_blank\" rel=\"noopener noreferrer\">FUNDECT-MS,&nbsp; <\/a><a href=\"https:\/\/www.financiar.org.br\/\" target=\"_blank\" rel=\"noopener noreferrer\">SistemaFinanciar<\/a><\/p>\n<p><a href=\"http:\/\/www.propp.ufms.br\/index.php?section=posgraduacao&amp;itemId=88\" target=\"_blank\" rel=\"noopener noreferrer\">UFMS &#8211; Normas para cursos de P\u00f3s-Gradua\u00e7\u00e3o Stricto Sensu<\/a><\/p>\n<p><a href=\"https:\/\/fastformat.co\/e\/template\/fundacao-universidade-federal-de-mato-grosso-do-sul-ufms\" target=\"_blank\" rel=\"noopener noreferrer\">Normas ABNT UFMS<\/a><\/p>\n<p><a href=\"http:\/\/www.ppec.ufms.br\/\" target=\"_blank\" rel=\"noopener noreferrer\">Programa de P\u00f3s-gradua\u00e7\u00e3o em Ensino de Ci\u00eancias \/INFI\/UFMS,&nbsp; <\/a><a href=\"http:\/\/abrapecnet.org.br\/wordpress\/pb\/\" target=\"_blank\" rel=\"noopener noreferrer\">ABRAPEC,&nbsp; <\/a><a href=\"http:\/\/www.if.ufrgs.br\/cref\/?area=apresentacao\">CREF &#8211; Centro de Refer\u00eancia para o Ensino de F\u00edsica, <\/a><a href=\"http:\/\/objetoseducacionais2.mec.gov.br\/handle\/mec\/2231?mode=full&amp;submit_simple=Metadados\" target=\"_blank\" rel=\"noopener noreferrer\">Banco Internacional de Objetos Educacionais, <\/a><a href=\"http:\/\/portal.inep.gov.br\/web\/portal-ideb\/portal-ideb\" target=\"_blank\" rel=\"noopener noreferrer\">Portal Ideb<\/a><\/p>\n<p><a href=\"https:\/\/mevufms.wordpress.com\/\" target=\"_blank\" rel=\"noopener noreferrer\">MULTILAM-MEV<\/a><\/p>\n<p><a href=\"http:\/\/www.lca.ufms.br\/\" target=\"_blank\" rel=\"noopener noreferrer\">Laborat\u00f3rio de Ci\u00eancias Atmosf\u00e9ricas \/INFI\/UFMS,&nbsp; <\/a><a href=\"http:\/\/tempo.cptec.inpe.br\/\" target=\"_blank\" rel=\"noopener noreferrer\">INPE-Previs\u00e3oTempo,&nbsp; <\/a><a href=\"http:\/\/www.inmet.gov.br\/vime\/?P=P2\" target=\"_blank\" rel=\"noopener noreferrer\">INMET,&nbsp; <\/a><a href=\"http:\/\/www.skepticalscience.com\/argument.php\" target=\"_blank\" rel=\"noopener noreferrer\">Global Warming Evidences<\/a><\/p>\n<p><a href=\"http:\/\/www.casadaciencia.ufms.br\/\" target=\"_blank\" rel=\"noopener noreferrer\">Casa da Ci\u00eancia,&nbsp;&nbsp; <\/a><a href=\"http:\/\/cacarlsagan.blogspot.com.br\/\" target=\"_blank\" rel=\"noopener noreferrer\">Clube de Atronomia Carl Sagan,&nbsp; <\/a><a href=\"http:\/\/mensageirosideral.blogfolha.uol.com.br\/\" target=\"_blank\" rel=\"noopener noreferrer\">Mensageiro Sideral &#8211; Salvador Nogueira,&nbsp;&nbsp;&nbsp; <\/a><a href=\"http:\/\/www.astro.ucla.edu\/~wright\/cosmology_faq.html#CC\" target=\"_blank\" rel=\"noopener noreferrer\">Frequently Asked Questions in Cosmology<\/a><\/p>\n<p><a href=\"http:\/\/www.inmetro.gov.br\/consumidor\/unidLegaisMed.asp\" target=\"_blank\" rel=\"noopener noreferrer\">Inmetro &#8211; Unidades Legais de Medida,&nbsp;&nbsp; <\/a><a href=\"http:\/\/www.inmetro.gov.br\/legislacao\/rtac\/pdf\/RTAC002050.pdf\" target=\"_blank\" rel=\"noopener noreferrer\">Quadro Geral de Unidades de Medida adotado pelo Brasil,&nbsp;&nbsp; <\/a><a href=\"http:\/\/www.inmetro.gov.br\/inovacao\/publicacoes\/si_versao_final.pdf\" target=\"_blank\" rel=\"noopener noreferrer\">SI &#8211; Sistema Internacional de Unidades,&nbsp; <\/a><a href=\"http:\/\/www.inmetro.gov.br\/consumidor\/pdf\/Resumo_SI.pdf\" target=\"_blank\" rel=\"noopener noreferrer\">SI &#8211; Resumo<\/a><\/p>\n<p><a href=\"http:\/\/efisica.if.usp.br\/\">e-f\u00edsica,&nbsp; Ensino de F\u00edsica,&nbsp; ON-LINE USP<\/a><\/p>\n<p><a href=\"http:\/\/htwins.net\/scale2\/\" target=\"_blank\" rel=\"noopener noreferrer\">A Escala do Universo,&nbsp; <\/a><a href=\"http:\/\/www.cepa.if.usp.br\/aventuradasparticulas\/\" target=\"_blank\" rel=\"noopener noreferrer\">Do que \u00e9 feito o universo?,&nbsp;&nbsp; <\/a><a href=\"http:\/\/fusioned.gat.com\/\" target=\"_blank\" rel=\"noopener noreferrer\">General Atomics Fusion Group Educational Home Page<\/a><\/p>\n<p><a href=\"http:\/\/www.hfleming.com\/rosto2.php#home\" target=\"_blank\" rel=\"noopener noreferrer\">Site Prof. Henrique Fleming USP<\/a>,&nbsp;&nbsp; <a href=\"http:\/\/www.feynmanlectures.caltech.edu\/\" target=\"_blank\" rel=\"noopener noreferrer\">The Feynman Lectures on Physics<\/a><a href=\"http:\/\/www.hfleming.com\/rosto2.php#home\" target=\"_blank\" rel=\"noopener noreferrer\">,&nbsp;&nbsp; <\/a><a href=\"https:\/\/www.aip.org\/history\/exhibits\/einstein\/\" target=\"_blank\" rel=\"noopener noreferrer\">A. Einstein Image and Impact, &nbsp; <\/a><a href=\"http:\/\/www.newtonproject.sussex.ac.uk\/prism.php?id=1\" target=\"_blank\" rel=\"noopener noreferrer\">The Newton Project,&nbsp; <\/a><a href=\"http:\/\/www.nobelprize.org\/nobel_prizes\/physics\/\" target=\"_blank\" rel=\"noopener noreferrer\">Physics Nobel Prize<\/a><\/p>\n<p><a href=\"http:\/\/hyperphysics.phy-astr.gsu.edu\/hbase\/hframe.html\" target=\"_blank\" rel=\"noopener noreferrer\">HyperPhysics, <\/a><a href=\"http:\/\/www.animations.physics.unsw.edu.au\/\">PHYSCLIPS &#8211; School of Physics, Sydney Australia,&nbsp; <\/a><a href=\"http:\/\/phet.colorado.edu\/en\/simulations\/category\/new\" target=\"_blank\" rel=\"noopener noreferrer\">PhET Simulations<\/a> <a href=\"http:\/\/www.fisicanimada.net.br\/?q=eletricidade\/applets\" target=\"_blank\" rel=\"noopener noreferrer\">Fisicanimada<\/a><\/p>\n","protected":false},"excerpt":{"rendered":"<p>UFMS,&nbsp; UFMS\/SigProj,&nbsp; CNPQ, CNPQ\/GruposPesquisa,&nbsp; CAPES,&nbsp;&nbsp; Capes\/Qualis,&nbsp;&nbsp; Capes\/Peri\u00f3dicos,&nbsp;&nbsp; Capes\/Lattes,&nbsp; SBF FUNDECT-MS,&nbsp; SistemaFinanciar UFMS &#8211; Normas para cursos de P\u00f3s-Gradua\u00e7\u00e3o Stricto Sensu Normas ABNT UFMS Programa de P\u00f3s-gradua\u00e7\u00e3o em Ensino de Ci\u00eancias [&hellip;]<\/p>\n","protected":false},"author":651,"featured_media":0,"parent":0,"menu_order":0,"comment_status":"closed","ping_status":"closed","template":"","meta":{"ngg_post_thumbnail":0,"footnotes":""},"coauthors":[],"class_list":["post-313","page","type-page","status-publish","hentry"],"_links":{"self":[{"href":"https:\/\/infi.ufms.br\/en\/wp-json\/wp\/v2\/pages\/313","targetHints":{"allow":["GET"]}}],"collection":[{"href":"https:\/\/infi.ufms.br\/en\/wp-json\/wp\/v2\/pages"}],"about":[{"href":"https:\/\/infi.ufms.br\/en\/wp-json\/wp\/v2\/types\/page"}],"author":[{"embeddable":true,"href":"https:\/\/infi.ufms.br\/en\/wp-json\/wp\/v2\/users\/651"}],"replies":[{"embeddable":true,"href":"https:\/\/infi.ufms.br\/en\/wp-json\/wp\/v2\/comments?post=313"}],"version-history":[{"count":2,"href":"https:\/\/infi.ufms.br\/en\/wp-json\/wp\/v2\/pages\/313\/revisions"}],"predecessor-version":[{"id":3555,"href":"https:\/\/infi.ufms.br\/en\/wp-json\/wp\/v2\/pages\/313\/revisions\/3555"}],"wp:attachment":[{"href":"https:\/\/infi.ufms.br\/en\/wp-json\/wp\/v2\/media?parent=313"}],"wp:term":[{"taxonomy":"author","embeddable":true,"href":"https:\/\/infi.ufms.br\/en\/wp-json\/wp\/v2\/coauthors?post=313"}],"curies":[{"name":"wp","href":"https:\/\/api.w.org\/{rel}","templated":true}]}}