{"id":3031,"date":"2019-04-24T09:10:08","date_gmt":"2019-04-24T13:10:08","guid":{"rendered":"https:\/\/infi.ufms.br\/?page_id=3031"},"modified":"2023-08-29T14:13:11","modified_gmt":"2023-08-29T18:13:11","slug":"pdu","status":"publish","type":"page","link":"https:\/\/infi.ufms.br\/en\/pdu\/","title":{"rendered":"Plano de Desenvolvimento da Unidade"},"content":{"rendered":"<p>Consciente dos desafios inerentes \u00e0 gest\u00e3o p\u00fablica, a UFMS tem se empenhado em consolidar uma pr\u00e1tica organizativa em que a moderniza\u00e7\u00e3o e a transpar\u00eancia dos processos sejam um imperativo para a tomada de decis\u00e3o; nessa perspectiva, o esfor\u00e7o para operacionalizar as estrat\u00e9gias conduz necessariamente \u00e0 implementa\u00e7\u00e3o de procedimentos e sistemas que apoiem a gest\u00e3o universit\u00e1ria em rela\u00e7\u00e3o \u00e0 qualidade, \u00e0 efic\u00e1cia e, sobretudo, \u00e0 aprendizagem organizacional. Diante do seu quadro de realidade, a universidade se v\u00ea motivada a contextualizar o planejamento estrat\u00e9gico contido no Plano de Desenvolvimento Institucional \u2013 PDI 2020\/2024 como uma pr\u00e1tica organizativa comum a todas as Unidades; para tanto, faz-se necess\u00e1rio adequar todos os recursos e agentes inerentes \u00e0 gest\u00e3o universit\u00e1ria.<\/p>\n<p>Com o objetivo de promover uma melhoria cont\u00ednua nos processos de planejamento e idealizando uma gest\u00e3o marcadamente voltada para o alcance da miss\u00e3o, vis\u00e3o e valores da organiza\u00e7\u00e3o estamos iniciados o processo de elabora\u00e7\u00e3o dos Planos de Desenvolvimento de cada Unidade \u2013 PDU 2020\/2024, cujo principal objetivo consiste em oportunizar \u00e0s Unidades de Administra\u00e7\u00e3o e Setorial &#8211; UAS o alinhamento estrat\u00e9gico de seus planos de a\u00e7\u00f5es em n\u00edvel t\u00e1tico-operacional com o PDI ora vigente. Por meio desta ferramenta, pretende-se constituir uma rede de Unidades com compet\u00eancia, arrojo e autonomia para planejar e operacionalizar o futuro; pois, somente por meio de uma coliga\u00e7\u00e3o de for\u00e7as e compromissos m\u00fatuos, a UFMS poder\u00e1 assumir os papeis que lhe cabem como ente p\u00fablico indispens\u00e1vel ao desenvolvimento do homem e do seu meio.<\/p>\n<p>Estruturado em cinco eixo estrat\u00e9gico:<\/p>\n<ol>\n<li>Hist\u00f3rico da UAS;<\/li>\n<li>Gest\u00e3o da UAS;<\/li>\n<li>Organiza\u00e7\u00e3o Acad\u00eamica;<\/li>\n<li>Pol\u00edticas de atendimento aos discentes; e<\/li>\n<li>Planejamento t\u00e1tico\u2013operacional.<\/li>\n<\/ol>\n<p>O PDU 2020\/2024 foi concebido para viabilizar, no contexto de cada Unidade, uma consci\u00eancia coletiva sobre a import\u00e2ncia do planejamento para a gest\u00e3o universit\u00e1ria.<\/p>\n<p>Nesse sentido, o PDU \u00e9 uma propositura estrat\u00e9gica dentro do Plano de Desenvolvimento Institucional com mais dinamicidade pelo fato de conter metas e a\u00e7\u00f5es concebidos em um horizonte de tempo mais curto. Os benef\u00edcios que a proposta do PDU pretende entregar s\u00e3o muitos, contudo, s\u00e3o dignos de nota a melhoria na comunica\u00e7\u00e3o interna e externa, o processo decisorial torna-se mais assertivo, h\u00e1 uma maior delega\u00e7\u00e3o administrativa e uma relevante melhoria no desempenho organizacional da Unidade.<\/p>\n[gview file=&#8221;https:\/\/infi.ufms.br\/files\/2023\/08\/pdu.pdf&#8221;]\n","protected":false},"excerpt":{"rendered":"<p>Consciente dos desafios inerentes \u00e0 gest\u00e3o p\u00fablica, a UFMS tem se empenhado em consolidar uma pr\u00e1tica organizativa em que a moderniza\u00e7\u00e3o e a transpar\u00eancia dos processos sejam um imperativo para [&hellip;]<\/p>\n","protected":false},"author":651,"featured_media":0,"parent":0,"menu_order":0,"comment_status":"closed","ping_status":"closed","template":"","meta":{"ngg_post_thumbnail":0,"footnotes":""},"coauthors":[],"class_list":["post-3031","page","type-page","status-publish","hentry"],"_links":{"self":[{"href":"https:\/\/infi.ufms.br\/en\/wp-json\/wp\/v2\/pages\/3031","targetHints":{"allow":["GET"]}}],"collection":[{"href":"https:\/\/infi.ufms.br\/en\/wp-json\/wp\/v2\/pages"}],"about":[{"href":"https:\/\/infi.ufms.br\/en\/wp-json\/wp\/v2\/types\/page"}],"author":[{"embeddable":true,"href":"https:\/\/infi.ufms.br\/en\/wp-json\/wp\/v2\/users\/651"}],"replies":[{"embeddable":true,"href":"https:\/\/infi.ufms.br\/en\/wp-json\/wp\/v2\/comments?post=3031"}],"version-history":[{"count":4,"href":"https:\/\/infi.ufms.br\/en\/wp-json\/wp\/v2\/pages\/3031\/revisions"}],"predecessor-version":[{"id":4448,"href":"https:\/\/infi.ufms.br\/en\/wp-json\/wp\/v2\/pages\/3031\/revisions\/4448"}],"wp:attachment":[{"href":"https:\/\/infi.ufms.br\/en\/wp-json\/wp\/v2\/media?parent=3031"}],"wp:term":[{"taxonomy":"author","embeddable":true,"href":"https:\/\/infi.ufms.br\/en\/wp-json\/wp\/v2\/coauthors?post=3031"}],"curies":[{"name":"wp","href":"https:\/\/api.w.org\/{rel}","templated":true}]}}