{"id":3009,"date":"2019-04-12T14:35:35","date_gmt":"2019-04-12T18:35:35","guid":{"rendered":"https:\/\/infi.ufms.br\/?page_id=3009"},"modified":"2024-06-07T13:54:11","modified_gmt":"2024-06-07T17:54:11","slug":"colegiado-nde-engenharia","status":"publish","type":"page","link":"https:\/\/infi.ufms.br\/en\/engenharia-fisica\/colegiado-nde-engenharia\/","title":{"rendered":"Colegiado, NDE e COE\/ Engenharia F\u00edsica"},"content":{"rendered":"<p><strong>Coordenador<\/strong><\/p>\n<p><span style=\"font-weight: 400\">Mandato (2024 &#8211; 2026)<\/span><\/p>\n<p>Marcus Vinicius Monteiro Varanis<\/p>\n<p>&nbsp;<\/p>\n<p><strong>Colegiado<\/strong><\/p>\n<p><span style=\"font-weight: 400\">Representantes docentes (mandato 2022 &#8211; 2024)<\/span><\/p>\n<ul>\n<li style=\"font-weight: 400\"><span style=\"font-weight: 400\">Marcus Vinicius Monteiro Varanis (Presidente)<\/span><\/li>\n<li style=\"font-weight: 400\">Dorot\u00e9ia de F\u00e1tima Bozano<\/li>\n<li style=\"font-weight: 400\"><span style=\"font-weight: 400\">Diego Carvalho Barbosa Alves<\/span><\/li>\n<li style=\"font-weight: 400\">Cicero Rafael Cena da Silva<\/li>\n<\/ul>\n<p><span style=\"font-weight: 400\">Representante discente (mandato 2024 &#8211; 2025)<\/span><\/p>\n<p>&nbsp;<\/p>\n<p><strong>N\u00facleo Docente Estruturante (NDE)<\/strong><\/p>\n<p><span style=\"font-weight: 400\">Representantes docentes (mandato 2022 &#8211; 2024)<\/span><\/p>\n<ul>\n<li style=\"font-weight: 400\"><span style=\"font-weight: 400\">Marcus Vinicius Monteiro Varanis (Presidente)<\/span><\/li>\n<li style=\"font-weight: 400\"><span style=\"font-weight: 400\">Dorot\u00e9ia de F\u00e1tima Bozano<\/span><\/li>\n<li><span style=\"font-weight: 400\">Diego Carvalho Barbosa Alves<\/span><\/li>\n<li>Paulo de Sousa Carvalho J\u00fanior<\/li>\n<li>Wilder Rodrigues Cardoso<\/li>\n<\/ul>\n<p>&nbsp;<\/p>\n<p><b>Comiss\u00e3o de Est\u00e1gio (COE)<\/b><\/p>\n<p><span style=\"font-weight: 400\">Representantes docentes (mandato 2023 &#8211; 2025)<\/span><\/p>\n<ul>\n<li><span style=\"font-weight: 400\">Doroteia de F\u00e1tima Bozano (Presidente)<\/span><\/li>\n<li>Cau\u00ea Alves Martins (Presidente substituto)<\/li>\n<li style=\"font-weight: 400\"><span style=\"font-weight: 400\">Vin\u00edcius Pascotto Gastaldo (Coordenador de curso)<\/span><\/li>\n<li style=\"font-weight: 400\">Diogo Duarte dos Reis<\/li>\n<\/ul>\n<p><span style=\"font-weight: 400\">Representante discente (mandato 2023 &#8211; 2025)<\/span><\/p>\n<ul>\n<li style=\"font-weight: 400\">Anelise Nazareth Dantas Pessoa<\/li>\n<\/ul>\n<p>&nbsp;<\/p>\n<p><a href=\"https:\/\/boletimoficial.ufms.br\/bse\/publicacao?id=510230\" target=\"_blank\" rel=\"noopener noreferrer\"><span style=\"font-weight: 400\">Designa\u00e7\u00e3o do Coordenador de Curso<\/span><\/a><\/p>\n<p><a href=\"https:\/\/boletimoficial.ufms.br\/bse\/publicacao?id=504830\" target=\"_blank\" rel=\"noopener noreferrer\"><span style=\"font-weight: 400\">Resolu\u00e7\u00e3o de forma\u00e7\u00e3o do Colegiado de Curso<\/span><\/a><\/p>\n<p><a href=\"https:\/\/boletimoficial.ufms.br\/bse\/publicacao?id=524166\" target=\"_blank\" rel=\"noopener\"><span style=\"font-weight: 400\">Resolu\u00e7\u00e3o de forma\u00e7\u00e3o do N\u00facleo Docente Estruturante<\/span><\/a><\/p>\n<p><span style=\"font-weight: 400\"><a href=\"https:\/\/drive.google.com\/file\/d\/111CXjLLYyhM6QQYNvuW9uvknixSQCIQi\">Resolu\u00e7\u00e3o de forma\u00e7\u00e3o da Comiss\u00e3o de Est\u00e1gio<\/a><\/span> e <a href=\"https:\/\/drive.google.com\/file\/d\/1zrNiV2EnSXmi4s_NT5lL5jStEh3w3xH-\" target=\"_blank\" rel=\"noopener\">Resolu\u00e7\u00e3o de substitui\u00e7\u00e3o de membro da Comiss\u00e3o de Est\u00e1gio<\/a><\/p>\n","protected":false},"excerpt":{"rendered":"<p>Coordenador Mandato (2024 &#8211; 2026) Marcus Vinicius Monteiro Varanis &nbsp; Colegiado Representantes docentes (mandato 2022 &#8211; 2024) Marcus Vinicius Monteiro Varanis (Presidente) Dorot\u00e9ia de F\u00e1tima Bozano Diego Carvalho Barbosa Alves [&hellip;]<\/p>\n","protected":false},"author":651,"featured_media":0,"parent":2980,"menu_order":0,"comment_status":"closed","ping_status":"closed","template":"","meta":{"ngg_post_thumbnail":0,"footnotes":""},"coauthors":[],"class_list":["post-3009","page","type-page","status-publish","hentry"],"_links":{"self":[{"href":"https:\/\/infi.ufms.br\/en\/wp-json\/wp\/v2\/pages\/3009","targetHints":{"allow":["GET"]}}],"collection":[{"href":"https:\/\/infi.ufms.br\/en\/wp-json\/wp\/v2\/pages"}],"about":[{"href":"https:\/\/infi.ufms.br\/en\/wp-json\/wp\/v2\/types\/page"}],"author":[{"embeddable":true,"href":"https:\/\/infi.ufms.br\/en\/wp-json\/wp\/v2\/users\/651"}],"replies":[{"embeddable":true,"href":"https:\/\/infi.ufms.br\/en\/wp-json\/wp\/v2\/comments?post=3009"}],"version-history":[{"count":13,"href":"https:\/\/infi.ufms.br\/en\/wp-json\/wp\/v2\/pages\/3009\/revisions"}],"predecessor-version":[{"id":4561,"href":"https:\/\/infi.ufms.br\/en\/wp-json\/wp\/v2\/pages\/3009\/revisions\/4561"}],"up":[{"embeddable":true,"href":"https:\/\/infi.ufms.br\/en\/wp-json\/wp\/v2\/pages\/2980"}],"wp:attachment":[{"href":"https:\/\/infi.ufms.br\/en\/wp-json\/wp\/v2\/media?parent=3009"}],"wp:term":[{"taxonomy":"author","embeddable":true,"href":"https:\/\/infi.ufms.br\/en\/wp-json\/wp\/v2\/coauthors?post=3009"}],"curies":[{"name":"wp","href":"https:\/\/api.w.org\/{rel}","templated":true}]}}