{"id":2989,"date":"2019-04-10T14:29:23","date_gmt":"2019-04-10T18:29:23","guid":{"rendered":"https:\/\/infi.ufms.br\/?page_id=2989"},"modified":"2023-08-28T15:22:25","modified_gmt":"2023-08-28T19:22:25","slug":"regulamentos-engenharia","status":"publish","type":"page","link":"https:\/\/infi.ufms.br\/en\/engenharia-fisica\/regulamentos-engenharia\/","title":{"rendered":"Regulamentos Engenharia F\u00edsica"},"content":{"rendered":"<p><a href=\"https:\/\/prograd.ufms.br\/legislacao\/legislacao-geral-graduacao\/\" target=\"_blank\" rel=\"noopener noreferrer\">Regulamentos Gerais da Gradua\u00e7\u00e3o<\/a><\/p>\n<p><a href=\"https:\/\/boletimoficial.ufms.br\/bse\/publicacao?id=460874\" target=\"_blank\" rel=\"noopener noreferrer\">Regulamento de Trabalho de Conclus\u00e3o de Curso<\/a> (TCC)<\/p>\n<p><a href=\"https:\/\/boletimoficial.ufms.br\/bse\/publicacao?id=481502\" target=\"_blank\" rel=\"noopener noreferrer\">Regulamento de Atividades Complementares<\/a><\/p>\n<p><a href=\"https:\/\/boletimoficial.ufms.br\/bse\/publicacao?id=460873\" target=\"_blank\" rel=\"noopener noreferrer\">Regulamento de Atividades Orientadas de Ensino<\/a><\/p>\n<p><a href=\"https:\/\/boletimoficial.ufms.br\/bse\/publicacao?id=476540\" target=\"_blank\" rel=\"noopener noreferrer\">Regulamento de Est\u00e1gios<\/a><\/p>\n<p><a href=\"https:\/\/drive.google.com\/file\/d\/1FS2wTcXGQfwDWAfLxyQNHz1iVDPhmK45\/view?usp=sharing\" target=\"_blank\" rel=\"noopener noreferrer\">Manual de reda\u00e7\u00e3o do TCC<\/a> (docx)<\/p>\n","protected":false},"excerpt":{"rendered":"<p>Regulamentos Gerais da Gradua\u00e7\u00e3o Regulamento de Trabalho de Conclus\u00e3o de Curso (TCC) Regulamento de Atividades Complementares Regulamento de Atividades Orientadas de Ensino Regulamento de Est\u00e1gios Manual de reda\u00e7\u00e3o do TCC [&hellip;]<\/p>\n","protected":false},"author":651,"featured_media":0,"parent":2980,"menu_order":0,"comment_status":"closed","ping_status":"closed","template":"","meta":{"ngg_post_thumbnail":0,"footnotes":""},"coauthors":[],"class_list":["post-2989","page","type-page","status-publish","hentry"],"_links":{"self":[{"href":"https:\/\/infi.ufms.br\/en\/wp-json\/wp\/v2\/pages\/2989","targetHints":{"allow":["GET"]}}],"collection":[{"href":"https:\/\/infi.ufms.br\/en\/wp-json\/wp\/v2\/pages"}],"about":[{"href":"https:\/\/infi.ufms.br\/en\/wp-json\/wp\/v2\/types\/page"}],"author":[{"embeddable":true,"href":"https:\/\/infi.ufms.br\/en\/wp-json\/wp\/v2\/users\/651"}],"replies":[{"embeddable":true,"href":"https:\/\/infi.ufms.br\/en\/wp-json\/wp\/v2\/comments?post=2989"}],"version-history":[{"count":12,"href":"https:\/\/infi.ufms.br\/en\/wp-json\/wp\/v2\/pages\/2989\/revisions"}],"predecessor-version":[{"id":4432,"href":"https:\/\/infi.ufms.br\/en\/wp-json\/wp\/v2\/pages\/2989\/revisions\/4432"}],"up":[{"embeddable":true,"href":"https:\/\/infi.ufms.br\/en\/wp-json\/wp\/v2\/pages\/2980"}],"wp:attachment":[{"href":"https:\/\/infi.ufms.br\/en\/wp-json\/wp\/v2\/media?parent=2989"}],"wp:term":[{"taxonomy":"author","embeddable":true,"href":"https:\/\/infi.ufms.br\/en\/wp-json\/wp\/v2\/coauthors?post=2989"}],"curies":[{"name":"wp","href":"https:\/\/api.w.org\/{rel}","templated":true}]}}