{"id":2980,"date":"2019-04-10T14:04:49","date_gmt":"2019-04-10T18:04:49","guid":{"rendered":"https:\/\/infi.ufms.br\/?page_id=2980"},"modified":"2026-02-05T09:02:17","modified_gmt":"2026-02-05T13:02:17","slug":"engenharia-fisica","status":"publish","type":"page","link":"https:\/\/infi.ufms.br\/en\/engenharia-fisica\/","title":{"rendered":"Engenharia F\u00edsica"},"content":{"rendered":"<p align=\"justify\"><span style=\"color: #2c3e50\"><span style=\"font-family: Arial, serif\"><span style=\"font-size: medium\"><b>Dura\u00e7\u00e3o do Curso:<\/b><\/span><\/span><\/span><\/p>\n<ul>\n<li>\n<p align=\"justify\"><span style=\"color: #2c3e50\"><span style=\"font-family: Arial, serif\"><span style=\"font-size: medium\">10<\/span><\/span><\/span><span style=\"color: #2c3e50\"><span style=\"font-family: Arial, serif\"><span style=\"font-size: medium\"> semestres<\/span><\/span><\/span><\/p>\n<\/li>\n<\/ul>\n<p align=\"justify\"><span style=\"color: #2c3e50\"><span style=\"font-family: Arial, serif\"><span style=\"font-size: medium\"><b>Per\u00edodo:<\/b><\/span><\/span><\/span><\/p>\n<ul>\n<li>\n<p align=\"justify\"><span style=\"color: #2c3e50\"><span style=\"font-family: Arial, serif\"><span style=\"font-size: medium\">Curso 240<\/span><\/span><\/span><span style=\"color: #2c3e50\"><span style=\"font-family: Arial, serif\"><span style=\"font-size: medium\">6<\/span><\/span><\/span><span style=\"color: #2c3e50\"><span style=\"font-family: Arial, serif\"><span style=\"font-size: medium\"> &#8211; Integral (matutino, vespertino) <\/span><\/span><\/span><\/p>\n<\/li>\n<\/ul>\n<p align=\"justify\"><span style=\"color: #2c3e50\"><span style=\"font-family: Arial, serif\"><span style=\"font-size: medium\"><b>Modalidade de Ensino:<\/b><\/span><\/span><\/span><\/p>\n<ul>\n<li>\n<p align=\"justify\"><span style=\"color: #2c3e50\"><span style=\"font-family: Arial, serif\"><span style=\"font-size: medium\">Presencial<\/span><\/span><\/span><\/p>\n<\/li>\n<\/ul>\n<p align=\"justify\"><span style=\"color: #2c3e50\"><span style=\"font-family: Arial, serif\"><span style=\"font-size: medium\"><b>N\u00famero de Vagas:<\/b><\/span><\/span><\/span><\/p>\n<ul>\n<li>\n<p align=\"justify\"><span style=\"color: #2c3e50\"><span style=\"font-family: Arial, serif\"><span style=\"font-size: medium\">40 Vagas<\/span><\/span><\/span><\/p>\n<\/li>\n<\/ul>\n<p align=\"justify\"><span style=\"color: #2c3e50\"><span style=\"font-family: Arial, serif\"><span style=\"font-size: medium\"><b>Mais Informa\u00e7\u00f5es:<\/b><\/span><\/span><\/span><\/p>\n<ul>\n<li><span style=\"font-family: arial, helvetica, sans-serif;font-size: 12pt\"><a href=\"https:\/\/drive.google.com\/file\/d\/11Ay-AJ_CY8s2lAbdH5npPVHD4atba6Hg\/view?usp=sharing\" target=\"_blank\" rel=\"noopener\">Portf\u00f3lio<\/a><\/span><\/li>\n<li>\n<p align=\"justify\"><span style=\"font-family: arial, helvetica, sans-serif;font-size: 12pt\"><a href=\"https:\/\/sien.ufms.br\/cursos\/view\/2406#main-content\" target=\"_blank\" rel=\"noopener noreferrer\">Dados do Curso<\/a><\/span><\/p>\n<\/li>\n<li>\n<p align=\"justify\"><span style=\"font-family: arial, helvetica, sans-serif;font-size: 12pt\"><a href=\"https:\/\/sien.ufms.br\/cursos\/docentes\/2406#main-content\" target=\"_blank\" rel=\"noopener noreferrer\">Docentes<\/a><\/span><\/p>\n<\/li>\n<li>\n<p align=\"justify\"><span style=\"font-family: arial, helvetica, sans-serif;font-size: 12pt\"><a href=\"https:\/\/infi.ufms.br\/files\/2026\/01\/PPC-2406-Engenharia_Fisica.pdf\" target=\"_blank\" rel=\"noopener noreferrer\">Projeto Pedag\u00f3gico<\/a>\u00a0<\/span><\/p>\n<\/li>\n<li>\n<p align=\"justify\"><span style=\"font-family: arial, helvetica, sans-serif;font-size: 12pt\"><a href=\"https:\/\/sien.ufms.br\/cursos\/grade\/2406#main-content\" target=\"_blank\" rel=\"noopener noreferrer\">Grade Curricular<\/a><\/span><\/p>\n<\/li>\n<li>\n<p align=\"justify\"><span style=\"font-size: 12pt;font-family: arial, helvetica, sans-serif\"><a href=\"https:\/\/infi.ufms.br\/engenharia-fisica\/regulamentos-engenharia\/\">Resolu\u00e7\u00f5es e Regulamentos<\/a><\/span><\/p>\n<\/li>\n<li>\n<p align=\"justify\"><span style=\"font-size: 12pt;font-family: arial, helvetica, sans-serif\"><a href=\"https:\/\/infi.ufms.br\/engenharia-fisica\/colegiado-nde-engenharia\/\">Colegiado, NDE e COE<\/a><\/span><\/p>\n<\/li>\n<li>\n<p align=\"justify\"><span style=\"font-size: 12pt;font-family: arial, helvetica, sans-serif\"><a href=\"https:\/\/infi.ufms.br\/horarios-das-disciplinas\/\">Hor\u00e1rio de aula<\/a><\/span><\/p>\n<\/li>\n<li><span style=\"font-family: arial, helvetica, sans-serif;font-size: 12pt\"><a href=\"https:\/\/drive.google.com\/file\/d\/1FS2wTcXGQfwDWAfLxyQNHz1iVDPhmK45\/view\" target=\"_blank\" rel=\"noopener\">Manual de reda\u00e7\u00e3o do TCC<\/a><\/span><\/li>\n<\/ul>\n<p align=\"justify\"><span style=\"color: #2c3e50\"><span style=\"font-family: Arial, serif\"><span style=\"font-size: medium\"><b>Forma de ingresso:<\/b><\/span><\/span><\/span><\/p>\n<p align=\"justify\"><span style=\"color: #2c3e50\"><span style=\"font-family: Arial, serif\"><span style=\"font-size: medium\">O ingresso ocorre mediante Sistema Unificado de Sele\u00e7\u00e3o (SiSU) baseado no desempenho do Exame Nacional do Ensino M\u00e9dio (ENEM) e por Vestibular; movimenta\u00e7\u00e3o interna, transfer\u00eancias de outras IES e portadores de diplomas de curso de gradua\u00e7\u00e3o em n\u00edvel superior, na exist\u00eancia de vaga; e transfer\u00eancia compuls\u00f3ria.<\/span><\/span><\/span><\/p>\n<p align=\"justify\"><span style=\"color: #2c3e50\"><span style=\"font-family: Arial, serif\"><span style=\"font-size: medium\"><b>Objetivos do Curso:<\/b><\/span><\/span><\/span><\/p>\n<ul>\n<li>\n<p align=\"justify\"><span style=\"color: #2c3e50\"><span style=\"font-family: Arial, serif\"><span style=\"font-size: medium\">Formar um profissional em engenharia de car\u00e1ter multidisciplinar com forma\u00e7\u00e3o s\u00f3lida em f\u00edsica capaz de solucionar problemas e promover o desenvolvimento tecnol\u00f3gico;<\/span><\/span><\/span><\/p>\n<\/li>\n<li>\n<p align=\"justify\"><span style=\"color: #2c3e50\"><span style=\"font-family: Arial, serif\"><span style=\"font-size: medium\">Formar um profissional emprendedor e inovador;<\/span><\/span><\/span><\/p>\n<\/li>\n<li>\n<p align=\"justify\"><span style=\"color: #2c3e50\"><span style=\"font-family: Arial, serif\"><span style=\"font-size: medium\">Formar um profissional \u00e9tico, cr\u00edtico e consciente das implica\u00e7\u00f5es de sua atua\u00e7\u00e3o profissional.<\/span><\/span><\/span><\/p>\n<\/li>\n<\/ul>\n<p align=\"justify\"><span style=\"color: #2c3e50\"><span style=\"font-family: Arial, serif\"><span style=\"font-size: medium\"><b>Profiss\u00e3o:<\/b><\/span><\/span><\/span><\/p>\n<ul>\n<li>\n<p align=\"justify\"><span style=\"color: #2c3e50\"><span style=\"font-family: Arial, serif\"><span style=\"font-size: medium\">Engenheiro F\u00edsico<\/span><\/span><\/span><\/p>\n<\/li>\n<\/ul>\n<p align=\"justify\"><span style=\"color: #2c3e50\"><span style=\"font-family: Arial, serif\"><span style=\"font-size: medium\"><b>Atividades inerentes:<\/b><\/span><\/span><\/span><\/p>\n<p align=\"justify\"><span style=\"color: #2c3e50\"><span style=\"font-family: Arial, serif\"><span style=\"font-size: medium\">O egresso do curso de Engenharia F\u00edsica da UFMS \u00e9 um profissional generalista, apto a exercer de forma competente, cr\u00edtica e criativa as atividades de engenheiro inter\/multi\/transdisciplinar , nas mais diversas \u00e1reas poss\u00edveis para sua atua\u00e7\u00e3o. Esse profissional \u00e9 capaz de desenvolver novos processos e produtos de alto valor agregado, identificando e solucionando problemas das mais diversas \u00e1reas da tecnologia moderna, especialmente as que envolvem a f\u00edsica cl\u00e1ssica, moderna e contempor\u00e2nea, como: a \u00f3ptica, a ac\u00fastica, a geof\u00edsica, f\u00edsica da atmosfera, f\u00edsica na agroci\u00eancias, a criogenia, o estado s\u00f3lido, o eletromagnetismo, a computa\u00e7\u00e3o, a rob\u00f3tica, a eletr\u00f4nica b\u00e1sica e avan\u00e7ada, a optoeletr\u00f4nica, a automa\u00e7\u00e3o de equipamentos, entre outras. Trata-se, ainda, de um profissional capaz de propor solu\u00e7\u00f5es para os problemas identificados, considerando as dimens\u00f5es pol\u00edticas, econ\u00f4micas, sociais, culturais e ambientais. O egresso desse curso \u00e9 capaz de buscar novas formas do saber e do fazer cient\u00edfico e tecnol\u00f3gico, produzindo e divulgando novos conhecimentos, tecnologias, servi\u00e7os e produtos. <\/span><\/span><\/span><\/p>\n<p align=\"justify\"><span style=\"color: #2c3e50\"><span style=\"font-family: Arial, serif\"><span style=\"font-size: medium\"><b>\u00c1reas de Atua\u00e7\u00e3o e Exerc\u00edcio Profissional:<\/b><\/span><\/span><\/span><\/p>\n<ul>\n<li>\n<p align=\"justify\"><span style=\"color: #2c3e50\"><span style=\"font-family: Arial, serif\"><span style=\"font-size: medium\">Desenvolver e operacionalizar conhecimento b\u00e1sico utilizando conceitos e aplica\u00e7\u00f5es de t\u00e9cnicas num\u00e9ricas na resolu\u00e7\u00e3o de problemas de engenharia;<\/span><\/span><\/span><\/p>\n<\/li>\n<li>\n<p align=\"justify\"><span style=\"color: #2c3e50\"><span style=\"font-family: Arial, serif\"><span style=\"font-size: medium\">Analisar os modelos de resolu\u00e7\u00e3o de problemas e construir, a partir de informa\u00e7\u00f5es sistematizadas, modelos matem\u00e1ticos, f\u00edsicos, socioecon\u00f4micos que viabilizem o estudo das quest\u00f5es de engenharia;<\/span><\/span><\/span><\/p>\n<\/li>\n<li>\n<p align=\"justify\"><span style=\"color: #2c3e50\"><span style=\"font-family: Arial, serif\"><span style=\"font-size: medium\">Conceber, concretizar, coordenar, supervisionar e avaliar a implanta\u00e7\u00e3o de projetos e servi\u00e7os na \u00e1rea de Engenharia F\u00edsica;<\/span><\/span><\/span><\/p>\n<\/li>\n<li>\n<p align=\"justify\"><span style=\"color: #2c3e50\"><span style=\"font-family: Arial, serif\"><span style=\"font-size: medium\">Elaborar e desenvolver projetos, analisar sistemas, produtos e processos gerando e difundindo novas tecnologias e novos conhecimentos na \u00e1rea de engenharia;<\/span><\/span><\/span><\/p>\n<\/li>\n<li>\n<p align=\"justify\"><span style=\"color: #2c3e50\"><span style=\"font-family: Arial, serif\"><span style=\"font-size: medium\">Gerenciar, supervisionar a opera\u00e7\u00e3o, promovendo a manuten\u00e7\u00e3o e melhoria de sistemas;<\/span><\/span><\/span><\/p>\n<\/li>\n<li>\n<p align=\"justify\"><span style=\"color: #2c3e50\"><span style=\"font-family: Arial, serif\"><span style=\"font-size: medium\">Avaliar o impacto t\u00e9cnico-s\u00f3cio-econ\u00f4mico e ambiental de empreendimentos na \u00e1rea de Engenharia F\u00edsica;<\/span><\/span><\/span><\/p>\n<\/li>\n<li>\n<p align=\"justify\"><span style=\"color: #2c3e50\"><span style=\"font-family: Arial, serif\"><span style=\"font-size: medium\">Organizar, coordenar e participar de equipes multidisciplinares de trabalho, considerando as potencialidades e limites dos envolvidos;<\/span><\/span><\/span><\/p>\n<\/li>\n<\/ul>\n<p align=\"justify\"><span style=\"color: #2c3e50\"><span style=\"font-family: Arial, serif\"><span style=\"font-size: medium\"><b>Forma\u00e7\u00e3o:<\/b><\/span><\/span><\/span><\/p>\n<ul>\n<li>\n<p align=\"justify\"><span style=\"color: #2c3e50\"><span style=\"font-family: Arial, serif\"><span style=\"font-size: medium\">Bacharel<\/span><\/span><\/span><span style=\"color: #2c3e50\"><span style=\"font-family: Arial, serif\"><span style=\"font-size: medium\"> em Engenharia F\u00edsica.<\/span><\/span><\/span><\/p>\n<\/li>\n<\/ul>\n<p align=\"justify\"><span style=\"color: #2c3e50\"><span style=\"font-family: Arial, serif\"><span style=\"font-size: medium\"><b>Coordenador<\/b><\/span><\/span><\/span><\/p>\n<p align=\"justify\">Marcus Vinicius Monteiro Varanis<\/p>\n<p align=\"justify\"><a href=\"mailto:engfis.infi@ufms.br\" target=\"_blank\" rel=\"noopener noreferrer\"><span style=\"color: #1155cc\"><span style=\"font-family: Arial, serif\"><span style=\"font-size: medium\"><u>engfis.infi@ufms.br<\/u><\/span><\/span><\/span><\/a><\/p>\n<p align=\"justify\"><span style=\"color: #2c3e50\"><span style=\"font-family: Arial, serif\"><span style=\"font-size: medium\">Telefone: (67) 3345-7033<\/span><\/span><\/span><\/p>\n","protected":false},"excerpt":{"rendered":"<p>Dura\u00e7\u00e3o do Curso: 10 semestres Per\u00edodo: Curso 2406 &#8211; Integral (matutino, vespertino) Modalidade de Ensino: Presencial N\u00famero de Vagas: 40 Vagas Mais Informa\u00e7\u00f5es: Portf\u00f3lio Dados do Curso Docentes Projeto Pedag\u00f3gico\u00a0 [&hellip;]<\/p>\n","protected":false},"author":651,"featured_media":0,"parent":0,"menu_order":0,"comment_status":"closed","ping_status":"closed","template":"","meta":{"ngg_post_thumbnail":0,"footnotes":""},"coauthors":[55],"class_list":["post-2980","page","type-page","status-publish","hentry"],"_links":{"self":[{"href":"https:\/\/infi.ufms.br\/en\/wp-json\/wp\/v2\/pages\/2980","targetHints":{"allow":["GET"]}}],"collection":[{"href":"https:\/\/infi.ufms.br\/en\/wp-json\/wp\/v2\/pages"}],"about":[{"href":"https:\/\/infi.ufms.br\/en\/wp-json\/wp\/v2\/types\/page"}],"author":[{"embeddable":true,"href":"https:\/\/infi.ufms.br\/en\/wp-json\/wp\/v2\/users\/651"}],"replies":[{"embeddable":true,"href":"https:\/\/infi.ufms.br\/en\/wp-json\/wp\/v2\/comments?post=2980"}],"version-history":[{"count":32,"href":"https:\/\/infi.ufms.br\/en\/wp-json\/wp\/v2\/pages\/2980\/revisions"}],"predecessor-version":[{"id":5193,"href":"https:\/\/infi.ufms.br\/en\/wp-json\/wp\/v2\/pages\/2980\/revisions\/5193"}],"wp:attachment":[{"href":"https:\/\/infi.ufms.br\/en\/wp-json\/wp\/v2\/media?parent=2980"}],"wp:term":[{"taxonomy":"author","embeddable":true,"href":"https:\/\/infi.ufms.br\/en\/wp-json\/wp\/v2\/coauthors?post=2980"}],"curies":[{"name":"wp","href":"https:\/\/api.w.org\/{rel}","templated":true}]}}