{"id":258,"date":"2016-08-11T10:45:54","date_gmt":"2016-08-11T14:45:54","guid":{"rendered":"http:\/\/infi.draconis.ufms.br\/?page_id=258"},"modified":"2026-01-15T14:53:25","modified_gmt":"2026-01-15T18:53:25","slug":"servidores","status":"publish","type":"page","link":"https:\/\/infi.ufms.br\/en\/servidores\/","title":{"rendered":"Servidores"},"content":{"rendered":"<h3>Professores<\/h3>\n<table class=\"table\" style=\"width: 100%;height: 768px\" width=\"100%\">\n<thead>\n<tr style=\"height: 24px\">\n<th style=\"height: 24px\">Nome<\/th>\n<th style=\"height: 24px\">Ramal<\/th>\n<th style=\"height: 24px\">Email<\/th>\n<th style=\"height: 24px\">Informa\u00e7\u00f5es<\/th>\n<\/tr>\n<\/thead>\n<tbody>\n<tr style=\"height: 24px\">\n<td style=\"height: 24px\">Airton Carlos Notari<\/td>\n<td style=\"height: 24px\">7032<\/td>\n<td style=\"height: 24px\">airton.notari@ufms.br<\/td>\n<td style=\"height: 24px\"><a href=\"http:\/\/lattes.cnpq.br\/3238027702185455\" target=\"_blank\" rel=\"noopener\">Lattes<\/a><\/td>\n<\/tr>\n<tr style=\"height: 24px\">\n<td style=\"height: 24px\">Al\u00e9m-Mar Bernardes Gon\u00e7alves<\/td>\n<td style=\"height: 24px\">7029<\/td>\n<td style=\"height: 24px\">alem-mar.goncalves@ufms.br<\/td>\n<td style=\"height: 24px\"><a href=\"http:\/\/lattes.cnpq.br\/9214149338046718\" target=\"_blank\" rel=\"noopener\">Lattes<\/a><\/td>\n<\/tr>\n<tr style=\"height: 24px\">\n<td style=\"height: 24px\">Anderson Rodrigues Lima Caires<\/td>\n<td style=\"height: 24px\">7030\/7483<\/td>\n<td style=\"height: 24px\">anderson.caires@ufms.br<\/td>\n<td style=\"height: 24px\"><a href=\"http:\/\/lattes.cnpq.br\/4615245702160544\" target=\"_blank\" rel=\"noopener\">Lattes<\/a><\/td>\n<\/tr>\n<tr style=\"height: 24px\">\n<td style=\"height: 24px\">Bruno Spolon Marangoni<\/td>\n<td style=\"height: 24px\">7036<\/td>\n<td style=\"height: 24px\">bruno.marangoni@ufms.br<\/td>\n<td style=\"height: 24px\"><a href=\"http:\/\/lattes.cnpq.br\/6381229903897164\" target=\"_blank\" rel=\"noopener\">Lattes<\/a><\/td>\n<\/tr>\n<tr style=\"height: 24px\">\n<td style=\"height: 24px\">Cau\u00ea Alves Martins<\/td>\n<td style=\"height: 24px\">7486\/3634<\/td>\n<td style=\"height: 24px\">caue.martins@ufms.br<\/td>\n<td style=\"height: 24px\"><a href=\"http:\/\/lattes.cnpq.br\/2497397243924771\" target=\"_blank\" rel=\"noopener\">Lattes<\/a><\/td>\n<\/tr>\n<tr style=\"height: 24px\">\n<td style=\"height: 24px\">C\u00edcero Rafael Cena da Silva<\/td>\n<td style=\"height: 24px\">7516<\/td>\n<td style=\"height: 24px\">cicero.cena@ufms.br<\/td>\n<td style=\"height: 24px\"><a href=\"http:\/\/lattes.cnpq.br\/9753991192684926\" target=\"_blank\" rel=\"noopener\">Lattes<\/a><\/td>\n<\/tr>\n<tr style=\"height: 24px\">\n<td style=\"height: 24px\">Cl\u00f3vis Lasta Fritzen<\/td>\n<td style=\"height: 24px\">7032<\/td>\n<td style=\"height: 24px\">clovis.l.fritzen@ufms.br<\/td>\n<td style=\"height: 24px\"><a href=\"http:\/\/lattes.cnpq.br\/0090463001532810\" target=\"_blank\" rel=\"noopener\">Lattes<\/a><\/td>\n<\/tr>\n<tr style=\"height: 24px\">\n<td style=\"height: 24px\">Diego Carvalho Barbosa Alves<\/td>\n<td style=\"height: 24px\">7029<\/td>\n<td style=\"height: 24px\">diego.alves@ufms.br<\/td>\n<td style=\"height: 24px\"><a href=\"http:\/\/lattes.cnpq.br\/8797046503191420\" target=\"_blank\" rel=\"noopener\">Lattes<\/a><\/td>\n<\/tr>\n<tr style=\"height: 24px\">\n<td style=\"height: 24px\">Diogo Duarte dos Reis<\/td>\n<td style=\"height: 24px\">7036<\/td>\n<td style=\"height: 24px\">diogo.reis@ufms.br<\/td>\n<td style=\"height: 24px\"><a href=\"http:\/\/lattes.cnpq.br\/4821781941106619\" target=\"_blank\" rel=\"noopener\">Lattes<\/a><\/td>\n<\/tr>\n<tr style=\"height: 24px\">\n<td style=\"height: 24px\">Dorot\u00e9ia de F\u00e1tima Bozano<\/td>\n<td style=\"height: 24px\">7037<\/td>\n<td style=\"height: 24px\">doroteia.bozano@ufms.br<\/td>\n<td style=\"height: 24px\"><a href=\"http:\/\/lattes.cnpq.br\/0370075800722823\" target=\"_blank\" rel=\"noopener\">Lattes<\/a><\/td>\n<\/tr>\n<tr style=\"height: 24px\">\n<td style=\"height: 24px\">Fabio Mallmann Zimmer<\/td>\n<td style=\"height: 24px\">7955<\/td>\n<td style=\"height: 24px\">fabio.zimmer@ufms.br<\/td>\n<td style=\"height: 24px\"><a href=\"http:\/\/lattes.cnpq.br\/6328420212181284\" target=\"_blank\" rel=\"noopener\">Lattes<\/a><\/td>\n<\/tr>\n<tr style=\"height: 24px\">\n<td style=\"height: 24px\">Fl\u00e1vio Aristone<\/td>\n<td style=\"height: 24px\">7033<\/td>\n<td style=\"height: 24px\">flavio.aristone@ufms.br<\/td>\n<td style=\"height: 24px\"><a href=\"http:\/\/lattes.cnpq.br\/5787186901292274\" target=\"_blank\" rel=\"noopener\">Lattes<\/a><\/td>\n<\/tr>\n<tr style=\"height: 24px\">\n<td style=\"height: 24px\">Glaucius Iahnke de Oliveira<\/td>\n<td style=\"height: 24px\">7028<\/td>\n<td style=\"height: 24px\">glaucius.oliveira@ufms.br<\/td>\n<td style=\"height: 24px\"><a href=\"http:\/\/lattes.cnpq.br\/8799844092195328\" target=\"_blank\" rel=\"noopener\">Lattes<\/a><\/td>\n<\/tr>\n<tr style=\"height: 24px\">\n<td style=\"height: 24px\">Hamilton Germano Pav\u00e3o<\/td>\n<td style=\"height: 24px\">7034<\/td>\n<td style=\"height: 24px\">hamilton.pavao@ufms.br<\/td>\n<td style=\"height: 24px\"><a href=\"http:\/\/lattes.cnpq.br\/1235776697606436\" target=\"_blank\" rel=\"noopener\">Lattes<\/a><\/td>\n<\/tr>\n<tr style=\"height: 24px\">\n<td style=\"height: 24px\">Hamilton Perez Soares Corr\u00eaa<\/td>\n<td style=\"height: 24px\">7031<\/td>\n<td style=\"height: 24px\">hamilton.correa@ufms.br<\/td>\n<td style=\"height: 24px\"><a href=\"http:\/\/lattes.cnpq.br\/3613965385810622\" target=\"_blank\" rel=\"noopener\">Lattes<\/a><\/td>\n<\/tr>\n<tr style=\"height: 24px\">\n<td style=\"height: 24px\">Heberton Wender Luiz dos Santos<\/td>\n<td style=\"height: 24px\">7030<\/td>\n<td style=\"height: 24px\">heberton.wender@ufms.br<\/td>\n<td style=\"height: 24px\"><a href=\"http:\/\/lattes.cnpq.br\/4402792891712477\" target=\"_blank\" rel=\"noopener\">Lattes<\/a><\/td>\n<\/tr>\n<tr style=\"height: 24px\">\n<td style=\"height: 24px\">Isabela Porto Cavalcante<\/td>\n<td style=\"height: 24px\">7031<\/td>\n<td style=\"height: 24px\">isabela.cavalcante@ufms.br<\/td>\n<td style=\"height: 24px\"><a href=\"http:\/\/lattes.cnpq.br\/3026771014535770\" target=\"_blank\" rel=\"noopener\">Lattes<\/a><\/td>\n<\/tr>\n<tr style=\"height: 24px\">\n<td style=\"height: 24px\">Jo\u00e3o Vitor Batista Ferreira<\/td>\n<td style=\"height: 24px\">7034<\/td>\n<td style=\"height: 24px\">joao.ferreira@ufms.br<\/td>\n<td style=\"height: 24px\"><a href=\"http:\/\/lattes.cnpq.br\/4904110278374248\" target=\"_blank\" rel=\"noopener\">Lattes<\/a><\/td>\n<\/tr>\n<tr style=\"height: 24px\">\n<td style=\"height: 24px\">Lisiane Barcellos Calheiro<\/td>\n<td style=\"height: 24px\">7955<\/td>\n<td style=\"height: 24px\">barcellos.calheiro@ufms.br<\/td>\n<td style=\"height: 24px\"><a href=\"http:\/\/lattes.cnpq.br\/0676853171802730\" target=\"_blank\" rel=\"noopener\">Lattes<\/a><\/td>\n<\/tr>\n<tr style=\"height: 24px\">\n<td style=\"height: 24px\"><a href=\"http:\/\/infi.ufms.br\/lab2m\" target=\"_blank\" rel=\"noopener\">Marcos Serrou do Amaral<\/a><\/td>\n<td style=\"height: 24px\">7384\/7038<\/td>\n<td style=\"height: 24px\">marcos.amaral@ufms.br<\/td>\n<td style=\"height: 24px\"><a href=\"http:\/\/lattes.cnpq.br\/2856212656049424\" target=\"_blank\" rel=\"noopener\">Lattes<\/a><\/td>\n<\/tr>\n<tr>\n<td>Marcus Vinicius Monteiro Varanis<\/td>\n<td>7033<\/td>\n<td>marcus.varanis@ufms.br<\/td>\n<td><a href=\"http:\/\/lattes.cnpq.br\/1326436583744116\">Lattes<\/a><\/td>\n<\/tr>\n<tr style=\"height: 24px\">\n<td style=\"height: 24px\">Maria In\u00eas de Affonseca Jardim<\/td>\n<td style=\"height: 24px\">7028<\/td>\n<td style=\"height: 24px\">maria.jardim@ufms.br<\/td>\n<td style=\"height: 24px\"><a href=\"http:\/\/lattes.cnpq.br\/2180597985826729\" target=\"_blank\" rel=\"noopener\">Lattes<\/a><\/td>\n<\/tr>\n<tr style=\"height: 24px\">\n<td style=\"height: 24px\">N\u00e1dia Cristina Guimar\u00e3es Errobidart<\/td>\n<td style=\"height: 24px\">7712<\/td>\n<td style=\"height: 24px\">nadia.guimaraes@ufms.br<\/td>\n<td style=\"height: 24px\"><a href=\"http:\/\/lattes.cnpq.br\/0936879715665257\" target=\"_blank\" rel=\"noopener\">Lattes<\/a><\/td>\n<\/tr>\n<tr style=\"height: 24px\">\n<td style=\"height: 24px\">Paulo de Sousa Carvalho J\u00fanior<\/td>\n<td style=\"height: 24px\">7516<\/td>\n<td style=\"height: 24px\">paulo.sousa@ufms.br<\/td>\n<td style=\"height: 24px\"><a href=\"http:\/\/lattes.cnpq.br\/0609857989729690\" target=\"_blank\" rel=\"noopener\">Lattes<\/a><\/td>\n<\/tr>\n<tr style=\"height: 24px\">\n<td style=\"height: 24px\">Samuel Leite de Oliveira<\/td>\n<td style=\"height: 24px\">7486\/7483<\/td>\n<td style=\"height: 24px\">samuel.oliveira@ufms.br<\/td>\n<td style=\"height: 24px\"><a href=\"http:\/\/lattes.cnpq.br\/9804496328103850\" target=\"_blank\" rel=\"noopener\">Lattes<\/a><\/td>\n<\/tr>\n<tr style=\"height: 24px\">\n<td style=\"height: 24px\">Thiago Rangel Rodrigues<\/td>\n<td style=\"height: 24px\">7035\/7540<\/td>\n<td style=\"height: 24px\">thiago.r.rodrigues@ufms.br<\/td>\n<td style=\"height: 24px\"><a href=\"http:\/\/lattes.cnpq.br\/7044858666359931\" target=\"_blank\" rel=\"noopener\">Lattes<\/a><\/td>\n<\/tr>\n<tr style=\"height: 24px\">\n<td style=\"height: 24px\">Vin\u00edcius Buscioli Capistrano<\/td>\n<td style=\"height: 24px\">7485<\/td>\n<td style=\"height: 24px\">vinicius.capistrano@ufms.br<\/td>\n<td style=\"height: 24px\"><a href=\"#\" target=\"_blank\" rel=\"noopener\">Lattes<\/a><\/td>\n<\/tr>\n<tr style=\"height: 24px\">\n<td style=\"height: 24px\">Wellington Pereira de Queir\u00f3s<\/td>\n<td style=\"height: 24px\">7038<\/td>\n<td style=\"height: 24px\">wellington.queiros@ufms.br<\/td>\n<td style=\"height: 24px\"><a href=\"http:\/\/lattes.cnpq.br\/6527714159537457\" target=\"_blank\" rel=\"noopener\">Lattes<\/a><\/td>\n<\/tr>\n<tr style=\"height: 24px\">\n<td style=\"height: 24px\">Widinei Alves Fernandes<\/td>\n<td style=\"height: 24px\">7035\/7540<\/td>\n<td style=\"height: 24px\">widinei.fernandes@ufms.br<\/td>\n<td style=\"height: 24px\"><a href=\"http:\/\/lattes.cnpq.br\/8019402730275057\" target=\"_blank\" rel=\"noopener\">Lattes<\/a><\/td>\n<\/tr>\n<tr>\n<td>Wilder Rodrigues Cardoso<\/td>\n<td>&#8211;<\/td>\n<td>r.wilder@ufms.br<\/td>\n<td><a href=\"http:\/\/lattes.cnpq.br\/9548626090025341\">Lattes<\/a><\/td>\n<\/tr>\n<\/tbody>\n<\/table>\n<h3>T\u00e9cnicos<\/h3>\n<table class=\"table\" style=\"width: 100%;height: 240px\" width=\"100%\">\n<thead>\n<tr style=\"height: 24px\">\n<th style=\"height: 24px;width: 44.38%\">Nome<\/th>\n<th style=\"height: 24px;width: 9.13706%\">Ramal<\/th>\n<th style=\"height: 24px;width: 32.2698%\">Email<\/th>\n<th style=\"height: 24px;width: 13.343%\">Curr\u00edculo<\/th>\n<\/tr>\n<\/thead>\n<tbody>\n<tr style=\"height: 24px\">\n<td style=\"height: 24px;width: 44.38%\">Adriano Alex Carvalho Ramos<\/td>\n<td style=\"height: 24px;width: 9.13706%\">7963<\/td>\n<td style=\"height: 24px;width: 32.2698%\">adriano.carvalho@ufms.br<\/td>\n<td style=\"height: 24px;width: 13.343%\"><a href=\"#\">Lattes<\/a><\/td>\n<\/tr>\n<tr style=\"height: 24px\">\n<td style=\"height: 24px;width: 44.38%\">Andr\u00e9 Luiz Dias Lima<\/td>\n<td style=\"height: 24px;width: 9.13706%\">7482<\/td>\n<td style=\"height: 24px;width: 32.2698%\">andre.l.d.lima@ufms.br<\/td>\n<td style=\"height: 24px;width: 13.343%\"><a href=\"#\">Lattes<\/a><\/td>\n<\/tr>\n<tr style=\"height: 24px\">\n<td style=\"height: 24px;width: 44.38%\">Douglas dos Santos Costa<\/td>\n<td style=\"height: 24px;width: 9.13706%\">7485<\/td>\n<td style=\"height: 24px;width: 32.2698%\">douglas.costa@ufms.br<\/td>\n<td style=\"height: 24px;width: 13.343%\"><a href=\"#\">Lattes<\/a><\/td>\n<\/tr>\n<tr style=\"height: 24px\">\n<td style=\"height: 24px;width: 44.38%\">Fl\u00e1vio Santana Michels<\/td>\n<td style=\"height: 24px;width: 9.13706%\">7482<\/td>\n<td style=\"height: 24px;width: 32.2698%\">flavio.michels@ufms.br<\/td>\n<td style=\"height: 24px;width: 13.343%\"><a href=\"http:\/\/lattes.cnpq.br\/0153927553411774\" target=\"_blank\" rel=\"noopener\">Lattes<\/a><\/td>\n<\/tr>\n<tr style=\"height: 24px\">\n<td style=\"height: 24px;width: 44.38%\">Geraldo Norberto Rojas<\/td>\n<td style=\"height: 24px;width: 9.13706%\">7487<\/td>\n<td style=\"height: 24px;width: 32.2698%\">geraldo.rojas@ufms.br<\/td>\n<td style=\"height: 24px;width: 13.343%\"><a href=\"#\">Lattes<\/a><\/td>\n<\/tr>\n<tr style=\"height: 24px\">\n<td style=\"height: 24px;width: 44.38%\">Hellenicy Vitor Rezende<\/td>\n<td style=\"height: 24px;width: 9.13706%\">7483<\/td>\n<td style=\"height: 24px;width: 32.2698%\">hellenicy.rezende@ufms.br<\/td>\n<td style=\"height: 24px;width: 13.343%\"><a href=\"#\">Lattes<\/a><\/td>\n<\/tr>\n<tr style=\"height: 24px\">\n<td style=\"height: 24px;width: 44.38%\">Luana Malaman da Silva<\/td>\n<td style=\"height: 24px;width: 9.13706%\">7963<\/td>\n<td style=\"height: 24px;width: 32.2698%\">luana.malaman@ufms.br<\/td>\n<td style=\"height: 24px;width: 13.343%\"><a href=\"#\">Lattes<\/a><\/td>\n<\/tr>\n<tr style=\"height: 24px\">\n<td style=\"height: 24px;width: 44.38%\">Luiz Felipe Pla\u00e7a<\/td>\n<td style=\"height: 24px;width: 9.13706%\">7723<\/td>\n<td style=\"height: 24px;width: 32.2698%\">luiz.placa@ufms.br<\/td>\n<td style=\"height: 24px;width: 13.343%\"><a href=\"http:\/\/lattes.cnpq.br\/8828949592082510\" target=\"_blank\" rel=\"noopener\">Lattes<\/a><\/td>\n<\/tr>\n<tr style=\"height: 24px\">\n<td style=\"height: 24px;width: 44.38%\">Osmar Casagrande J\u00fanior<\/td>\n<td style=\"height: 24px;width: 9.13706%\">7485<\/td>\n<td style=\"height: 24px;width: 32.2698%\">osmar.casagrande@ufms.br<\/td>\n<td style=\"height: 24px;width: 13.343%\"><a href=\"http:\/\/lattes.cnpq.br\/0479267410637264\">Lattes<\/a><\/td>\n<\/tr>\n<tr style=\"height: 24px\">\n<td style=\"height: 24px;width: 44.38%\">Paulo Renato Esp\u00edndola<\/td>\n<td style=\"height: 24px;width: 9.13706%\">7484<\/td>\n<td style=\"height: 24px;width: 32.2698%\">paulo.espindola@ufms.br<\/td>\n<td style=\"height: 24px;width: 13.343%\"><a href=\"http:\/\/lattes.cnpq.br\/4578362509682274\" target=\"_blank\" rel=\"noopener\">Lattes<\/a><\/td>\n<\/tr>\n<tr style=\"height: 24px\">\n<td style=\"height: 24px;width: 44.38%\">Rodrigo Ferreira Gon\u00e7alves Fioravanti<\/td>\n<td style=\"height: 24px;width: 9.13706%\">7384<\/td>\n<td style=\"height: 24px;width: 32.2698%\">rodrigo.fioravante@ufms.br<\/td>\n<td style=\"height: 24px;width: 13.343%\"><a href=\"http:\/\/lattes.cnpq.br\/5690109487590720\" target=\"_blank\" rel=\"noopener\">Lattes<\/a><\/td>\n<\/tr>\n<tr style=\"height: 24px\">\n<td style=\"height: 24px;width: 44.38%\">Tassia Tsutsui<\/td>\n<td style=\"height: 24px;width: 9.13706%\">7481<\/td>\n<td style=\"height: 24px;width: 32.2698%\">tassia.tsutsui@ufms.br<\/td>\n<td style=\"height: 24px;width: 13.343%\"><a href=\"http:\/\/lattes.cnpq.br\/0439063942816649\" target=\"_blank\" rel=\"noopener\">Lattes<\/a><\/td>\n<\/tr>\n<tr style=\"height: 24px\">\n<td style=\"height: 24px;width: 44.38%\">Thaize Oliveira<\/td>\n<td style=\"height: 24px;width: 9.13706%\">7481<\/td>\n<td style=\"height: 24px;width: 32.2698%\">thaize.oliveira@ufms.br<\/td>\n<td style=\"height: 24px;width: 13.343%\"><a href=\"http:\/\/lattes.cnpq.br\/5130009544366332\" target=\"_blank\" rel=\"noopener\">Lattes<\/a><\/td>\n<\/tr>\n<tr style=\"height: 24px\">\n<td style=\"height: 24px;width: 44.38%\">Tiago Gomes da Silva<\/td>\n<td style=\"height: 24px;width: 9.13706%\">7484<\/td>\n<td style=\"height: 24px;width: 32.2698%\">tiago.gomes@ufms.br<\/td>\n<td style=\"height: 24px;width: 13.343%\"><a href=\"http:\/\/lattes.cnpq.br\/5501389124828349\" target=\"_blank\" rel=\"noopener\">Lattes<\/a><\/td>\n<\/tr>\n<tr style=\"height: 24px\">\n<td style=\"height: 24px;width: 44.38%\">Waldeir Moreschi Dias<\/td>\n<td style=\"height: 24px;width: 9.13706%\">7540<\/td>\n<td style=\"height: 24px;width: 32.2698%\">waldeir.dias@ufms.br<\/td>\n<td style=\"height: 24px;width: 13.343%\"><a href=\"http:\/\/lattes.cnpq.br\/3784763569264523\" target=\"_blank\" rel=\"noopener\">Lattes<\/a><\/td>\n<\/tr>\n<tr style=\"height: 24px\">\n<td style=\"height: 24px;width: 44.38%\">Yan Marcel Rodrigues Ara\u00fajo<\/td>\n<td style=\"height: 24px;width: 9.13706%\">7034<\/td>\n<td style=\"height: 24px;width: 32.2698%\">yan.araujo@ufms.br<\/td>\n<td style=\"height: 24px;width: 13.343%\"><a href=\"#\">Lattes<\/a><\/td>\n<\/tr>\n<\/tbody>\n<\/table>\n","protected":false},"excerpt":{"rendered":"<p>Professores Nome Ramal Email Informa\u00e7\u00f5es Airton Carlos Notari 7032 airton.notari@ufms.br Lattes Al\u00e9m-Mar Bernardes Gon\u00e7alves 7029 alem-mar.goncalves@ufms.br Lattes Anderson Rodrigues Lima Caires 7030\/7483 anderson.caires@ufms.br Lattes Bruno Spolon Marangoni 7036 bruno.marangoni@ufms.br Lattes [&hellip;]<\/p>\n","protected":false},"author":651,"featured_media":0,"parent":0,"menu_order":0,"comment_status":"closed","ping_status":"closed","template":"","meta":{"ngg_post_thumbnail":0,"footnotes":""},"coauthors":[55],"class_list":["post-258","page","type-page","status-publish","hentry"],"_links":{"self":[{"href":"https:\/\/infi.ufms.br\/en\/wp-json\/wp\/v2\/pages\/258","targetHints":{"allow":["GET"]}}],"collection":[{"href":"https:\/\/infi.ufms.br\/en\/wp-json\/wp\/v2\/pages"}],"about":[{"href":"https:\/\/infi.ufms.br\/en\/wp-json\/wp\/v2\/types\/page"}],"author":[{"embeddable":true,"href":"https:\/\/infi.ufms.br\/en\/wp-json\/wp\/v2\/users\/651"}],"replies":[{"embeddable":true,"href":"https:\/\/infi.ufms.br\/en\/wp-json\/wp\/v2\/comments?post=258"}],"version-history":[{"count":87,"href":"https:\/\/infi.ufms.br\/en\/wp-json\/wp\/v2\/pages\/258\/revisions"}],"predecessor-version":[{"id":5136,"href":"https:\/\/infi.ufms.br\/en\/wp-json\/wp\/v2\/pages\/258\/revisions\/5136"}],"wp:attachment":[{"href":"https:\/\/infi.ufms.br\/en\/wp-json\/wp\/v2\/media?parent=258"}],"wp:term":[{"taxonomy":"author","embeddable":true,"href":"https:\/\/infi.ufms.br\/en\/wp-json\/wp\/v2\/coauthors?post=258"}],"curies":[{"name":"wp","href":"https:\/\/api.w.org\/{rel}","templated":true}]}}