{"id":2489,"date":"2018-10-25T16:41:30","date_gmt":"2018-10-25T20:41:30","guid":{"rendered":"https:\/\/infi.ufms.br\/?page_id=2489"},"modified":"2019-04-03T13:17:22","modified_gmt":"2019-04-03T17:17:22","slug":"linhas-de-pesquisa","status":"publish","type":"page","link":"https:\/\/infi.ufms.br\/en\/lab2m\/linhas-de-pesquisa\/","title":{"rendered":"Linhas de pesquisa"},"content":{"rendered":"<h4>Objetivos deste grupo de pesquisa:<\/h4>\n<p>O <strong>Laborat\u00f3rio de Modelagem Molecular\/LAB2M<\/strong> tem por objetivos a realiza\u00e7\u00e3o de <strong>estudos computacionais<\/strong> de prote\u00ednas ligadas a compostos bioativos (f\u00e1rmacos, herbicidas etc) , heme-prote\u00ednas (citocromo c), prote\u00ednas em membranas e biocombust\u00edveis. As simulac\u00f5es permitem estudar efeitos de pH e potencial eletroqu\u00edmico na atividade biol\u00f3gica de prote\u00ednas (estudos estruturais), em propriedades \u00f3ticas de absorc\u00e3o ou de fluoresc\u00eancia, propriedades f\u00edsicas (viscosidade, densidade) em biocombust\u00edveis.<\/p>\n<p>&nbsp;<\/p>\n<h4>Linhas de pesquisa:<\/h4>\n<p>1\u00a0&#8211; Modelagem Molecular de Biocombust\u00edveis;<br \/>\n<a href=\"https:\/\/infi.ufms.br\/files\/2018\/10\/biocombustivel-girassol.jpeg\"><img decoding=\"async\" class=\"wp-image-2371 size-medium alignnone\" src=\"https:\/\/infi.ufms.br\/files\/2018\/10\/biocombustivel-girassol-300x159.jpeg\" alt=\"\" width=\"300\" height=\"159\" srcset=\"https:\/\/infi.ufms.br\/files\/2018\/10\/biocombustivel-girassol-300x159.jpeg 300w, https:\/\/infi.ufms.br\/files\/2018\/10\/biocombustivel-girassol-768x408.jpeg 768w, https:\/\/infi.ufms.br\/files\/2018\/10\/biocombustivel-girassol-1024x544.jpeg 1024w, https:\/\/infi.ufms.br\/files\/2018\/10\/biocombustivel-girassol-602x320.jpeg 602w, https:\/\/infi.ufms.br\/files\/2018\/10\/biocombustivel-girassol.jpeg 1280w\" sizes=\"(max-width: 300px) 100vw, 300px\" \/><\/a><\/p>\n<p>2\u00a0&#8211; Modelagem Molecular de Prote\u00ednas e Pept\u00eddeos;<br \/>\n<a href=\"https:\/\/infi.ufms.br\/files\/2018\/10\/petase.jpeg\"><img decoding=\"async\" class=\"alignleft wp-image-2373 size-thumbnail\" src=\"https:\/\/infi.ufms.br\/files\/2018\/10\/petase-150x150.jpeg\" alt=\"\" width=\"150\" height=\"150\" \/><\/a><br \/>\n<a href=\"https:\/\/infi.ufms.br\/files\/2018\/10\/peptideo-antimicrobiano-membrana.jpeg\"><img decoding=\"async\" class=\"alignleft wp-image-2372 size-thumbnail\" src=\"https:\/\/infi.ufms.br\/files\/2018\/10\/peptideo-antimicrobiano-membrana-150x150.jpeg\" alt=\"\" width=\"150\" height=\"150\" \/><\/a><br \/>\n<a href=\"https:\/\/infi.ufms.br\/files\/2018\/10\/citocromo-c.png\"><img loading=\"lazy\" decoding=\"async\" class=\"alignnone wp-image-2375 size-thumbnail\" src=\"https:\/\/infi.ufms.br\/files\/2018\/10\/citocromo-c-150x150.png\" alt=\"\" width=\"150\" height=\"150\" \/><\/a><\/p>\n<p>3\u00a0&#8211; Planejamento Racional de Novos F\u00e1rmacos \/ Toxicologia;<br \/>\n<a href=\"https:\/\/infi.ufms.br\/files\/2018\/10\/bace1.jpeg\"><img loading=\"lazy\" decoding=\"async\" class=\"alignleft wp-image-2380 size-medium\" src=\"https:\/\/infi.ufms.br\/files\/2018\/10\/bace1-300x300.jpeg\" alt=\"\" width=\"300\" height=\"300\" srcset=\"https:\/\/infi.ufms.br\/files\/2018\/10\/bace1-300x300.jpeg 300w, https:\/\/infi.ufms.br\/files\/2018\/10\/bace1-150x150.jpeg 150w, https:\/\/infi.ufms.br\/files\/2018\/10\/bace1-768x768.jpeg 768w, https:\/\/infi.ufms.br\/files\/2018\/10\/bace1-1024x1024.jpeg 1024w, https:\/\/infi.ufms.br\/files\/2018\/10\/bace1-320x320.jpeg 320w, https:\/\/infi.ufms.br\/files\/2018\/10\/bace1.jpeg 1280w\" sizes=\"(max-width: 300px) 100vw, 300px\" \/><\/a><br \/>\n<a href=\"https:\/\/infi.ufms.br\/files\/2018\/10\/beta-amilase.jpeg\"><img loading=\"lazy\" decoding=\"async\" class=\"wp-image-2370 size-medium alignnone\" src=\"https:\/\/infi.ufms.br\/files\/2018\/10\/beta-amilase-300x268.jpeg\" alt=\"\" width=\"300\" height=\"268\" srcset=\"https:\/\/infi.ufms.br\/files\/2018\/10\/beta-amilase-300x268.jpeg 300w, https:\/\/infi.ufms.br\/files\/2018\/10\/beta-amilase-768x687.jpeg 768w, https:\/\/infi.ufms.br\/files\/2018\/10\/beta-amilase-358x320.jpeg 358w, https:\/\/infi.ufms.br\/files\/2018\/10\/beta-amilase.jpeg 862w\" sizes=\"(max-width: 300px) 100vw, 300px\" \/><\/a><\/p>\n<p>&nbsp;<\/p>\n<p>4\u00a0&#8211; Simula\u00e7\u00f5es de Espectros de Absor\u00e7\u00e3o \u00d3tica e de Fluoresc\u00eancia.<\/p>\n","protected":false},"excerpt":{"rendered":"<p>Objetivos deste grupo de pesquisa: O Laborat\u00f3rio de Modelagem Molecular\/LAB2M tem por objetivos a realiza\u00e7\u00e3o de estudos computacionais de prote\u00ednas ligadas a compostos bioativos (f\u00e1rmacos, herbicidas etc) , heme-prote\u00ednas (citocromo [&hellip;]<\/p>\n","protected":false},"author":651,"featured_media":0,"parent":182,"menu_order":0,"comment_status":"closed","ping_status":"closed","template":"","meta":{"ngg_post_thumbnail":0,"footnotes":""},"coauthors":[],"class_list":["post-2489","page","type-page","status-publish","hentry"],"_links":{"self":[{"href":"https:\/\/infi.ufms.br\/en\/wp-json\/wp\/v2\/pages\/2489","targetHints":{"allow":["GET"]}}],"collection":[{"href":"https:\/\/infi.ufms.br\/en\/wp-json\/wp\/v2\/pages"}],"about":[{"href":"https:\/\/infi.ufms.br\/en\/wp-json\/wp\/v2\/types\/page"}],"author":[{"embeddable":true,"href":"https:\/\/infi.ufms.br\/en\/wp-json\/wp\/v2\/users\/651"}],"replies":[{"embeddable":true,"href":"https:\/\/infi.ufms.br\/en\/wp-json\/wp\/v2\/comments?post=2489"}],"version-history":[{"count":4,"href":"https:\/\/infi.ufms.br\/en\/wp-json\/wp\/v2\/pages\/2489\/revisions"}],"predecessor-version":[{"id":2971,"href":"https:\/\/infi.ufms.br\/en\/wp-json\/wp\/v2\/pages\/2489\/revisions\/2971"}],"up":[{"embeddable":true,"href":"https:\/\/infi.ufms.br\/en\/wp-json\/wp\/v2\/pages\/182"}],"wp:attachment":[{"href":"https:\/\/infi.ufms.br\/en\/wp-json\/wp\/v2\/media?parent=2489"}],"wp:term":[{"taxonomy":"author","embeddable":true,"href":"https:\/\/infi.ufms.br\/en\/wp-json\/wp\/v2\/coauthors?post=2489"}],"curies":[{"name":"wp","href":"https:\/\/api.w.org\/{rel}","templated":true}]}}