{"id":2405,"date":"2018-10-19T09:14:29","date_gmt":"2018-10-19T13:14:29","guid":{"rendered":"https:\/\/infi.ufms.br\/?page_id=2405"},"modified":"2026-02-23T13:29:28","modified_gmt":"2026-02-23T17:29:28","slug":"equipe","status":"publish","type":"page","link":"https:\/\/infi.ufms.br\/en\/lab2m\/equipe\/","title":{"rendered":"Equipe LAB2M"},"content":{"rendered":"<div class=\"container\">\n<div class=\"row\">\n<div class=\"col-md-7\">\n<div class=\"alignleft col-md-12\" id=\"marcos-serrou\">\n          <img decoding=\"async\" class=\"wp-image-2408 size-thumbnail alignleft\" src=\"https:\/\/infi.ufms.br\/files\/2018\/10\/marcos-serrou-150x150.jpeg\" alt=\"\" width=\"150\" height=\"150\" srcset=\"https:\/\/infi.ufms.br\/files\/2018\/10\/marcos-serrou-150x150.jpeg 150w, https:\/\/infi.ufms.br\/files\/2018\/10\/marcos-serrou-300x300.jpeg 300w, https:\/\/infi.ufms.br\/files\/2018\/10\/marcos-serrou-321x320.jpeg 321w, https:\/\/infi.ufms.br\/files\/2018\/10\/marcos-serrou.jpeg 606w\" sizes=\"(max-width: 150px) 100vw, 150px\" \/><\/p>\n<p class=\"alignleft col-md-8\">Prof. Marcos S. Amaral \u00e9 f\u00edsico e possui Doutorado em Ci\u00eancias (F\u00edsica-USP\/SP), P\u00f3s-Doutorado em Simula\u00e7\u00f5es Computacionais de Biodiesel (UFF\/RJ) e de hemeprote\u00ednas com oxi-reduc\u00e3o (University of Florida).<\/p>\n<p>          <a href=\"http:\/\/lattes.cnpq.br\/2856212656049424\" title=\"Curr\u00edculo Lattes\" target=\"_blank\" rel=\"noopener noreferrer\"><img decoding=\"async\" class=\"alignleft\" src=\"https:\/\/infi.ufms.br\/files\/2018\/10\/lattes.jpeg\" alt=\"Curr\u00edculo Lattes\" width=\"40\" height=\"40\" \/><\/a><br \/>\n          <a href=\"https:\/\/orcid.org\/0000-0001-8101-6933\" title=\"Orcid\" target=\"_blank\" rel=\"noopener noreferrer\"><img decoding=\"async\" class=\"alignleft\" src=\"https:\/\/infi.ufms.br\/files\/2018\/10\/orcid.png\" alt=\"Orcid\" width=\"40\" height=\"40\" \/><\/a><br \/>\n          <a href=\"https:\/\/www.researchgate.net\/profile\/Marcos_Amaral2\" title=\"Research Gate\" target=\"_blank\" rel=\"noopener noreferrer\"><img loading=\"lazy\" decoding=\"async\" class=\"alignleft\" src=\"https:\/\/infi.ufms.br\/files\/2018\/10\/research-gate.png\" alt=\"Research Gate\" width=\"40\" height=\"40\" \/><\/a><br \/>\n          <a href=\"https:\/\/scholar.google.com.br\/citations?user=OkOwCd8AAAAJ\" title=\"Google Scholar\" target=\"_blank\" rel=\"noopener noreferrer\"><img loading=\"lazy\" decoding=\"async\" class=\"alignleft\" src=\"https:\/\/infi.ufms.br\/files\/2018\/10\/scholar.jpeg\" alt=\"Google Scholar\" width=\"40\" height=\"40\" \/><\/a>\n      <\/div>\n<div class=\"alignleft col-md-12\" id=\"rodrigo-fioravante\">\n        <img loading=\"lazy\" decoding=\"async\" class=\"wp-image-2410 size-thumbnail alignleft\" src=\"https:\/\/infi.ufms.br\/files\/2018\/10\/rodrigo-fioravante-150x150.jpg\" alt=\"\" width=\"150\" height=\"150\" \/><\/p>\n<p class=\"alignleft col-md-8\">Rodrigo Fioravante \u00e9 o respons\u00e1vel t\u00e9cnico do Laborat\u00f3rio de Modelagem Computacional no INFI\/UFMS. Formado em Tecnologia em Sistemas para Internet pelo IFMS.<\/p>\n<p>        <a href=\"http:\/\/lattes.cnpq.br\/5690109487590720\" title=\"Curr\u00edculo Lattes\" target=\"_blank\" rel=\"noopener noreferrer\"><img decoding=\"async\" class=\"alignleft\" src=\"https:\/\/infi.ufms.br\/files\/2018\/10\/lattes.jpeg\" alt=\"Curr\u00edculo Lattes\" width=\"40\" height=\"40\" \/><\/a>\n      <\/div>\n<div class=\"alignleft col-md-12\" id=\"danilo-olivier\">\n        <img loading=\"lazy\" decoding=\"async\" class=\"wp-image-2412 size-thumbnail alignleft\" src=\"https:\/\/infi.ufms.br\/files\/2018\/10\/danilo-olivier-1-e1539955815670-150x150.jpeg\" alt=\"\" width=\"150\" height=\"150\" \/><\/p>\n<p class=\"alignleft col-md-8\">Prof. Danilo Olivier \u00e9 f\u00edsico e professor na Universidade Federal do Tocantins. Fez doutorado em Biof\u00edsica na FFCLRP-USP\/RP (com sandu\u00edche na Eindhoven Univerity of Technology &#8211; TU\/e) e p\u00f3s-doutorado em simulac\u00f5es de prote\u00ednas no IBILCE\/UNESP.<\/p>\n<p>        <a href=\"http:\/\/lattes.cnpq.br\/8414380265850516\" title=\"Curr\u00edculo Lattes\" target=\"_blank\" rel=\"noopener noreferrer\"><img decoding=\"async\" class=\"alignleft\" src=\"https:\/\/infi.ufms.br\/files\/2018\/10\/lattes.jpeg\" alt=\"Curr\u00edculo Lattes\" width=\"40\" height=\"40\" \/><\/a><br \/>\n        <a href=\"https:\/\/orcid.org\/0000-0003-1269-3783\" title=\"Orcid\" target=\"_blank\" rel=\"noopener noreferrer\"><img decoding=\"async\" class=\"alignleft\" src=\"https:\/\/infi.ufms.br\/files\/2018\/10\/orcid.png\" alt=\"Orcid\" width=\"40\" height=\"40\" \/><\/a><br \/>\n        <a href=\"https:\/\/www.researchgate.net\/profile\/Danilo_Olivier\" title=\"Research Gate\" target=\"_blank\" rel=\"noopener noreferrer\"><img loading=\"lazy\" decoding=\"async\" class=\"alignleft\" src=\"https:\/\/infi.ufms.br\/files\/2018\/10\/research-gate.png\" alt=\"Research Gate\" width=\"40\" height=\"40\" \/><\/a><br \/>\n        <a href=\"https:\/\/scholar.google.com.br\/citations?user=Vs-l5lsAAAAJ\" title=\"Google Scholar\" target=\"_blank\" rel=\"noopener noreferrer\"><img loading=\"lazy\" decoding=\"async\" class=\"alignleft\" src=\"https:\/\/infi.ufms.br\/files\/2018\/10\/scholar.jpeg\" alt=\"Google Scholar\" width=\"40\" height=\"40\" \/><\/a>\n      <\/div>\n<div class=\"alignleft col-md-12\" id=\"charlene-avelar\">\n        <img loading=\"lazy\" decoding=\"async\" class=\"wp-image-2412 size-thumbnail alignleft\" src=\"https:\/\/infi.ufms.br\/files\/2020\/02\/charlene-avelar-150x150.jpeg\" alt=\"\" width=\"150\" height=\"150\" \/><\/p>\n<p class=\"alignleft col-md-8\">Doutoranda Charlene Avelar \u00e9 graduada em Matem\u00e1tica e Processos Gerenciais pela UFMS, possui tamb\u00e9m especializa\u00e7\u00e3o de Forma\u00e7\u00e3o em Educa\u00e7\u00e3o a Dist\u00e2ncia pela UNIP e Mestrado em Ci\u00eancia dos Materiais pelo INFI\/UFMS.<\/p>\n<p>        <a href=\"http:\/\/lattes.cnpq.br\/4569688122480342\" title=\"Curr\u00edculo Lattes\" target=\"_blank\" rel=\"noopener noreferrer\"><img decoding=\"async\" class=\"alignleft\" src=\"https:\/\/infi.ufms.br\/files\/2018\/10\/lattes.jpeg\" alt=\"Curr\u00edculo Lattes\" width=\"40\" height=\"40\" \/><\/a>\n      <\/div>\n<div class=\"alignleft col-md-12\" id=\"nayhara-queiroz\">\n        <img loading=\"lazy\" decoding=\"async\" class=\"wp-image-2412 size-thumbnail alignleft\" src=\"https:\/\/infi.ufms.br\/files\/2026\/02\/nayhara-queiroz-150x150.jpg\" alt=\"\" width=\"150\" height=\"150\" \/><\/p>\n<p class=\"alignleft col-md-8\">Doutoranda Nayhara Queiroz \u00e9 graduada em Qu\u00edmica e Mestre em Ci\u00eancia dos Materiais.<\/p>\n<p>        <a href=\"http:\/\/lattes.cnpq.br\/6046506572796593\" title=\"Curr\u00edculo Lattes\" target=\"_blank\" rel=\"noopener noreferrer\"><img decoding=\"async\" class=\"alignleft\" src=\"https:\/\/infi.ufms.br\/files\/2018\/10\/lattes.jpeg\" alt=\"Curr\u00edculo Lattes\" width=\"40\" height=\"40\" \/><\/a>\n      <\/div>\n<\/p><\/div>\n<\/p><\/div>\n<\/div>\n","protected":false},"excerpt":{"rendered":"<p>Prof. Marcos S. Amaral \u00e9 f\u00edsico e possui Doutorado em Ci\u00eancias (F\u00edsica-USP\/SP), P\u00f3s-Doutorado em Simula\u00e7\u00f5es Computacionais de Biodiesel (UFF\/RJ) e de hemeprote\u00ednas com oxi-reduc\u00e3o (University of Florida). Rodrigo Fioravante \u00e9 [&hellip;]<\/p>\n","protected":false},"author":651,"featured_media":0,"parent":182,"menu_order":0,"comment_status":"closed","ping_status":"closed","template":"","meta":{"ngg_post_thumbnail":0,"footnotes":""},"coauthors":[55],"class_list":["post-2405","page","type-page","status-publish","hentry"],"_links":{"self":[{"href":"https:\/\/infi.ufms.br\/en\/wp-json\/wp\/v2\/pages\/2405","targetHints":{"allow":["GET"]}}],"collection":[{"href":"https:\/\/infi.ufms.br\/en\/wp-json\/wp\/v2\/pages"}],"about":[{"href":"https:\/\/infi.ufms.br\/en\/wp-json\/wp\/v2\/types\/page"}],"author":[{"embeddable":true,"href":"https:\/\/infi.ufms.br\/en\/wp-json\/wp\/v2\/users\/651"}],"replies":[{"embeddable":true,"href":"https:\/\/infi.ufms.br\/en\/wp-json\/wp\/v2\/comments?post=2405"}],"version-history":[{"count":97,"href":"https:\/\/infi.ufms.br\/en\/wp-json\/wp\/v2\/pages\/2405\/revisions"}],"predecessor-version":[{"id":5210,"href":"https:\/\/infi.ufms.br\/en\/wp-json\/wp\/v2\/pages\/2405\/revisions\/5210"}],"up":[{"embeddable":true,"href":"https:\/\/infi.ufms.br\/en\/wp-json\/wp\/v2\/pages\/182"}],"wp:attachment":[{"href":"https:\/\/infi.ufms.br\/en\/wp-json\/wp\/v2\/media?parent=2405"}],"wp:term":[{"taxonomy":"author","embeddable":true,"href":"https:\/\/infi.ufms.br\/en\/wp-json\/wp\/v2\/coauthors?post=2405"}],"curies":[{"name":"wp","href":"https:\/\/api.w.org\/{rel}","templated":true}]}}