{"id":2343,"date":"2018-09-26T14:17:18","date_gmt":"2018-09-26T18:17:18","guid":{"rendered":"https:\/\/infi.ufms.br\/?page_id=2343"},"modified":"2026-02-25T12:56:05","modified_gmt":"2026-02-25T16:56:05","slug":"horarios-das-disciplinas","status":"publish","type":"page","link":"https:\/\/infi.ufms.br\/en\/horarios-das-disciplinas\/","title":{"rendered":"Hor\u00e1rio 2026.1"},"content":{"rendered":"<h3>HOR\u00c1RIOS DAS DISCIPLINAS<\/h3>\n<p><a href=\"https:\/\/infi.ufms.br\/files\/2026\/02\/Horario-Fisica-Licenciatura-Semestre-2026-1.pdf\">F\u00edsica Licenciatura<\/a><\/p>\n<p><a href=\"https:\/\/infi.ufms.br\/files\/2026\/02\/Horario-Fisica-Bacharelado-Semestre-2026-1.pdf\">F\u00edsica Bacharelado<\/a><\/p>\n<p><a href=\"https:\/\/infi.ufms.br\/files\/2026\/02\/Horario-Engenharia-Fisica.pdf\">Engenharia F\u00edsica<\/a><\/p>\n","protected":false},"excerpt":{"rendered":"<p>HOR\u00c1RIOS DAS DISCIPLINAS F\u00edsica Licenciatura F\u00edsica Bacharelado Engenharia F\u00edsica<\/p>\n","protected":false},"author":651,"featured_media":3524,"parent":0,"menu_order":0,"comment_status":"closed","ping_status":"closed","template":"","meta":{"ngg_post_thumbnail":0,"footnotes":""},"coauthors":[55],"class_list":["post-2343","page","type-page","status-publish","has-post-thumbnail","hentry"],"_links":{"self":[{"href":"https:\/\/infi.ufms.br\/en\/wp-json\/wp\/v2\/pages\/2343","targetHints":{"allow":["GET"]}}],"collection":[{"href":"https:\/\/infi.ufms.br\/en\/wp-json\/wp\/v2\/pages"}],"about":[{"href":"https:\/\/infi.ufms.br\/en\/wp-json\/wp\/v2\/types\/page"}],"author":[{"embeddable":true,"href":"https:\/\/infi.ufms.br\/en\/wp-json\/wp\/v2\/users\/651"}],"replies":[{"embeddable":true,"href":"https:\/\/infi.ufms.br\/en\/wp-json\/wp\/v2\/comments?post=2343"}],"version-history":[{"count":48,"href":"https:\/\/infi.ufms.br\/en\/wp-json\/wp\/v2\/pages\/2343\/revisions"}],"predecessor-version":[{"id":5229,"href":"https:\/\/infi.ufms.br\/en\/wp-json\/wp\/v2\/pages\/2343\/revisions\/5229"}],"wp:featuredmedia":[{"embeddable":true,"href":"https:\/\/infi.ufms.br\/en\/wp-json\/wp\/v2\/media\/3524"}],"wp:attachment":[{"href":"https:\/\/infi.ufms.br\/en\/wp-json\/wp\/v2\/media?parent=2343"}],"wp:term":[{"taxonomy":"author","embeddable":true,"href":"https:\/\/infi.ufms.br\/en\/wp-json\/wp\/v2\/coauthors?post=2343"}],"curies":[{"name":"wp","href":"https:\/\/api.w.org\/{rel}","templated":true}]}}