{"id":226,"date":"2016-08-10T11:16:26","date_gmt":"2016-08-10T15:16:26","guid":{"rendered":"http:\/\/infi.draconis.ufms.br\/?page_id=226"},"modified":"2016-08-11T10:00:28","modified_gmt":"2016-08-11T14:00:28","slug":"projeto-bocaiuva","status":"publish","type":"page","link":"https:\/\/infi.ufms.br\/en\/extensao\/projeto-bocaiuva\/","title":{"rendered":"Projeto Bocai\u00fava"},"content":{"rendered":"<p><img fetchpriority=\"high\" decoding=\"async\" class=\"size-medium wp-image-227 alignleft\" src=\"http:\/\/infi.draconis.ufms.br\/files\/2016\/08\/bocaiuva-300x230.jpg\" alt=\"bocaiuva\" width=\"300\" height=\"230\" srcset=\"https:\/\/infi.ufms.br\/files\/2016\/08\/bocaiuva-300x230.jpg 300w, https:\/\/infi.ufms.br\/files\/2016\/08\/bocaiuva-418x320.jpg 418w, https:\/\/infi.ufms.br\/files\/2016\/08\/bocaiuva.jpg 500w\" sizes=\"(max-width: 300px) 100vw, 300px\" \/><\/p>\n<p>A bocai\u00fava \u00e9 um coco cujo nome cient\u00edfico \u00e9 Acrocomia aculeata e se espalha por quase todo o territ\u00f3rio nacional. Varia muito de nome, conforme a regi\u00e3o. Em S\u00e3o Paulo e Minas Gerais \u00e9 conhecida como MACA\u00daBA. J\u00e1 nas proximidades do Paraguai leva o nome de BOCAJ\u00c1, e naquele Pa\u00eds chama-se mbocay\u00e1, ou como por aqui, simplesmente coquinho. Coco-baboso, mocaj\u00e1, mocajuba s\u00e3o outros nomes que designam a mesma fruta. No Nordeste \u00e9 conhecida como MACA\u00cdBA. Como todo coco, tem uma casca exterior, logo em seguida vem a sua polpa, depois vem o tegumento dentro do qual se encontra uma castanha, que tem uma pele fina envolvendo o caro\u00e7o. Como em todo coco, dentro desse caro\u00e7o existe \u00e1gua quando ele est\u00e1 verde e \u00e0 medida que ele amadurece a \u00e1gua seca dando origem a uma castanha maci\u00e7a.<\/p>\n<p><a href=\"#\">Site do Projeto Bocai\u00fava (desativado)<\/a><\/p>\n","protected":false},"excerpt":{"rendered":"<p>A bocai\u00fava \u00e9 um coco cujo nome cient\u00edfico \u00e9 Acrocomia aculeata e se espalha por quase todo o territ\u00f3rio nacional. Varia muito de nome, conforme a regi\u00e3o. Em S\u00e3o Paulo [&hellip;]<\/p>\n","protected":false},"author":651,"featured_media":0,"parent":250,"menu_order":0,"comment_status":"closed","ping_status":"closed","template":"","meta":{"ngg_post_thumbnail":0,"footnotes":""},"coauthors":[],"class_list":["post-226","page","type-page","status-publish","hentry"],"_links":{"self":[{"href":"https:\/\/infi.ufms.br\/en\/wp-json\/wp\/v2\/pages\/226","targetHints":{"allow":["GET"]}}],"collection":[{"href":"https:\/\/infi.ufms.br\/en\/wp-json\/wp\/v2\/pages"}],"about":[{"href":"https:\/\/infi.ufms.br\/en\/wp-json\/wp\/v2\/types\/page"}],"author":[{"embeddable":true,"href":"https:\/\/infi.ufms.br\/en\/wp-json\/wp\/v2\/users\/651"}],"replies":[{"embeddable":true,"href":"https:\/\/infi.ufms.br\/en\/wp-json\/wp\/v2\/comments?post=226"}],"version-history":[{"count":1,"href":"https:\/\/infi.ufms.br\/en\/wp-json\/wp\/v2\/pages\/226\/revisions"}],"predecessor-version":[{"id":228,"href":"https:\/\/infi.ufms.br\/en\/wp-json\/wp\/v2\/pages\/226\/revisions\/228"}],"up":[{"embeddable":true,"href":"https:\/\/infi.ufms.br\/en\/wp-json\/wp\/v2\/pages\/250"}],"wp:attachment":[{"href":"https:\/\/infi.ufms.br\/en\/wp-json\/wp\/v2\/media?parent=226"}],"wp:term":[{"taxonomy":"author","embeddable":true,"href":"https:\/\/infi.ufms.br\/en\/wp-json\/wp\/v2\/coauthors?post=226"}],"curies":[{"name":"wp","href":"https:\/\/api.w.org\/{rel}","templated":true}]}}