{"id":220,"date":"2016-08-10T11:03:38","date_gmt":"2016-08-10T15:03:38","guid":{"rendered":"http:\/\/infi.draconis.ufms.br\/?page_id=220"},"modified":"2018-11-05T12:30:47","modified_gmt":"2018-11-05T16:30:47","slug":"casa-da-ciencia","status":"publish","type":"page","link":"https:\/\/infi.ufms.br\/en\/extensao\/casa-da-ciencia\/","title":{"rendered":"Casa da Ci\u00eancia"},"content":{"rendered":"<p><img decoding=\"async\" class=\"size-medium wp-image-221 alignleft\" src=\"http:\/\/infi.draconis.ufms.br\/files\/2016\/08\/casa-da-ciencia-300x150.png\" alt=\"casa-da-ciencia\" width=\"300\" height=\"150\" srcset=\"https:\/\/infi.ufms.br\/files\/2016\/08\/casa-da-ciencia-300x150.png 300w, https:\/\/infi.ufms.br\/files\/2016\/08\/casa-da-ciencia.png 450w\" sizes=\"(max-width: 300px) 100vw, 300px\" \/><\/p>\n<p>A Casa da Ci\u00eancia \u00e9 um programa de extens\u00e3o que tem o objetivo de difundir o conhecimento cient\u00edfico para todos. Visite-nos no pr\u00e9dio da Casa da Ci\u00eancia em frente ao Teatro Glauce Rocha.<\/p>\n<p>Programa de Extens\u00e3o Casa de Ci\u00eancia e Cultura de Campo Grande<br \/>\nCidade Universit\u00e1ria s\/n, CEP 79070-900, Campo Grande &#8211; MS<br \/>\nTelefone: (67)3345-7487 \/ 7031<\/p>\n<p><a href=\"http:\/\/www.casadaciencia.draconis.ufms.br\" target=\"_blank\">Site da Casa da Ci\u00eancia<\/a><\/p>\n","protected":false},"excerpt":{"rendered":"<p>A Casa da Ci\u00eancia \u00e9 um programa de extens\u00e3o que tem o objetivo de difundir o conhecimento cient\u00edfico para todos. Visite-nos no pr\u00e9dio da Casa da Ci\u00eancia em frente ao [&hellip;]<\/p>\n","protected":false},"author":651,"featured_media":0,"parent":250,"menu_order":0,"comment_status":"closed","ping_status":"closed","template":"","meta":{"ngg_post_thumbnail":0,"footnotes":""},"coauthors":[],"class_list":["post-220","page","type-page","status-publish","hentry"],"_links":{"self":[{"href":"https:\/\/infi.ufms.br\/en\/wp-json\/wp\/v2\/pages\/220","targetHints":{"allow":["GET"]}}],"collection":[{"href":"https:\/\/infi.ufms.br\/en\/wp-json\/wp\/v2\/pages"}],"about":[{"href":"https:\/\/infi.ufms.br\/en\/wp-json\/wp\/v2\/types\/page"}],"author":[{"embeddable":true,"href":"https:\/\/infi.ufms.br\/en\/wp-json\/wp\/v2\/users\/651"}],"replies":[{"embeddable":true,"href":"https:\/\/infi.ufms.br\/en\/wp-json\/wp\/v2\/comments?post=220"}],"version-history":[{"count":5,"href":"https:\/\/infi.ufms.br\/en\/wp-json\/wp\/v2\/pages\/220\/revisions"}],"predecessor-version":[{"id":2561,"href":"https:\/\/infi.ufms.br\/en\/wp-json\/wp\/v2\/pages\/220\/revisions\/2561"}],"up":[{"embeddable":true,"href":"https:\/\/infi.ufms.br\/en\/wp-json\/wp\/v2\/pages\/250"}],"wp:attachment":[{"href":"https:\/\/infi.ufms.br\/en\/wp-json\/wp\/v2\/media?parent=220"}],"wp:term":[{"taxonomy":"author","embeddable":true,"href":"https:\/\/infi.ufms.br\/en\/wp-json\/wp\/v2\/coauthors?post=220"}],"curies":[{"name":"wp","href":"https:\/\/api.w.org\/{rel}","templated":true}]}}