{"id":2149,"date":"2018-08-06T14:57:42","date_gmt":"2018-08-06T18:57:42","guid":{"rendered":"https:\/\/infi.ufms.br\/?page_id=2149"},"modified":"2022-09-12T13:02:08","modified_gmt":"2022-09-12T17:02:08","slug":"arquivos-interessantes","status":"publish","type":"page","link":"https:\/\/infi.ufms.br\/en\/laboratorios-didaticos\/arquivos-interessantes\/","title":{"rendered":"Arquivos Interessantes"},"content":{"rendered":"<p>&nbsp;<\/p>\n<ul>\n<li><a href=\"https:\/\/drive.google.com\/open?id=1LaJIIkkMCP-Z_h2IGAcR4l7qqqIqaRYd\" target=\"_blank\" rel=\"noopener noreferrer\">Constru\u00e7\u00e3o de Gr\u00e1ficos e Lineariza\u00e7\u00e3o<\/a><\/li>\n<li><a href=\"https:\/\/drive.google.com\/file\/d\/1L_uMnLKTogwpWh0VQRs8mF6ZKxkMMUCF\/view?usp=sharing\" target=\"_blank\" rel=\"noopener\">INMETRO &#8211; Sistema Internacional de Medidas<\/a><\/li>\n<li><a href=\"https:\/\/drive.google.com\/open?id=1tPLgP-K9JCrKHv8FrTdEdWpZ6HeC9y8o\" target=\"_blank\" rel=\"noopener noreferrer\">Quadro Geral de Unidades de Medidas No Brasil<\/a><\/li>\n<li><a class=\"dhtgD\" href=\"http:\/\/www.google.com\/url?q=http%3A%2F%2Fwww.stefanelli.eng.br%2Fwebpage%2Fmetrologia%2Fi-metrologia.html&amp;sa=D&amp;sntz=1&amp;usg=AFQjCNG8Wbm8Ypl7TLJJySWO0SHAhvTwhg\" target=\"_blank\" rel=\"noopener noreferrer\">Uso de instrumentos de medida<\/a> \u2014 Site do Prof. Eduardo J. Stefanelli tratando do uso de instrumentos de medida, como balan\u00e7a tr\u00edplice escala, micr\u00f4metro e paqu\u00edmetro. Cont\u00e9m aplicativos de instrumentos virtuais.<\/li>\n<\/ul>\n","protected":false},"excerpt":{"rendered":"<p>&nbsp; Constru\u00e7\u00e3o de Gr\u00e1ficos e Lineariza\u00e7\u00e3o INMETRO &#8211; Sistema Internacional de Medidas Quadro Geral de Unidades de Medidas No Brasil Uso de instrumentos de medida \u2014 Site do Prof. Eduardo [&hellip;]<\/p>\n","protected":false},"author":3099,"featured_media":0,"parent":1998,"menu_order":0,"comment_status":"closed","ping_status":"closed","template":"","meta":{"ngg_post_thumbnail":0,"footnotes":""},"coauthors":[],"class_list":["post-2149","page","type-page","status-publish","hentry"],"_links":{"self":[{"href":"https:\/\/infi.ufms.br\/en\/wp-json\/wp\/v2\/pages\/2149","targetHints":{"allow":["GET"]}}],"collection":[{"href":"https:\/\/infi.ufms.br\/en\/wp-json\/wp\/v2\/pages"}],"about":[{"href":"https:\/\/infi.ufms.br\/en\/wp-json\/wp\/v2\/types\/page"}],"author":[{"embeddable":true,"href":"https:\/\/infi.ufms.br\/en\/wp-json\/wp\/v2\/users\/3099"}],"replies":[{"embeddable":true,"href":"https:\/\/infi.ufms.br\/en\/wp-json\/wp\/v2\/comments?post=2149"}],"version-history":[{"count":5,"href":"https:\/\/infi.ufms.br\/en\/wp-json\/wp\/v2\/pages\/2149\/revisions"}],"predecessor-version":[{"id":4142,"href":"https:\/\/infi.ufms.br\/en\/wp-json\/wp\/v2\/pages\/2149\/revisions\/4142"}],"up":[{"embeddable":true,"href":"https:\/\/infi.ufms.br\/en\/wp-json\/wp\/v2\/pages\/1998"}],"wp:attachment":[{"href":"https:\/\/infi.ufms.br\/en\/wp-json\/wp\/v2\/media?parent=2149"}],"wp:term":[{"taxonomy":"author","embeddable":true,"href":"https:\/\/infi.ufms.br\/en\/wp-json\/wp\/v2\/coauthors?post=2149"}],"curies":[{"name":"wp","href":"https:\/\/api.w.org\/{rel}","templated":true}]}}