{"id":212,"date":"2016-08-10T10:26:04","date_gmt":"2016-08-10T14:26:04","guid":{"rendered":"http:\/\/infi.draconis.ufms.br\/?page_id=212"},"modified":"2016-08-11T09:52:28","modified_gmt":"2016-08-11T13:52:28","slug":"grupo-de-pesquisa-em-ensino-de-fisica","status":"publish","type":"page","link":"https:\/\/infi.ufms.br\/en\/pesquisa\/grupo-de-pesquisa-em-ensino-de-fisica\/","title":{"rendered":"Grupo de Pesquisa em Ensino de F\u00edsica"},"content":{"rendered":"<h4>Linhas de pesquisa:<\/h4>\n<p>1 \u2013 Ensino e aprendizagem de conceitos f\u00edsicos;<\/p>\n<p>2 \u2013 Forma\u00e7\u00e3o de professores;<\/p>\n<p>3 &#8211; Inform\u00e1tica na educa\u00e7\u00e3o;<\/p>\n<p>4 &#8211; Intera\u00e7\u00e3o e argumenta\u00e7\u00e3o em sala de aula.<\/p>\n<p>&nbsp;<\/p>\n<p>Diret\u00f3rio do grupo no CNPQ (<a href=\"http:\/\/dgp.cnpq.br\/dgp\/espelhogrupo\/4120834935854008\" target=\"_blank\">Link<\/a>)<\/p>\n","protected":false},"excerpt":{"rendered":"<p>Linhas de pesquisa: 1 \u2013 Ensino e aprendizagem de conceitos f\u00edsicos; 2 \u2013 Forma\u00e7\u00e3o de professores; 3 &#8211; Inform\u00e1tica na educa\u00e7\u00e3o; 4 &#8211; Intera\u00e7\u00e3o e argumenta\u00e7\u00e3o em sala de aula. [&hellip;]<\/p>\n","protected":false},"author":651,"featured_media":0,"parent":248,"menu_order":0,"comment_status":"closed","ping_status":"closed","template":"","meta":{"ngg_post_thumbnail":0,"footnotes":""},"coauthors":[],"class_list":["post-212","page","type-page","status-publish","hentry"],"_links":{"self":[{"href":"https:\/\/infi.ufms.br\/en\/wp-json\/wp\/v2\/pages\/212","targetHints":{"allow":["GET"]}}],"collection":[{"href":"https:\/\/infi.ufms.br\/en\/wp-json\/wp\/v2\/pages"}],"about":[{"href":"https:\/\/infi.ufms.br\/en\/wp-json\/wp\/v2\/types\/page"}],"author":[{"embeddable":true,"href":"https:\/\/infi.ufms.br\/en\/wp-json\/wp\/v2\/users\/651"}],"replies":[{"embeddable":true,"href":"https:\/\/infi.ufms.br\/en\/wp-json\/wp\/v2\/comments?post=212"}],"version-history":[{"count":1,"href":"https:\/\/infi.ufms.br\/en\/wp-json\/wp\/v2\/pages\/212\/revisions"}],"predecessor-version":[{"id":213,"href":"https:\/\/infi.ufms.br\/en\/wp-json\/wp\/v2\/pages\/212\/revisions\/213"}],"up":[{"embeddable":true,"href":"https:\/\/infi.ufms.br\/en\/wp-json\/wp\/v2\/pages\/248"}],"wp:attachment":[{"href":"https:\/\/infi.ufms.br\/en\/wp-json\/wp\/v2\/media?parent=212"}],"wp:term":[{"taxonomy":"author","embeddable":true,"href":"https:\/\/infi.ufms.br\/en\/wp-json\/wp\/v2\/coauthors?post=212"}],"curies":[{"name":"wp","href":"https:\/\/api.w.org\/{rel}","templated":true}]}}