{"id":2104,"date":"2018-08-06T08:40:33","date_gmt":"2018-08-06T12:40:33","guid":{"rendered":"https:\/\/infi.ufms.br\/?page_id=2104"},"modified":"2023-07-07T13:24:46","modified_gmt":"2023-07-07T17:24:46","slug":"laboratorio-de-fisica-1-material-didatico","status":"publish","type":"page","link":"https:\/\/infi.ufms.br\/en\/laboratorios-didaticos\/curso-engenhariasquimica\/laboratorio-de-fisica-1\/laboratorio-de-fisica-1-material-didatico\/","title":{"rendered":"Laborat\u00f3rio de F\u00edsica MFT &#8211; Material Did\u00e1tico"},"content":{"rendered":"<h3 class=\"flip-entry-title\">Click na aula para baixar o arquivo.<\/h3>\n<p>&nbsp;<\/p>\n<p><strong>Grupo de pr\u00e1ticas A<\/strong><\/p>\n<ul>\n<li><a href=\"https:\/\/drive.google.com\/file\/d\/1ymGJquNIDfxzTfE0FBMa5HGT0OlyPQHw\/view?usp=share_link\" target=\"_blank\" rel=\"noopener noreferrer\">Precis\u00e3o, Incertezas e Erros em Medidas<\/a><\/li>\n<li><a href=\"https:\/\/drive.google.com\/file\/d\/1jQmbSyIaI-b0BX8HDbiR4FTgn1KgBHQW\/view?usp=share_link\" target=\"_blank\" rel=\"noopener noreferrer\">Como Medir<\/a><\/li>\n<li><a href=\"https:\/\/drive.google.com\/file\/d\/1e9EjfPl7617rbxQxXKKsbcQWIGTfAnel\/view?usp=share_link\" target=\"_blank\" rel=\"noopener noreferrer\">Constante El\u00e1stica de Molas &#8211; Gr\u00e1fico Linear<\/a><\/li>\n<li><a href=\"https:\/\/drive.google.com\/file\/d\/1ut_dd14KE38v2Kzid5K0pq_xfpAAl2Fy\/view?usp=share_link\" target=\"_blank\" rel=\"noopener\">P\u00eandulo Simples &#8211; Gr\u00e1fico Log-Log<\/a><\/li>\n<\/ul>\n<p><strong>Grupo de pr\u00e1ticas B (Pr\u00e1ticas em forma de rod\u00edzio)<\/strong><\/p>\n<ul>\n<li><a href=\"https:\/\/drive.google.com\/file\/d\/1ZVfIMVgtP1sUzNUYsZN3q8OkJWNGJCsr\/view?usp=share_link\" target=\"_blank\" rel=\"noopener\">Coeficiente de Atrito<\/a><\/li>\n<li><a href=\"https:\/\/drive.google.com\/file\/d\/10BZjOe3j3R0O_Si5CU51tYaKcffiaqoa\/view?usp=share_link\" target=\"_blank\" rel=\"noopener\">Movimento Uniformemente Variado<\/a><\/li>\n<\/ul>\n<p><strong>Grupo de pr\u00e1ticas\u00a0 C (Pr\u00e1ticas em forma de rod\u00edzio)<\/strong><\/p>\n<ul>\n<li><a href=\"https:\/\/drive.google.com\/file\/d\/1vWewONjbqTyMFOFIY-yyCDnUnER6X5Di\/view?usp=share_link\" target=\"_blank\" rel=\"noopener\">Empuxo e Princ\u00edpio de Arquimedes<\/a><\/li>\n<li><a href=\"https:\/\/drive.google.com\/file\/d\/1FC8raA-Eoi9m1ZzqTp9ZWbF4Q3I6J-Ph\/view?usp=share_link\" target=\"_blank\" rel=\"noopener\">Lei de Resfriamento de Newton<\/a><\/li>\n<\/ul>\n<p><strong>Grupo de pr\u00e1ticas\u00a0 D (Pr\u00e1ticas em forma de rod\u00edzio)<\/strong><\/p>\n<ul>\n<li><a href=\"https:\/\/drive.google.com\/file\/d\/1rnvE0hGMjVP8PVmvTuMFV7qBaU8uK2Qd\/view?usp=share_link\" target=\"_blank\" rel=\"noopener\">Determina\u00e7\u00e3o da Capacidade T\u00e9rmica de um Calor\u00edmetro<\/a><\/li>\n<li><a href=\"https:\/\/drive.google.com\/file\/d\/1E6R89QYPKei2OfLnxf8hWS_-utDzw2gh\/view?usp=share_link\" target=\"_blank\" rel=\"noopener\">Dilata\u00e7\u00e3o T\u00e9rmica<\/a><\/li>\n<\/ul>\n","protected":false},"excerpt":{"rendered":"<p>Click na aula para baixar o arquivo. &nbsp; Grupo de pr\u00e1ticas A Precis\u00e3o, Incertezas e Erros em Medidas Como Medir Constante El\u00e1stica de Molas &#8211; Gr\u00e1fico Linear P\u00eandulo Simples &#8211; [&hellip;]<\/p>\n","protected":false},"author":3099,"featured_media":0,"parent":2079,"menu_order":0,"comment_status":"closed","ping_status":"closed","template":"","meta":{"ngg_post_thumbnail":0,"footnotes":""},"coauthors":[],"class_list":["post-2104","page","type-page","status-publish","hentry"],"_links":{"self":[{"href":"https:\/\/infi.ufms.br\/en\/wp-json\/wp\/v2\/pages\/2104","targetHints":{"allow":["GET"]}}],"collection":[{"href":"https:\/\/infi.ufms.br\/en\/wp-json\/wp\/v2\/pages"}],"about":[{"href":"https:\/\/infi.ufms.br\/en\/wp-json\/wp\/v2\/types\/page"}],"author":[{"embeddable":true,"href":"https:\/\/infi.ufms.br\/en\/wp-json\/wp\/v2\/users\/3099"}],"replies":[{"embeddable":true,"href":"https:\/\/infi.ufms.br\/en\/wp-json\/wp\/v2\/comments?post=2104"}],"version-history":[{"count":33,"href":"https:\/\/infi.ufms.br\/en\/wp-json\/wp\/v2\/pages\/2104\/revisions"}],"predecessor-version":[{"id":4403,"href":"https:\/\/infi.ufms.br\/en\/wp-json\/wp\/v2\/pages\/2104\/revisions\/4403"}],"up":[{"embeddable":true,"href":"https:\/\/infi.ufms.br\/en\/wp-json\/wp\/v2\/pages\/2079"}],"wp:attachment":[{"href":"https:\/\/infi.ufms.br\/en\/wp-json\/wp\/v2\/media?parent=2104"}],"wp:term":[{"taxonomy":"author","embeddable":true,"href":"https:\/\/infi.ufms.br\/en\/wp-json\/wp\/v2\/coauthors?post=2104"}],"curies":[{"name":"wp","href":"https:\/\/api.w.org\/{rel}","templated":true}]}}