{"id":210,"date":"2016-08-10T10:14:12","date_gmt":"2016-08-10T14:14:12","guid":{"rendered":"http:\/\/infi.draconis.ufms.br\/?page_id=210"},"modified":"2016-08-11T09:50:17","modified_gmt":"2016-08-11T13:50:17","slug":"grupo-interdisciplinar-de-pesquisa-em-ensino-de-ciencias","status":"publish","type":"page","link":"https:\/\/infi.ufms.br\/en\/pesquisa\/grupo-interdisciplinar-de-pesquisa-em-ensino-de-ciencias\/","title":{"rendered":"Grupo Interdisciplinar de Pesquisa em Ensino de Ci\u00eancias"},"content":{"rendered":"<h4>Linhas de pesquisa:<\/h4>\n<p>1 \u2013 Ensino e aprendizagem de conceitos cient\u00edficos;<\/p>\n<p>2 \u2013 Forma\u00e7\u00e3o de professores;<\/p>\n<p>3 &#8211; Inform\u00e1tica na educa\u00e7\u00e3o;<\/p>\n<p>4 &#8211; Intera\u00e7\u00e3o e an\u00e1lise de discurso.<\/p>\n<p>&nbsp;<\/p>\n<p>Diret\u00f3rio do grupo no CNPQ (<a href=\"http:\/\/dgp.cnpq.br\/dgp\/espelhogrupo\/7711413037333078\" target=\"_blank\">Link<\/a>)<\/p>\n","protected":false},"excerpt":{"rendered":"<p>Linhas de pesquisa: 1 \u2013 Ensino e aprendizagem de conceitos cient\u00edficos; 2 \u2013 Forma\u00e7\u00e3o de professores; 3 &#8211; Inform\u00e1tica na educa\u00e7\u00e3o; 4 &#8211; Intera\u00e7\u00e3o e an\u00e1lise de discurso. &nbsp; Diret\u00f3rio [&hellip;]<\/p>\n","protected":false},"author":651,"featured_media":0,"parent":248,"menu_order":0,"comment_status":"closed","ping_status":"closed","template":"","meta":{"ngg_post_thumbnail":0,"footnotes":""},"coauthors":[],"class_list":["post-210","page","type-page","status-publish","hentry"],"_links":{"self":[{"href":"https:\/\/infi.ufms.br\/en\/wp-json\/wp\/v2\/pages\/210","targetHints":{"allow":["GET"]}}],"collection":[{"href":"https:\/\/infi.ufms.br\/en\/wp-json\/wp\/v2\/pages"}],"about":[{"href":"https:\/\/infi.ufms.br\/en\/wp-json\/wp\/v2\/types\/page"}],"author":[{"embeddable":true,"href":"https:\/\/infi.ufms.br\/en\/wp-json\/wp\/v2\/users\/651"}],"replies":[{"embeddable":true,"href":"https:\/\/infi.ufms.br\/en\/wp-json\/wp\/v2\/comments?post=210"}],"version-history":[{"count":1,"href":"https:\/\/infi.ufms.br\/en\/wp-json\/wp\/v2\/pages\/210\/revisions"}],"predecessor-version":[{"id":211,"href":"https:\/\/infi.ufms.br\/en\/wp-json\/wp\/v2\/pages\/210\/revisions\/211"}],"up":[{"embeddable":true,"href":"https:\/\/infi.ufms.br\/en\/wp-json\/wp\/v2\/pages\/248"}],"wp:attachment":[{"href":"https:\/\/infi.ufms.br\/en\/wp-json\/wp\/v2\/media?parent=210"}],"wp:term":[{"taxonomy":"author","embeddable":true,"href":"https:\/\/infi.ufms.br\/en\/wp-json\/wp\/v2\/coauthors?post=210"}],"curies":[{"name":"wp","href":"https:\/\/api.w.org\/{rel}","templated":true}]}}