{"id":208,"date":"2016-08-10T10:05:56","date_gmt":"2016-08-10T14:05:56","guid":{"rendered":"http:\/\/infi.draconis.ufms.br\/?page_id=208"},"modified":"2016-08-11T09:51:15","modified_gmt":"2016-08-11T13:51:15","slug":"ciencias-educacao-e-popularizacao","status":"publish","type":"page","link":"https:\/\/infi.ufms.br\/en\/pesquisa\/ciencias-educacao-e-popularizacao\/","title":{"rendered":"Ci\u00eancias: Educa\u00e7\u00e3o e Populariza\u00e7\u00e3o"},"content":{"rendered":"<h4>Objetivos deste grupo de pesquisa:<\/h4>\n<p>1 \u2013 Estudos sobre educa\u00e7\u00e3o em astronomia;<\/p>\n<p>2 \u2013 Difus\u00e3o e populariza\u00e7\u00e3o do conhecimento cient\u00edfico;<\/p>\n<p>3 \u2013 Educa\u00e7\u00e3o e conscientiza\u00e7\u00e3o ambiental;<\/p>\n<p>4 &#8211; Educa\u00e7\u00e3o nas ci\u00eancias humanas, exatas e biol\u00f3gicas;<\/p>\n<p>5 &#8211; Promover exposi\u00e7\u00f5es virtuais e reais, considerandos os aspectos filos\u00f3ficos, cient\u00edficos, culturais, pol\u00edticos e econ\u00f4micos;<\/p>\n<p>&nbsp;<\/p>\n<h4>Linhas de pesquisa:<\/h4>\n<p>1 \u2013 Acessibilidade, TICs e inclus\u00e3o digital;<\/p>\n<p>2 \u2013 Alfabetiza\u00e7\u00e3o cient\u00edfica e tecnol\u00f3gica;<\/p>\n<p>3 &#8211; An\u00e1lise e produ\u00e7\u00e3o de material did\u00e1tico para educa\u00e7\u00e3o;<\/p>\n<p>4 &#8211; Difus\u00e3o e populariza\u00e7\u00e3o da ci\u00eancia;<\/p>\n<p>5 &#8211; Educa\u00e7\u00e3o em Astronomia;<\/p>\n<p>6 &#8211; Ensino de F\u00edsica;<\/p>\n<p>7 &#8211; Promo\u00e7\u00e3o da sa\u00fade e qualidade de vida.<\/p>\n<p>&nbsp;<\/p>\n<p>Diret\u00f3rio do grupo no CNPQ (<a href=\"http:\/\/dgp.cnpq.br\/dgp\/espelhogrupo\/9028913610373367\" target=\"_blank\">Link<\/a>)<\/p>\n","protected":false},"excerpt":{"rendered":"<p>Objetivos deste grupo de pesquisa: 1 \u2013 Estudos sobre educa\u00e7\u00e3o em astronomia; 2 \u2013 Difus\u00e3o e populariza\u00e7\u00e3o do conhecimento cient\u00edfico; 3 \u2013 Educa\u00e7\u00e3o e conscientiza\u00e7\u00e3o ambiental; 4 &#8211; Educa\u00e7\u00e3o nas [&hellip;]<\/p>\n","protected":false},"author":651,"featured_media":0,"parent":248,"menu_order":0,"comment_status":"closed","ping_status":"closed","template":"","meta":{"ngg_post_thumbnail":0,"footnotes":""},"coauthors":[],"class_list":["post-208","page","type-page","status-publish","hentry"],"_links":{"self":[{"href":"https:\/\/infi.ufms.br\/en\/wp-json\/wp\/v2\/pages\/208","targetHints":{"allow":["GET"]}}],"collection":[{"href":"https:\/\/infi.ufms.br\/en\/wp-json\/wp\/v2\/pages"}],"about":[{"href":"https:\/\/infi.ufms.br\/en\/wp-json\/wp\/v2\/types\/page"}],"author":[{"embeddable":true,"href":"https:\/\/infi.ufms.br\/en\/wp-json\/wp\/v2\/users\/651"}],"replies":[{"embeddable":true,"href":"https:\/\/infi.ufms.br\/en\/wp-json\/wp\/v2\/comments?post=208"}],"version-history":[{"count":1,"href":"https:\/\/infi.ufms.br\/en\/wp-json\/wp\/v2\/pages\/208\/revisions"}],"predecessor-version":[{"id":209,"href":"https:\/\/infi.ufms.br\/en\/wp-json\/wp\/v2\/pages\/208\/revisions\/209"}],"up":[{"embeddable":true,"href":"https:\/\/infi.ufms.br\/en\/wp-json\/wp\/v2\/pages\/248"}],"wp:attachment":[{"href":"https:\/\/infi.ufms.br\/en\/wp-json\/wp\/v2\/media?parent=208"}],"wp:term":[{"taxonomy":"author","embeddable":true,"href":"https:\/\/infi.ufms.br\/en\/wp-json\/wp\/v2\/coauthors?post=208"}],"curies":[{"name":"wp","href":"https:\/\/api.w.org\/{rel}","templated":true}]}}