{"id":2079,"date":"2018-08-01T15:13:32","date_gmt":"2018-08-01T19:13:32","guid":{"rendered":"https:\/\/infi.ufms.br\/?page_id=2079"},"modified":"2024-08-22T08:56:14","modified_gmt":"2024-08-22T12:56:14","slug":"laboratorio-de-fisica-1","status":"publish","type":"page","link":"https:\/\/infi.ufms.br\/en\/laboratorios-didaticos\/curso-engenhariasquimica\/laboratorio-de-fisica-1\/","title":{"rendered":"Laborat\u00f3rio de Mec\u00e2nica, Fluidos e Termodin\u00e2mica."},"content":{"rendered":"<p><a href=\"https:\/\/infi.ufms.br\/laboratorios-didaticos\/curso-engenhariasquimica\/laboratorio-de-fisica-1\/laboratorio-de-fisica-1-plano-de-ensino\/\" target=\"_blank\" rel=\"noopener\">Laborat\u00f3rio de Mec\u00e2nica, Fluidos e Termodin\u00e2mica &#8211; Plano de Ensino<\/a><\/p>\n<p><a href=\"https:\/\/infi.ufms.br\/laboratorio-de-fisica-1-material-didatico\/\">Laborat\u00f3rio Mec\u00e2nica, Fluidos e Termodin\u00e2mica &#8211; Roteiros Para as Aulas (Download<\/a>)<\/p>\n<p><a href=\"https:\/\/calendar.google.com\/calendar\/embed?src=labdidfisicaufms%40gmail.com&amp;ctz=America%2FCampo_Grande\" target=\"_blank\" rel=\"noopener noreferrer\">Laborat\u00f3rio de MFT &#8211; Calend\u00e1rio <\/a><\/p>\n<p>&nbsp;<\/p>\n","protected":false},"excerpt":{"rendered":"<p>Laborat\u00f3rio de Mec\u00e2nica, Fluidos e Termodin\u00e2mica &#8211; Plano de Ensino Laborat\u00f3rio Mec\u00e2nica, Fluidos e Termodin\u00e2mica &#8211; Roteiros Para as Aulas (Download) Laborat\u00f3rio de MFT &#8211; Calend\u00e1rio &nbsp;<\/p>\n","protected":false},"author":3099,"featured_media":0,"parent":2014,"menu_order":0,"comment_status":"closed","ping_status":"closed","template":"","meta":{"ngg_post_thumbnail":0,"footnotes":""},"coauthors":[],"class_list":["post-2079","page","type-page","status-publish","hentry"],"_links":{"self":[{"href":"https:\/\/infi.ufms.br\/en\/wp-json\/wp\/v2\/pages\/2079","targetHints":{"allow":["GET"]}}],"collection":[{"href":"https:\/\/infi.ufms.br\/en\/wp-json\/wp\/v2\/pages"}],"about":[{"href":"https:\/\/infi.ufms.br\/en\/wp-json\/wp\/v2\/types\/page"}],"author":[{"embeddable":true,"href":"https:\/\/infi.ufms.br\/en\/wp-json\/wp\/v2\/users\/3099"}],"replies":[{"embeddable":true,"href":"https:\/\/infi.ufms.br\/en\/wp-json\/wp\/v2\/comments?post=2079"}],"version-history":[{"count":53,"href":"https:\/\/infi.ufms.br\/en\/wp-json\/wp\/v2\/pages\/2079\/revisions"}],"predecessor-version":[{"id":4615,"href":"https:\/\/infi.ufms.br\/en\/wp-json\/wp\/v2\/pages\/2079\/revisions\/4615"}],"up":[{"embeddable":true,"href":"https:\/\/infi.ufms.br\/en\/wp-json\/wp\/v2\/pages\/2014"}],"wp:attachment":[{"href":"https:\/\/infi.ufms.br\/en\/wp-json\/wp\/v2\/media?parent=2079"}],"wp:term":[{"taxonomy":"author","embeddable":true,"href":"https:\/\/infi.ufms.br\/en\/wp-json\/wp\/v2\/coauthors?post=2079"}],"curies":[{"name":"wp","href":"https:\/\/api.w.org\/{rel}","templated":true}]}}