{"id":2067,"date":"2018-08-01T14:35:40","date_gmt":"2018-08-01T18:35:40","guid":{"rendered":"https:\/\/infi.ufms.br\/?page_id=2067"},"modified":"2018-08-27T10:05:47","modified_gmt":"2018-08-27T14:05:47","slug":"laboratorio-de-fisica-moderna-e-contemporanea","status":"publish","type":"page","link":"https:\/\/infi.ufms.br\/en\/laboratorios-didaticos\/lab-fisica\/laboratorio-de-fisica-moderna-e-contemporanea\/","title":{"rendered":"Laborat\u00f3rio de F\u00edsica Moderna e Contempor\u00e2nea"},"content":{"rendered":"<h3><strong>Material Did\u00e1tico \u2013 Click no Item para fazer o Download<\/strong><\/h3>\n<ul>\n<li><a href=\"https:\/\/drive.google.com\/drive\/folders\/1yTPnsxHnC_N6rZ1HLTTS6EKDdFY4Xtg3\" target=\"_blank\" rel=\"noopener noreferrer\">\u00c1tomo de Hidrog\u00eanio<\/a><\/li>\n<li><a href=\"https:\/\/drive.google.com\/drive\/folders\/1fGyO3jK03Fok4R-pkeKee4Sz29lhTiwM\" target=\"_blank\" rel=\"noopener noreferrer\">Determina\u00e7\u00e3o da Velocidade da Luz<\/a><\/li>\n<li><a href=\"https:\/\/drive.google.com\/drive\/folders\/1Yx0yDuxqSduCxuNDxQPJz9qrlDncIOQ-\" target=\"_blank\" rel=\"noopener noreferrer\">Efeito Fotoel\u00e9trico<\/a><\/li>\n<li><a href=\"https:\/\/drive.google.com\/drive\/folders\/1sPXn0iCgd5lgtoA-ILGL5f4hBsQB7IVT\" target=\"_blank\" rel=\"noopener noreferrer\">Experimento de Frank-Hertz<\/a><\/li>\n<li><a href=\"https:\/\/drive.google.com\/drive\/folders\/1khZ5dUcYvIlay3XD3qfdRa4hN5PLULSV\" target=\"_blank\" rel=\"noopener noreferrer\">Radia\u00e7\u00e3o de Corpo Negro<\/a><\/li>\n<\/ul>\n","protected":false},"excerpt":{"rendered":"<p>Material Did\u00e1tico \u2013 Click no Item para fazer o Download \u00c1tomo de Hidrog\u00eanio Determina\u00e7\u00e3o da Velocidade da Luz Efeito Fotoel\u00e9trico Experimento de Frank-Hertz Radia\u00e7\u00e3o de Corpo Negro<\/p>\n","protected":false},"author":3099,"featured_media":0,"parent":2009,"menu_order":0,"comment_status":"closed","ping_status":"closed","template":"","meta":{"ngg_post_thumbnail":0,"footnotes":""},"coauthors":[],"class_list":["post-2067","page","type-page","status-publish","hentry"],"_links":{"self":[{"href":"https:\/\/infi.ufms.br\/en\/wp-json\/wp\/v2\/pages\/2067","targetHints":{"allow":["GET"]}}],"collection":[{"href":"https:\/\/infi.ufms.br\/en\/wp-json\/wp\/v2\/pages"}],"about":[{"href":"https:\/\/infi.ufms.br\/en\/wp-json\/wp\/v2\/types\/page"}],"author":[{"embeddable":true,"href":"https:\/\/infi.ufms.br\/en\/wp-json\/wp\/v2\/users\/3099"}],"replies":[{"embeddable":true,"href":"https:\/\/infi.ufms.br\/en\/wp-json\/wp\/v2\/comments?post=2067"}],"version-history":[{"count":3,"href":"https:\/\/infi.ufms.br\/en\/wp-json\/wp\/v2\/pages\/2067\/revisions"}],"predecessor-version":[{"id":2275,"href":"https:\/\/infi.ufms.br\/en\/wp-json\/wp\/v2\/pages\/2067\/revisions\/2275"}],"up":[{"embeddable":true,"href":"https:\/\/infi.ufms.br\/en\/wp-json\/wp\/v2\/pages\/2009"}],"wp:attachment":[{"href":"https:\/\/infi.ufms.br\/en\/wp-json\/wp\/v2\/media?parent=2067"}],"wp:term":[{"taxonomy":"author","embeddable":true,"href":"https:\/\/infi.ufms.br\/en\/wp-json\/wp\/v2\/coauthors?post=2067"}],"curies":[{"name":"wp","href":"https:\/\/api.w.org\/{rel}","templated":true}]}}