{"id":2058,"date":"2018-08-01T14:28:08","date_gmt":"2018-08-01T18:28:08","guid":{"rendered":"https:\/\/infi.ufms.br\/?page_id=2058"},"modified":"2026-02-05T10:11:27","modified_gmt":"2026-02-05T14:11:27","slug":"laboratorio-termodinamica","status":"publish","type":"page","link":"https:\/\/infi.ufms.br\/en\/laboratorios-didaticos\/lab-fisica\/laboratorio-termodinamica\/","title":{"rendered":"Laborat\u00f3rio de Termodin\u00e2mica"},"content":{"rendered":"<h3><strong>Material Did\u00e1tico <\/strong><\/h3>\n<h3><strong>Click no link abaixo para fazer o <span style=\"color: #0000ff\">DOWNLOAD!<\/span><\/strong><\/h3>\n<p>&nbsp;<\/p>\n<ul>\n<li><a href=\"https:\/\/drive.google.com\/drive\/folders\/1SamWRHP33vm0kiYPGVESrRfu8zfPe0Ym?usp=sharing\">Roteiros 2023!<\/a><\/li>\n<\/ul>\n","protected":false},"excerpt":{"rendered":"<p>Material Did\u00e1tico Click no link abaixo para fazer o DOWNLOAD! &nbsp; Roteiros 2023!<\/p>\n","protected":false},"author":3099,"featured_media":0,"parent":2009,"menu_order":0,"comment_status":"closed","ping_status":"closed","template":"","meta":{"ngg_post_thumbnail":0,"footnotes":""},"coauthors":[59],"class_list":["post-2058","page","type-page","status-publish","hentry"],"_links":{"self":[{"href":"https:\/\/infi.ufms.br\/en\/wp-json\/wp\/v2\/pages\/2058","targetHints":{"allow":["GET"]}}],"collection":[{"href":"https:\/\/infi.ufms.br\/en\/wp-json\/wp\/v2\/pages"}],"about":[{"href":"https:\/\/infi.ufms.br\/en\/wp-json\/wp\/v2\/types\/page"}],"author":[{"embeddable":true,"href":"https:\/\/infi.ufms.br\/en\/wp-json\/wp\/v2\/users\/3099"}],"replies":[{"embeddable":true,"href":"https:\/\/infi.ufms.br\/en\/wp-json\/wp\/v2\/comments?post=2058"}],"version-history":[{"count":21,"href":"https:\/\/infi.ufms.br\/en\/wp-json\/wp\/v2\/pages\/2058\/revisions"}],"predecessor-version":[{"id":5202,"href":"https:\/\/infi.ufms.br\/en\/wp-json\/wp\/v2\/pages\/2058\/revisions\/5202"}],"up":[{"embeddable":true,"href":"https:\/\/infi.ufms.br\/en\/wp-json\/wp\/v2\/pages\/2009"}],"wp:attachment":[{"href":"https:\/\/infi.ufms.br\/en\/wp-json\/wp\/v2\/media?parent=2058"}],"wp:term":[{"taxonomy":"author","embeddable":true,"href":"https:\/\/infi.ufms.br\/en\/wp-json\/wp\/v2\/coauthors?post=2058"}],"curies":[{"name":"wp","href":"https:\/\/api.w.org\/{rel}","templated":true}]}}