{"id":2050,"date":"2018-08-01T14:14:24","date_gmt":"2018-08-01T18:14:24","guid":{"rendered":"https:\/\/infi.ufms.br\/?page_id=2050"},"modified":"2026-03-16T14:03:06","modified_gmt":"2026-03-16T18:03:06","slug":"laboratorio-de-mecanica","status":"publish","type":"page","link":"https:\/\/infi.ufms.br\/en\/laboratorios-didaticos\/lab-fisica\/laboratorio-de-mecanica\/","title":{"rendered":"Laborat\u00f3rio de Mec\u00e2nica"},"content":{"rendered":"<h3><strong>Material Did\u00e1tico e Calend\u00e1rio de Aulas<br \/>\n<\/strong><strong>Click <\/strong>no link abaixo e baixe todos os roteiros!<\/h3>\n<ul>\n<li><a href=\"https:\/\/drive.google.com\/drive\/folders\/16YeIS0Yn9-e5FSFLQomoejJgbx1I8_gF?usp=share_link\">Baixar os Roteiros das pr\u00e1ticas experimentais!<\/a><\/li>\n<li><a href=\"https:\/\/calendar.google.com\/calendar\/embed?src=0adaf20492576fed6d35bee38276275ec1e4e120f1eb0732713e99c3f148bbe9%40group.calendar.google.com&amp;ctz=America%2FCampo_Grande\">Calend\u00e1rio de aulas<\/a><\/li>\n<li><a href=\"https:\/\/drive.google.com\/file\/d\/1-S86MoaMVPwQuG7rBFKbv8cf4R9g2JJq\/view?usp=sharing\">Nexus Gate &#8211; Baixar<\/a><\/li>\n<\/ul>\n<p>Baixar o arquivo com o Nexus Gate, extrair e clicar na pasta dist, dentro desta pasta clicar em <strong>PhotogateInterface.exe, <\/strong>este execut\u00e1vel vai ser usado para aquisi\u00e7\u00e3o de dados dos Photogates.<\/p>\n","protected":false},"excerpt":{"rendered":"<p>Material Did\u00e1tico e Calend\u00e1rio de Aulas Click no link abaixo e baixe todos os roteiros! Baixar os Roteiros das pr\u00e1ticas experimentais! Calend\u00e1rio de aulas Nexus Gate &#8211; Baixar Baixar o [&hellip;]<\/p>\n","protected":false},"author":3099,"featured_media":0,"parent":2009,"menu_order":0,"comment_status":"closed","ping_status":"closed","template":"","meta":{"ngg_post_thumbnail":0,"footnotes":""},"coauthors":[59],"class_list":["post-2050","page","type-page","status-publish","hentry"],"_links":{"self":[{"href":"https:\/\/infi.ufms.br\/en\/wp-json\/wp\/v2\/pages\/2050","targetHints":{"allow":["GET"]}}],"collection":[{"href":"https:\/\/infi.ufms.br\/en\/wp-json\/wp\/v2\/pages"}],"about":[{"href":"https:\/\/infi.ufms.br\/en\/wp-json\/wp\/v2\/types\/page"}],"author":[{"embeddable":true,"href":"https:\/\/infi.ufms.br\/en\/wp-json\/wp\/v2\/users\/3099"}],"replies":[{"embeddable":true,"href":"https:\/\/infi.ufms.br\/en\/wp-json\/wp\/v2\/comments?post=2050"}],"version-history":[{"count":30,"href":"https:\/\/infi.ufms.br\/en\/wp-json\/wp\/v2\/pages\/2050\/revisions"}],"predecessor-version":[{"id":5249,"href":"https:\/\/infi.ufms.br\/en\/wp-json\/wp\/v2\/pages\/2050\/revisions\/5249"}],"up":[{"embeddable":true,"href":"https:\/\/infi.ufms.br\/en\/wp-json\/wp\/v2\/pages\/2009"}],"wp:attachment":[{"href":"https:\/\/infi.ufms.br\/en\/wp-json\/wp\/v2\/media?parent=2050"}],"wp:term":[{"taxonomy":"author","embeddable":true,"href":"https:\/\/infi.ufms.br\/en\/wp-json\/wp\/v2\/coauthors?post=2050"}],"curies":[{"name":"wp","href":"https:\/\/api.w.org\/{rel}","templated":true}]}}