{"id":2017,"date":"2018-07-31T13:40:29","date_gmt":"2018-07-31T17:40:29","guid":{"rendered":"https:\/\/infi.ufms.br\/?page_id=2017"},"modified":"2019-03-29T07:34:28","modified_gmt":"2019-03-29T11:34:28","slug":"introducao-ao-laboratorio-de-fisica","status":"publish","type":"page","link":"https:\/\/infi.ufms.br\/en\/laboratorios-didaticos\/lab-fisica\/introducao-ao-laboratorio-de-fisica\/","title":{"rendered":"Introdu\u00e7\u00e3o ao Laborat\u00f3rio de F\u00edsica"},"content":{"rendered":"<h3><strong>Material Did\u00e1tico &#8211; Click no Item para fazer o Download<\/strong><\/h3>\n<ul>\n<li><a href=\"https:\/\/infi.ufms.br\/files\/2018\/07\/Aula-1-INTRODUCAO.pdf\" target=\"_blank\" rel=\"noopener noreferrer\">Aula 01 &#8211; Introdu\u00e7\u00e3o<\/a><\/li>\n<li><a href=\"https:\/\/infi.ufms.br\/files\/2018\/07\/Aula-2-UNIDADE-I-MEDIDAS.pdf\" target=\"_blank\" rel=\"noopener noreferrer\">Aula 02 &#8211; Unidades I &#8211; Medi\u00e7\u00e3o\u00a0<\/a><\/li>\n<li><a href=\"https:\/\/infi.ufms.br\/files\/2018\/07\/Aula-3-UNIDADE-II-TEORIA-DE-ERROS.pdf\" target=\"_blank\" rel=\"noopener noreferrer\">Aula 03 &#8211; Unidades II &#8211; Teoria dos Erros<\/a><\/li>\n<li><a href=\"https:\/\/drive.google.com\/open?id=1rBVVosnC1Qvg57mrN_P49tncCj71J6FA\" target=\"_blank\" rel=\"noopener noreferrer\">Aula 04 &#8211; Unidade III &#8211; Instrumentos de Medidas<\/a><\/li>\n<li><a href=\"https:\/\/infi.ufms.br\/files\/2018\/07\/Aula-4-Constante-elastica-de-molas-grafico-linear.pdf\" target=\"_blank\" rel=\"noopener noreferrer\">Aula 05 &#8211; Constante El\u00e1stica de Molas &#8211; gr\u00e1fico Linear<\/a><\/li>\n<li><a href=\"https:\/\/infi.ufms.br\/files\/2018\/07\/Aula-5-Colisao-inelastica-grafico-monolog.pdf\" target=\"_blank\" rel=\"noopener noreferrer\">Aula 06 &#8211; Colis\u00e3o Inel\u00e1stica &#8211; Gr\u00e1fico Monolog<\/a><\/li>\n<li><a href=\"https:\/\/infi.ufms.br\/files\/2018\/07\/Aula-6-Pendulo-simples-grafico-loglog.pdf\" target=\"_blank\" rel=\"noopener noreferrer\">Aula 07 &#8211; P\u00eandulo Simples &#8211; Gr\u00e1fico Loglog<\/a><\/li>\n<\/ul>\n<p>&nbsp;<\/p>\n","protected":false},"excerpt":{"rendered":"<p>Material Did\u00e1tico &#8211; Click no Item para fazer o Download Aula 01 &#8211; Introdu\u00e7\u00e3o Aula 02 &#8211; Unidades I &#8211; Medi\u00e7\u00e3o\u00a0 Aula 03 &#8211; Unidades II &#8211; Teoria dos Erros [&hellip;]<\/p>\n","protected":false},"author":3099,"featured_media":0,"parent":2009,"menu_order":0,"comment_status":"closed","ping_status":"closed","template":"","meta":{"ngg_post_thumbnail":0,"footnotes":""},"coauthors":[],"class_list":["post-2017","page","type-page","status-publish","hentry"],"_links":{"self":[{"href":"https:\/\/infi.ufms.br\/en\/wp-json\/wp\/v2\/pages\/2017","targetHints":{"allow":["GET"]}}],"collection":[{"href":"https:\/\/infi.ufms.br\/en\/wp-json\/wp\/v2\/pages"}],"about":[{"href":"https:\/\/infi.ufms.br\/en\/wp-json\/wp\/v2\/types\/page"}],"author":[{"embeddable":true,"href":"https:\/\/infi.ufms.br\/en\/wp-json\/wp\/v2\/users\/3099"}],"replies":[{"embeddable":true,"href":"https:\/\/infi.ufms.br\/en\/wp-json\/wp\/v2\/comments?post=2017"}],"version-history":[{"count":11,"href":"https:\/\/infi.ufms.br\/en\/wp-json\/wp\/v2\/pages\/2017\/revisions"}],"predecessor-version":[{"id":2958,"href":"https:\/\/infi.ufms.br\/en\/wp-json\/wp\/v2\/pages\/2017\/revisions\/2958"}],"up":[{"embeddable":true,"href":"https:\/\/infi.ufms.br\/en\/wp-json\/wp\/v2\/pages\/2009"}],"wp:attachment":[{"href":"https:\/\/infi.ufms.br\/en\/wp-json\/wp\/v2\/media?parent=2017"}],"wp:term":[{"taxonomy":"author","embeddable":true,"href":"https:\/\/infi.ufms.br\/en\/wp-json\/wp\/v2\/coauthors?post=2017"}],"curies":[{"name":"wp","href":"https:\/\/api.w.org\/{rel}","templated":true}]}}