{"id":2014,"date":"2018-07-31T13:28:49","date_gmt":"2018-07-31T17:28:49","guid":{"rendered":"https:\/\/infi.ufms.br\/?page_id=2014"},"modified":"2026-02-04T15:12:55","modified_gmt":"2026-02-04T19:12:55","slug":"curso-engenhariasquimica","status":"publish","type":"page","link":"https:\/\/infi.ufms.br\/en\/laboratorios-didaticos\/curso-engenhariasquimica\/","title":{"rendered":"Laborat\u00f3rio MFT (Mec\u00e2nica, Flu\u00eddos e Termodin\u00e2mica)"},"content":{"rendered":"<p>&nbsp;<\/p>\n<p><a href=\"https:\/\/infi.ufms.br\/laboratorios-didaticos\/curso-engenhariasquimica\/laboratorio-de-fisica-1\/\" target=\"_blank\" rel=\"noopener noreferrer\">Laborat\u00f3rio de Mec\u00e2nica, Fluidos e Termodin\u00e2mica<\/a><\/p>\n<p><a href=\"https:\/\/drive.google.com\/file\/d\/17e29t6ZYOJ1nPOfwTXcCeKp0aBhmUe6Q\/view?usp=sharing\" target=\"_blank\" rel=\"noopener\">Instru\u00e7\u00f5es para a apresenta\u00e7\u00e3o de relat\u00f3rios<\/a><\/p>\n","protected":false},"excerpt":{"rendered":"<p>&nbsp; Laborat\u00f3rio de Mec\u00e2nica, Fluidos e Termodin\u00e2mica Instru\u00e7\u00f5es para a apresenta\u00e7\u00e3o de relat\u00f3rios<\/p>\n","protected":false},"author":3099,"featured_media":0,"parent":1998,"menu_order":0,"comment_status":"closed","ping_status":"closed","template":"","meta":{"ngg_post_thumbnail":0,"footnotes":""},"coauthors":[59],"class_list":["post-2014","page","type-page","status-publish","hentry"],"_links":{"self":[{"href":"https:\/\/infi.ufms.br\/en\/wp-json\/wp\/v2\/pages\/2014","targetHints":{"allow":["GET"]}}],"collection":[{"href":"https:\/\/infi.ufms.br\/en\/wp-json\/wp\/v2\/pages"}],"about":[{"href":"https:\/\/infi.ufms.br\/en\/wp-json\/wp\/v2\/types\/page"}],"author":[{"embeddable":true,"href":"https:\/\/infi.ufms.br\/en\/wp-json\/wp\/v2\/users\/3099"}],"replies":[{"embeddable":true,"href":"https:\/\/infi.ufms.br\/en\/wp-json\/wp\/v2\/comments?post=2014"}],"version-history":[{"count":20,"href":"https:\/\/infi.ufms.br\/en\/wp-json\/wp\/v2\/pages\/2014\/revisions"}],"predecessor-version":[{"id":5161,"href":"https:\/\/infi.ufms.br\/en\/wp-json\/wp\/v2\/pages\/2014\/revisions\/5161"}],"up":[{"embeddable":true,"href":"https:\/\/infi.ufms.br\/en\/wp-json\/wp\/v2\/pages\/1998"}],"wp:attachment":[{"href":"https:\/\/infi.ufms.br\/en\/wp-json\/wp\/v2\/media?parent=2014"}],"wp:term":[{"taxonomy":"author","embeddable":true,"href":"https:\/\/infi.ufms.br\/en\/wp-json\/wp\/v2\/coauthors?post=2014"}],"curies":[{"name":"wp","href":"https:\/\/api.w.org\/{rel}","templated":true}]}}