{"id":2009,"date":"2018-07-31T13:21:28","date_gmt":"2018-07-31T17:21:28","guid":{"rendered":"https:\/\/infi.ufms.br\/?page_id=2009"},"modified":"2022-08-04T18:22:08","modified_gmt":"2022-08-04T22:22:08","slug":"lab-fisica","status":"publish","type":"page","link":"https:\/\/infi.ufms.br\/en\/laboratorios-didaticos\/lab-fisica\/","title":{"rendered":"Curso: F\u00edsica"},"content":{"rendered":"<h1><strong>Lista de Laborat\u00f3rios Oferecidos<\/strong><\/h1>\n<p>&nbsp;<\/p>\n<p><a href=\"https:\/\/infi.ufms.br\/introducao-ao-laboratorio-de-fisica\/\">Introdu\u00e7\u00e3o ao Laborat\u00f3rio de F\u00edsica<\/a><\/p>\n<p><a href=\"https:\/\/infi.ufms.br\/laboratorios-didaticos\/lab-fisica\/laboratorio-de-fisica-fi\/\">Laborat\u00f3rio de F\u00edsica &#8211; FI<\/a><\/p>\n<p><a href=\"https:\/\/infi.ufms.br\/laboratorios-didaticos\/lab-fisica\/laboratorio-de-fisica-fii\/laboratorio-de-fisica-ii\/\">Laborat\u00f3rio de F\u00edsica &#8211; FII<\/a><\/p>\n<p><a href=\"https:\/\/infi.ufms.br\/laboratorio-de-fisica-fiii\/\">Laborat\u00f3rio de F\u00edsica &#8211; FIII<\/a><\/p>\n<p><a href=\"https:\/\/infi.ufms.br\/laboratorio-de-fisica-iv-fisica\/\">Laborat\u00f3rio de F\u00edsica &#8211; FIV<\/a><\/p>\n<p><a href=\"https:\/\/infi.ufms.br\/laboratorio-de-fisica-moderna-e-contemporanea\/\">Laborat\u00f3rio de F\u00edsica Moderna e Contempor\u00e2nea<\/a><\/p>\n","protected":false},"excerpt":{"rendered":"<p>Lista de Laborat\u00f3rios Oferecidos &nbsp; Introdu\u00e7\u00e3o ao Laborat\u00f3rio de F\u00edsica Laborat\u00f3rio de F\u00edsica &#8211; FI Laborat\u00f3rio de F\u00edsica &#8211; FII Laborat\u00f3rio de F\u00edsica &#8211; FIII Laborat\u00f3rio de F\u00edsica &#8211; FIV [&hellip;]<\/p>\n","protected":false},"author":3099,"featured_media":0,"parent":1998,"menu_order":0,"comment_status":"closed","ping_status":"closed","template":"","meta":{"ngg_post_thumbnail":0,"footnotes":""},"coauthors":[],"class_list":["post-2009","page","type-page","status-publish","hentry"],"_links":{"self":[{"href":"https:\/\/infi.ufms.br\/en\/wp-json\/wp\/v2\/pages\/2009","targetHints":{"allow":["GET"]}}],"collection":[{"href":"https:\/\/infi.ufms.br\/en\/wp-json\/wp\/v2\/pages"}],"about":[{"href":"https:\/\/infi.ufms.br\/en\/wp-json\/wp\/v2\/types\/page"}],"author":[{"embeddable":true,"href":"https:\/\/infi.ufms.br\/en\/wp-json\/wp\/v2\/users\/3099"}],"replies":[{"embeddable":true,"href":"https:\/\/infi.ufms.br\/en\/wp-json\/wp\/v2\/comments?post=2009"}],"version-history":[{"count":11,"href":"https:\/\/infi.ufms.br\/en\/wp-json\/wp\/v2\/pages\/2009\/revisions"}],"predecessor-version":[{"id":4108,"href":"https:\/\/infi.ufms.br\/en\/wp-json\/wp\/v2\/pages\/2009\/revisions\/4108"}],"up":[{"embeddable":true,"href":"https:\/\/infi.ufms.br\/en\/wp-json\/wp\/v2\/pages\/1998"}],"wp:attachment":[{"href":"https:\/\/infi.ufms.br\/en\/wp-json\/wp\/v2\/media?parent=2009"}],"wp:term":[{"taxonomy":"author","embeddable":true,"href":"https:\/\/infi.ufms.br\/en\/wp-json\/wp\/v2\/coauthors?post=2009"}],"curies":[{"name":"wp","href":"https:\/\/api.w.org\/{rel}","templated":true}]}}