{"id":1998,"date":"2018-07-31T10:05:07","date_gmt":"2018-07-31T14:05:07","guid":{"rendered":"https:\/\/infi.ufms.br\/?page_id=1998"},"modified":"2020-08-28T11:56:15","modified_gmt":"2020-08-28T15:56:15","slug":"laboratorios-didaticos","status":"publish","type":"page","link":"https:\/\/infi.ufms.br\/en\/laboratorios-didaticos\/","title":{"rendered":"Laborat\u00f3rios Did\u00e1ticos de F\u00edsica"},"content":{"rendered":"<h2><\/h2>\n<p>&nbsp;<\/p>\n","protected":false},"excerpt":{"rendered":"<p>&nbsp;<\/p>\n","protected":false},"author":651,"featured_media":0,"parent":0,"menu_order":0,"comment_status":"closed","ping_status":"closed","template":"page-templates\/page-coordenadorias.php","meta":{"ngg_post_thumbnail":0,"footnotes":""},"coauthors":[],"class_list":["post-1998","page","type-page","status-publish","hentry"],"_links":{"self":[{"href":"https:\/\/infi.ufms.br\/en\/wp-json\/wp\/v2\/pages\/1998","targetHints":{"allow":["GET"]}}],"collection":[{"href":"https:\/\/infi.ufms.br\/en\/wp-json\/wp\/v2\/pages"}],"about":[{"href":"https:\/\/infi.ufms.br\/en\/wp-json\/wp\/v2\/types\/page"}],"author":[{"embeddable":true,"href":"https:\/\/infi.ufms.br\/en\/wp-json\/wp\/v2\/users\/651"}],"replies":[{"embeddable":true,"href":"https:\/\/infi.ufms.br\/en\/wp-json\/wp\/v2\/comments?post=1998"}],"version-history":[{"count":4,"href":"https:\/\/infi.ufms.br\/en\/wp-json\/wp\/v2\/pages\/1998\/revisions"}],"predecessor-version":[{"id":2246,"href":"https:\/\/infi.ufms.br\/en\/wp-json\/wp\/v2\/pages\/1998\/revisions\/2246"}],"wp:attachment":[{"href":"https:\/\/infi.ufms.br\/en\/wp-json\/wp\/v2\/media?parent=1998"}],"wp:term":[{"taxonomy":"author","embeddable":true,"href":"https:\/\/infi.ufms.br\/en\/wp-json\/wp\/v2\/coauthors?post=1998"}],"curies":[{"name":"wp","href":"https:\/\/api.w.org\/{rel}","templated":true}]}}