{"id":199,"date":"2016-08-08T10:29:24","date_gmt":"2016-08-08T14:29:24","guid":{"rendered":"http:\/\/infi.draconis.ufms.br\/?page_id=199"},"modified":"2025-10-03T08:30:40","modified_gmt":"2025-10-03T12:30:40","slug":"doutoradoec","status":"publish","type":"page","link":"https:\/\/infi.ufms.br\/en\/doutoradoec\/","title":{"rendered":"Doutorado em Ensino de Ci\u00eancias"},"content":{"rendered":"<h2>Nosso novo endere\u00e7o eletr\u00f4nico \u00e9 <a href=\"https:\/\/ppec.ufms.br\/\" target=\"_blank\" rel=\"noopener noreferrer\">ppgeci.ufms.br.<\/a><\/h2>\n","protected":false},"excerpt":{"rendered":"<p>Nosso novo endere\u00e7o eletr\u00f4nico \u00e9 ppgeci.ufms.br.<\/p>\n","protected":false},"author":651,"featured_media":0,"parent":0,"menu_order":0,"comment_status":"closed","ping_status":"closed","template":"","meta":{"ngg_post_thumbnail":0,"footnotes":""},"coauthors":[55],"class_list":["post-199","page","type-page","status-publish","hentry"],"_links":{"self":[{"href":"https:\/\/infi.ufms.br\/en\/wp-json\/wp\/v2\/pages\/199","targetHints":{"allow":["GET"]}}],"collection":[{"href":"https:\/\/infi.ufms.br\/en\/wp-json\/wp\/v2\/pages"}],"about":[{"href":"https:\/\/infi.ufms.br\/en\/wp-json\/wp\/v2\/types\/page"}],"author":[{"embeddable":true,"href":"https:\/\/infi.ufms.br\/en\/wp-json\/wp\/v2\/users\/651"}],"replies":[{"embeddable":true,"href":"https:\/\/infi.ufms.br\/en\/wp-json\/wp\/v2\/comments?post=199"}],"version-history":[{"count":11,"href":"https:\/\/infi.ufms.br\/en\/wp-json\/wp\/v2\/pages\/199\/revisions"}],"predecessor-version":[{"id":5053,"href":"https:\/\/infi.ufms.br\/en\/wp-json\/wp\/v2\/pages\/199\/revisions\/5053"}],"wp:attachment":[{"href":"https:\/\/infi.ufms.br\/en\/wp-json\/wp\/v2\/media?parent=199"}],"wp:term":[{"taxonomy":"author","embeddable":true,"href":"https:\/\/infi.ufms.br\/en\/wp-json\/wp\/v2\/coauthors?post=199"}],"curies":[{"name":"wp","href":"https:\/\/api.w.org\/{rel}","templated":true}]}}