{"id":191,"date":"2016-08-08T10:10:13","date_gmt":"2016-08-08T14:10:13","guid":{"rendered":"http:\/\/infi.draconis.ufms.br\/?page_id=191"},"modified":"2016-08-11T09:53:11","modified_gmt":"2016-08-11T13:53:11","slug":"nanomateriais-e-nanotecnologia-aplicada","status":"publish","type":"page","link":"https:\/\/infi.ufms.br\/en\/pesquisa\/nanomateriais-e-nanotecnologia-aplicada\/","title":{"rendered":"Nanomateriais e Nanotecnologia Aplicada"},"content":{"rendered":"<h4>Objetivos deste grupo de pesquisa:<\/h4>\n<p>1 \u2013 Gera\u00e7\u00e3o de hidrog\u00eanio via &#8220;water splitting&#8221; por irradia\u00e7\u00e3o solar;<\/p>\n<p>2 \u2013 C\u00e9lulas solares;<\/p>\n<p>3 \u2013 Fotodegrada\u00e7\u00e3o de poluentes.<\/p>\n<p>&nbsp;<\/p>\n<h4>Linhas de pesquisa:<\/h4>\n<p>1 \u2013 Desenvolvimento de novos materiais nanoestruturados;<\/p>\n<p>2 \u2013 Materiais semicondutores nanoestruturados e energia solar;<\/p>\n<p>3 &#8211; <span class=\"\">Crescimento de Materiais Nanoestruturados Bidimensionais<\/span>;<\/p>\n<p>4 &#8211; <span class=\"\">Materiais Magn\u00e9ticos Aplicados em Hipertermia<\/span>.<\/p>\n<p>&nbsp;<\/p>\n<p>Diret\u00f3rio do grupo no CNPQ (<a href=\"http:\/\/dgp.cnpq.br\/dgp\/espelhogrupo\/8873479632454644\" target=\"_blank\">Link<\/a>)<\/p>\n","protected":false},"excerpt":{"rendered":"<p>Objetivos deste grupo de pesquisa: 1 \u2013 Gera\u00e7\u00e3o de hidrog\u00eanio via &#8220;water splitting&#8221; por irradia\u00e7\u00e3o solar; 2 \u2013 C\u00e9lulas solares; 3 \u2013 Fotodegrada\u00e7\u00e3o de poluentes. &nbsp; Linhas de pesquisa: 1 [&hellip;]<\/p>\n","protected":false},"author":651,"featured_media":0,"parent":248,"menu_order":0,"comment_status":"closed","ping_status":"closed","template":"","meta":{"ngg_post_thumbnail":0,"footnotes":""},"coauthors":[],"class_list":["post-191","page","type-page","status-publish","hentry"],"_links":{"self":[{"href":"https:\/\/infi.ufms.br\/en\/wp-json\/wp\/v2\/pages\/191","targetHints":{"allow":["GET"]}}],"collection":[{"href":"https:\/\/infi.ufms.br\/en\/wp-json\/wp\/v2\/pages"}],"about":[{"href":"https:\/\/infi.ufms.br\/en\/wp-json\/wp\/v2\/types\/page"}],"author":[{"embeddable":true,"href":"https:\/\/infi.ufms.br\/en\/wp-json\/wp\/v2\/users\/651"}],"replies":[{"embeddable":true,"href":"https:\/\/infi.ufms.br\/en\/wp-json\/wp\/v2\/comments?post=191"}],"version-history":[{"count":3,"href":"https:\/\/infi.ufms.br\/en\/wp-json\/wp\/v2\/pages\/191\/revisions"}],"predecessor-version":[{"id":193,"href":"https:\/\/infi.ufms.br\/en\/wp-json\/wp\/v2\/pages\/191\/revisions\/193"}],"up":[{"embeddable":true,"href":"https:\/\/infi.ufms.br\/en\/wp-json\/wp\/v2\/pages\/248"}],"wp:attachment":[{"href":"https:\/\/infi.ufms.br\/en\/wp-json\/wp\/v2\/media?parent=191"}],"wp:term":[{"taxonomy":"author","embeddable":true,"href":"https:\/\/infi.ufms.br\/en\/wp-json\/wp\/v2\/coauthors?post=191"}],"curies":[{"name":"wp","href":"https:\/\/api.w.org\/{rel}","templated":true}]}}