{"id":150,"date":"2016-07-29T14:11:32","date_gmt":"2016-07-29T18:11:32","guid":{"rendered":"http:\/\/infi.draconis.ufms.br\/?page_id=150"},"modified":"2024-09-19T10:44:43","modified_gmt":"2024-09-19T14:44:43","slug":"regulamentos-licenciatura","status":"publish","type":"page","link":"https:\/\/infi.ufms.br\/en\/fisica-licenciatura\/regulamentos-licenciatura\/","title":{"rendered":"Regulamentos Licenciatura"},"content":{"rendered":"<p><a href=\"https:\/\/boletimoficial.ufms.br\/bse\/publicacao?id=445057\" target=\"_blank\" rel=\"noopener noreferrer\">Regulamento Geral da Gradua\u00e7\u00e3o<\/a><\/p>\n<p><a href=\"https:\/\/boletimoficial.ufms.br\/bse\/publicacao?id=460874\" target=\"_blank\" rel=\"noopener noreferrer\">Regulamento de Trabalho de Conclus\u00e3o de Curso<\/a> (TCC)<\/p>\n<p><a href=\"https:\/\/boletimoficial.ufms.br\/bse\/publicacao?id=481502\" target=\"_blank\" rel=\"noopener noreferrer\">Regulamento de Atividades Complementares<\/a><\/p>\n<p><a href=\"https:\/\/boletimoficial.ufms.br\/bse\/publicacao?id=476540\" target=\"_blank\" rel=\"noopener noreferrer\">Regulamento de Est\u00e1gios<\/a><\/p>\n<p><a href=\"https:\/\/boletimoficial.ufms.br\/bse\/publicacao?id=460873\" target=\"_blank\" rel=\"noopener noreferrer\">Regulamento de Atividades Orientadas de Ensino<\/a><\/p>\n","protected":false},"excerpt":{"rendered":"<p>Regulamento Geral da Gradua\u00e7\u00e3o Regulamento de Trabalho de Conclus\u00e3o de Curso (TCC) Regulamento de Atividades Complementares Regulamento de Est\u00e1gios Regulamento de Atividades Orientadas de Ensino<\/p>\n","protected":false},"author":651,"featured_media":0,"parent":69,"menu_order":0,"comment_status":"closed","ping_status":"closed","template":"","meta":{"ngg_post_thumbnail":0,"footnotes":""},"coauthors":[],"class_list":["post-150","page","type-page","status-publish","hentry"],"_links":{"self":[{"href":"https:\/\/infi.ufms.br\/en\/wp-json\/wp\/v2\/pages\/150","targetHints":{"allow":["GET"]}}],"collection":[{"href":"https:\/\/infi.ufms.br\/en\/wp-json\/wp\/v2\/pages"}],"about":[{"href":"https:\/\/infi.ufms.br\/en\/wp-json\/wp\/v2\/types\/page"}],"author":[{"embeddable":true,"href":"https:\/\/infi.ufms.br\/en\/wp-json\/wp\/v2\/users\/651"}],"replies":[{"embeddable":true,"href":"https:\/\/infi.ufms.br\/en\/wp-json\/wp\/v2\/comments?post=150"}],"version-history":[{"count":15,"href":"https:\/\/infi.ufms.br\/en\/wp-json\/wp\/v2\/pages\/150\/revisions"}],"predecessor-version":[{"id":4685,"href":"https:\/\/infi.ufms.br\/en\/wp-json\/wp\/v2\/pages\/150\/revisions\/4685"}],"up":[{"embeddable":true,"href":"https:\/\/infi.ufms.br\/en\/wp-json\/wp\/v2\/pages\/69"}],"wp:attachment":[{"href":"https:\/\/infi.ufms.br\/en\/wp-json\/wp\/v2\/media?parent=150"}],"wp:term":[{"taxonomy":"author","embeddable":true,"href":"https:\/\/infi.ufms.br\/en\/wp-json\/wp\/v2\/coauthors?post=150"}],"curies":[{"name":"wp","href":"https:\/\/api.w.org\/{rel}","templated":true}]}}