{"id":146,"date":"2016-07-29T14:06:07","date_gmt":"2016-07-29T18:06:07","guid":{"rendered":"http:\/\/infi.draconis.ufms.br\/?page_id=146"},"modified":"2024-09-24T20:17:47","modified_gmt":"2024-09-25T00:17:47","slug":"regulamentos-bacharelado","status":"publish","type":"page","link":"https:\/\/infi.ufms.br\/en\/fisica-bacharelado\/regulamentos-bacharelado\/","title":{"rendered":"Regulamentos Bacharelado"},"content":{"rendered":"<p><a href=\"https:\/\/boletimoficial.ufms.br\/bse\/publicacao?id=445057\" target=\"_blank\" rel=\"noopener noreferrer\"><span style=\"font-weight: 400\">Regulamento Geral da Gradua\u00e7\u00e3o<\/span><\/a><\/p>\n<p><a href=\"https:\/\/boletimoficial.ufms.br\/bse\/publicacao?id=460874\" target=\"_blank\" rel=\"noopener noreferrer\">Regulamento de Trabalho de Conclus\u00e3o de Curso<\/a> (TCC)<\/p>\n<p><a href=\"https:\/\/boletimoficial.ufms.br\/bse\/publicacao?id=481502\" target=\"_blank\" rel=\"noopener noreferrer\">Regulamento de Atividades Complementares<\/a><\/p>\n<p><a href=\"https:\/\/boletimoficial.ufms.br\/bse\/publicacao?id=460873\" target=\"_blank\" rel=\"noopener noreferrer\">Regulamento de Atividades Orientadas de Ensino<\/a><\/p>\n<p><a href=\"https:\/\/boletimoficial.ufms.br\/bse\/publicacao?id=476540\" target=\"_blank\" rel=\"noopener noreferrer\">Regulamento de Est\u00e1gios<\/a> (Est\u00e1gio n\u00e3o obrigat\u00f3rio)<\/p>\n<p><a href=\"https:\/\/infi.ufms.br\/files\/2024\/09\/Manual-de-apoio-a-producao-do-TCC.docx\" target=\"_blank\" rel=\"noopener noreferrer\">Manual de apoio \u00e0 produ\u00e7\u00e3o do TCC<\/a>\u00a0(formato docx)<\/p>\n","protected":false},"excerpt":{"rendered":"<p>Regulamento Geral da Gradua\u00e7\u00e3o Regulamento de Trabalho de Conclus\u00e3o de Curso (TCC) Regulamento de Atividades Complementares Regulamento de Atividades Orientadas de Ensino Regulamento de Est\u00e1gios (Est\u00e1gio n\u00e3o obrigat\u00f3rio) Manual de [&hellip;]<\/p>\n","protected":false},"author":651,"featured_media":0,"parent":66,"menu_order":0,"comment_status":"closed","ping_status":"closed","template":"","meta":{"ngg_post_thumbnail":0,"footnotes":""},"coauthors":[],"class_list":["post-146","page","type-page","status-publish","hentry"],"_links":{"self":[{"href":"https:\/\/infi.ufms.br\/en\/wp-json\/wp\/v2\/pages\/146","targetHints":{"allow":["GET"]}}],"collection":[{"href":"https:\/\/infi.ufms.br\/en\/wp-json\/wp\/v2\/pages"}],"about":[{"href":"https:\/\/infi.ufms.br\/en\/wp-json\/wp\/v2\/types\/page"}],"author":[{"embeddable":true,"href":"https:\/\/infi.ufms.br\/en\/wp-json\/wp\/v2\/users\/651"}],"replies":[{"embeddable":true,"href":"https:\/\/infi.ufms.br\/en\/wp-json\/wp\/v2\/comments?post=146"}],"version-history":[{"count":23,"href":"https:\/\/infi.ufms.br\/en\/wp-json\/wp\/v2\/pages\/146\/revisions"}],"predecessor-version":[{"id":4704,"href":"https:\/\/infi.ufms.br\/en\/wp-json\/wp\/v2\/pages\/146\/revisions\/4704"}],"up":[{"embeddable":true,"href":"https:\/\/infi.ufms.br\/en\/wp-json\/wp\/v2\/pages\/66"}],"wp:attachment":[{"href":"https:\/\/infi.ufms.br\/en\/wp-json\/wp\/v2\/media?parent=146"}],"wp:term":[{"taxonomy":"author","embeddable":true,"href":"https:\/\/infi.ufms.br\/en\/wp-json\/wp\/v2\/coauthors?post=146"}],"curies":[{"name":"wp","href":"https:\/\/api.w.org\/{rel}","templated":true}]}}