{"id":1416,"date":"2017-09-04T15:33:19","date_gmt":"2017-09-04T19:33:19","guid":{"rendered":"https:\/\/infi.ufms.br\/?page_id=1416"},"modified":"2017-09-04T15:33:19","modified_gmt":"2017-09-04T19:33:19","slug":"laboratorios","status":"publish","type":"page","link":"https:\/\/infi.ufms.br\/en\/gof\/laboratorios\/","title":{"rendered":"Laborat\u00f3rios"},"content":{"rendered":"<p>Laborat\u00f3rios do grupo de \u00f3ptica e fot\u00f4nica<\/p>\n","protected":false},"excerpt":{"rendered":"<p>Laborat\u00f3rios do grupo de \u00f3ptica e fot\u00f4nica<\/p>\n","protected":false},"author":651,"featured_media":0,"parent":174,"menu_order":0,"comment_status":"closed","ping_status":"closed","template":"","meta":{"ngg_post_thumbnail":0,"footnotes":""},"coauthors":[],"class_list":["post-1416","page","type-page","status-publish","hentry"],"_links":{"self":[{"href":"https:\/\/infi.ufms.br\/en\/wp-json\/wp\/v2\/pages\/1416","targetHints":{"allow":["GET"]}}],"collection":[{"href":"https:\/\/infi.ufms.br\/en\/wp-json\/wp\/v2\/pages"}],"about":[{"href":"https:\/\/infi.ufms.br\/en\/wp-json\/wp\/v2\/types\/page"}],"author":[{"embeddable":true,"href":"https:\/\/infi.ufms.br\/en\/wp-json\/wp\/v2\/users\/651"}],"replies":[{"embeddable":true,"href":"https:\/\/infi.ufms.br\/en\/wp-json\/wp\/v2\/comments?post=1416"}],"version-history":[{"count":2,"href":"https:\/\/infi.ufms.br\/en\/wp-json\/wp\/v2\/pages\/1416\/revisions"}],"predecessor-version":[{"id":1671,"href":"https:\/\/infi.ufms.br\/en\/wp-json\/wp\/v2\/pages\/1416\/revisions\/1671"}],"up":[{"embeddable":true,"href":"https:\/\/infi.ufms.br\/en\/wp-json\/wp\/v2\/pages\/174"}],"wp:attachment":[{"href":"https:\/\/infi.ufms.br\/en\/wp-json\/wp\/v2\/media?parent=1416"}],"wp:term":[{"taxonomy":"author","embeddable":true,"href":"https:\/\/infi.ufms.br\/en\/wp-json\/wp\/v2\/coauthors?post=1416"}],"curies":[{"name":"wp","href":"https:\/\/api.w.org\/{rel}","templated":true}]}}