{"id":1292,"date":"2017-08-04T10:19:13","date_gmt":"2017-08-04T14:19:13","guid":{"rendered":"https:\/\/infi.ufms.br\/?page_id=1292"},"modified":"2018-10-25T08:40:57","modified_gmt":"2018-10-25T12:40:57","slug":"formularios-do-curso","status":"publish","type":"page","link":"https:\/\/infi.ufms.br\/en\/doutoradoec\/formularios-do-curso\/","title":{"rendered":"Formul\u00e1rios do Curso"},"content":{"rendered":"<p>Plano de Estudos 2018.1<\/p>\n[gview file=&#8221;https:\/\/infi.ufms.br\/files\/2017\/08\/Plano-de-estudos-2018.1-2.doc&#8221;]\n<p>&nbsp;<\/p>\n<p>Modelo de Requerimento<\/p>\n[gview file=&#8221;https:\/\/infi.ufms.br\/files\/2017\/08\/MODELO-DE-REQUERIMENTO.doc&#8221;]\n<p>&nbsp;<\/p>\n<p>Formul\u00e1rio de inscri\u00e7\u00e3o &#8211; aluno visitante<\/p>\n[gview file=&#8221;https:\/\/infi.ufms.br\/files\/2017\/08\/Formul\u00e1rio-de-inscri\u00e7\u00e3o-para-Aluno-Visitante-1.doc&#8221;]\n<p>&nbsp;<\/p>\n<p>Modelo de Declara\u00e7\u00e3o de anu\u00eancia &#8211; aluno visitante<\/p>\n[gview file=&#8221;https:\/\/infi.ufms.br\/files\/2017\/08\/DECLARA\u00c7\u00c3O-DE-ANU\u00caNCIA-aluno-visitante-1.docx&#8221;]\n<p>&nbsp;<\/p>\n<p>&nbsp;<\/p>\n<p>Modelo de Projeto de Pesquisa<\/p>\n[gview file=&#8221;https:\/\/infi.ufms.br\/files\/2017\/08\/Modelo-do-Projeto-de-Pesquisa.doc&#8221;]\n","protected":false},"excerpt":{"rendered":"<p>Plano de Estudos 2018.1 [gview file=&#8221;https:\/\/infi.ufms.br\/files\/2017\/08\/Plano-de-estudos-2018.1-2.doc&#8221;] &nbsp; Modelo de Requerimento [gview file=&#8221;https:\/\/infi.ufms.br\/files\/2017\/08\/MODELO-DE-REQUERIMENTO.doc&#8221;] &nbsp; Formul\u00e1rio de inscri\u00e7\u00e3o &#8211; aluno visitante [gview file=&#8221;https:\/\/infi.ufms.br\/files\/2017\/08\/Formul\u00e1rio-de-inscri\u00e7\u00e3o-para-Aluno-Visitante-1.doc&#8221;] &nbsp; Modelo de Declara\u00e7\u00e3o de anu\u00eancia &#8211; aluno visitante [&hellip;]<\/p>\n","protected":false},"author":2866,"featured_media":0,"parent":199,"menu_order":0,"comment_status":"closed","ping_status":"closed","template":"","meta":{"ngg_post_thumbnail":0,"footnotes":""},"coauthors":[],"class_list":["post-1292","page","type-page","status-publish","hentry"],"_links":{"self":[{"href":"https:\/\/infi.ufms.br\/en\/wp-json\/wp\/v2\/pages\/1292","targetHints":{"allow":["GET"]}}],"collection":[{"href":"https:\/\/infi.ufms.br\/en\/wp-json\/wp\/v2\/pages"}],"about":[{"href":"https:\/\/infi.ufms.br\/en\/wp-json\/wp\/v2\/types\/page"}],"author":[{"embeddable":true,"href":"https:\/\/infi.ufms.br\/en\/wp-json\/wp\/v2\/users\/2866"}],"replies":[{"embeddable":true,"href":"https:\/\/infi.ufms.br\/en\/wp-json\/wp\/v2\/comments?post=1292"}],"version-history":[{"count":17,"href":"https:\/\/infi.ufms.br\/en\/wp-json\/wp\/v2\/pages\/1292\/revisions"}],"predecessor-version":[{"id":1857,"href":"https:\/\/infi.ufms.br\/en\/wp-json\/wp\/v2\/pages\/1292\/revisions\/1857"}],"up":[{"embeddable":true,"href":"https:\/\/infi.ufms.br\/en\/wp-json\/wp\/v2\/pages\/199"}],"wp:attachment":[{"href":"https:\/\/infi.ufms.br\/en\/wp-json\/wp\/v2\/media?parent=1292"}],"wp:term":[{"taxonomy":"author","embeddable":true,"href":"https:\/\/infi.ufms.br\/en\/wp-json\/wp\/v2\/coauthors?post=1292"}],"curies":[{"name":"wp","href":"https:\/\/api.w.org\/{rel}","templated":true}]}}