{"id":109,"date":"2016-06-02T16:33:38","date_gmt":"2016-06-02T20:33:38","guid":{"rendered":"http:\/\/infi.draconis.ufms.br\/?page_id=109"},"modified":"2019-04-09T08:46:39","modified_gmt":"2019-04-09T12:46:39","slug":"pgcm","status":"publish","type":"page","link":"https:\/\/infi.ufms.br\/en\/pgcm\/","title":{"rendered":"P\u00f3s-Gradua\u00e7\u00e3o em Ci\u00eancia dos Materiais"},"content":{"rendered":"<p>Esta p\u00e1gina foi movida para <a href=\"https:\/\/ppgcm.ufms.br\/\">ppgcm.ufms.br<\/a><\/p>\n","protected":false},"excerpt":{"rendered":"<p>Esta p\u00e1gina foi movida para ppgcm.ufms.br<\/p>\n","protected":false},"author":651,"featured_media":0,"parent":0,"menu_order":0,"comment_status":"closed","ping_status":"closed","template":"","meta":{"ngg_post_thumbnail":0,"footnotes":""},"coauthors":[],"class_list":["post-109","page","type-page","status-publish","hentry"],"_links":{"self":[{"href":"https:\/\/infi.ufms.br\/en\/wp-json\/wp\/v2\/pages\/109","targetHints":{"allow":["GET"]}}],"collection":[{"href":"https:\/\/infi.ufms.br\/en\/wp-json\/wp\/v2\/pages"}],"about":[{"href":"https:\/\/infi.ufms.br\/en\/wp-json\/wp\/v2\/types\/page"}],"author":[{"embeddable":true,"href":"https:\/\/infi.ufms.br\/en\/wp-json\/wp\/v2\/users\/651"}],"replies":[{"embeddable":true,"href":"https:\/\/infi.ufms.br\/en\/wp-json\/wp\/v2\/comments?post=109"}],"version-history":[{"count":8,"href":"https:\/\/infi.ufms.br\/en\/wp-json\/wp\/v2\/pages\/109\/revisions"}],"predecessor-version":[{"id":2979,"href":"https:\/\/infi.ufms.br\/en\/wp-json\/wp\/v2\/pages\/109\/revisions\/2979"}],"wp:attachment":[{"href":"https:\/\/infi.ufms.br\/en\/wp-json\/wp\/v2\/media?parent=109"}],"wp:term":[{"taxonomy":"author","embeddable":true,"href":"https:\/\/infi.ufms.br\/en\/wp-json\/wp\/v2\/coauthors?post=109"}],"curies":[{"name":"wp","href":"https:\/\/api.w.org\/{rel}","templated":true}]}}